{"id":1742,"date":"2022-06-27T08:42:16","date_gmt":"2022-06-27T08:42:16","guid":{"rendered":"https:\/\/www.igenium.ch\/sitemap\/"},"modified":"2024-06-24T14:49:06","modified_gmt":"2024-06-24T14:49:06","slug":"sitemap","status":"publish","type":"page","link":"https:\/\/www.igenium.ch\/de\/sitemap\/","title":{"rendered":"Seitenverzeichnis"},"content":{"rendered":"\n\n\n\n\n<section class=\"section--color-default section--align-wide-content section--padding-medium section\" id=\"\" style=\"\">\n    <div class=\"grid-container\">\n\n<h1 class=\"wp-block-heading\">Seitenverzeichnis<\/h1>\n\n\n<div class=\"wsp-container\"><h2 class=\"wsp-pages-title\">Pages<\/h2>\n<ul class=\"wsp-pages-list\">\n<li class=\"page_item page-item-1686 current_page_parent\"><a href=\"https:\/\/www.igenium.ch\/de\/aktuelles\/\">Aktuelles<\/a><\/li>\n<li class=\"page_item page-item-3042\"><a href=\"https:\/\/www.igenium.ch\/de\/bau-einer-schluesselfertigen-fabrik\/\">Bau einer schl\u00fcsselfertigen Fabrik<\/a><\/li>\n<li class=\"page_item page-item-3067\"><a href=\"https:\/\/www.igenium.ch\/de\/das-industrielle-audit-ein-hebel-zur-verbesserung-ihrer-produktionsanlage\/\">Das industrielle Audit: ein Hebel zur Verbesserung Ihrer Produktionsanlage.<\/a><\/li>\n<li class=\"page_item page-item-3051\"><a href=\"https:\/\/www.igenium.ch\/de\/das-management-von-industrieprojekten\/\">Das Management von Industrieprojekten<\/a><\/li>\n<li class=\"page_item page-item-3048\"><a href=\"https:\/\/www.igenium.ch\/de\/die-bim-modellierung\/\">Die BIM-Modellierung<\/a><\/li>\n<li class=\"page_item page-item-3045\"><a href=\"https:\/\/www.igenium.ch\/de\/die-fabrik-4-0-im-dienste-der-leistung\/\">Die Fabrik 4.0 im Dienste der Leistung\u00a0\u00a0<\/a><\/li>\n<li class=\"page_item page-item-3064\"><a href=\"https:\/\/www.igenium.ch\/de\/die-wichtigkeit-von-industriellem-revamping\/\">Die Wichtigkeit von industriellem Revamping<\/a><\/li>\n<li class=\"page_item page-item-6204\"><a href=\"https:\/\/www.igenium.ch\/de\/factorywise-erwecken-sie-die-daten-ihrer-fabrik-zum-leben\/\">FactoryWise \u2013 Erwecken Sie die Daten Ihrer Fabrik zum Leben.<\/a><\/li>\n<li class=\"page_item page-item-3053\"><a href=\"https:\/\/www.igenium.ch\/de\/industrie-5-0-die-industrie-4-0-um-eine-menschliche-dimension-erweitern\/\">Industrie 5.0: Die Industrie 4.0 um eine menschliche Dimension erweitern\u00a0\u00a0<\/a><\/li>\n<li class=\"page_item page-item-1724\"><a href=\"https:\/\/www.igenium.ch\/de\/kontaktaufnahme\/\">KONTAKTAUFNAHME\u00a0<\/a><\/li>\n<li class=\"page_item page-item-1732\"><a href=\"https:\/\/www.igenium.ch\/de\/rechtliche-hinweise\/\">RECHTLICHE HINWEISE<\/a><\/li>\n<li class=\"page_item page-item-1742\"><a href=\"https:\/\/www.igenium.ch\/de\/sitemap\/\">Seitenverzeichnis<\/a><\/li>\n<li class=\"page_item page-item-1662\"><a href=\"https:\/\/www.igenium.ch\/de\/\">Startseite<\/a><\/li>\n<li class=\"page_item page-item-1663\"><a href=\"https:\/\/www.igenium.ch\/de\/ueber-uns\/\">\u00dcber uns<\/a><\/li>\n<li class=\"page_item page-item-1682\"><a href=\"https:\/\/www.igenium.ch\/de\/unser-know-how\/\">Unser Know-how<\/a><\/li>\n<li class=\"page_item page-item-1735\"><a href=\"https:\/\/www.igenium.ch\/de\/vertraulichkeitspolitik\/\">Vertraulichkeitspolitik<\/a><\/li>\n<li class=\"page_item page-item-3061\"><a href=\"https:\/\/www.igenium.ch\/de\/was-ist-retrofit-in-der-industrie\/\">Was ist Retrofit in der Industrie?<\/a><\/li>\n<li class=\"page_item page-item-3058\"><a href=\"https:\/\/www.igenium.ch\/de\/wie-kann-man-die-ausruestung-seiner-fabrik-modernisieren\/\">Wie kann man die Ausr\u00fcstung seiner Fabrik modernisieren?<\/a><\/li>\n<li class=\"page_item page-item-3056\"><a href=\"https:\/\/www.igenium.ch\/de\/wie-kann-man-die-produktion-seiner-fabrik-optimieren\/\">Wie kann man die Produktion seiner Fabrik optimieren?<\/a><\/li>\n<\/ul>\n<h2 class=\"wsp-posts-title\">Posts by category<\/h2>\n<ul class=\"wsp-posts-list\">\n\t<li><strong class=\"wsp-category-title\">Category: <a href=\"https:\/\/www.igenium.ch\/de\/category\/aktuelles\/\">Aktuelles<\/a><\/strong>\n<ul class=\"wsp-posts-list\">\t\t<li class=\"wsp-post\"><a href=\"https:\/\/www.igenium.ch\/de\/willkommen-in-der-neuen-aera-von-igenium\/\">Willkommen in der neuen \u00c4ra von Igenium<\/a><\/li>\n<\/ul><\/li>\n\t<li><strong class=\"wsp-category-title\">Category: <a href=\"https:\/\/www.igenium.ch\/de\/category\/perspektiven\/\">Perspektiven<\/a><\/strong>\n<ul class=\"wsp-posts-list\">\t\t<li class=\"wsp-post\"><a href=\"https:\/\/www.igenium.ch\/de\/extrusionsprozess-die-wichtigsten-eigenschaften-von-faserproteinen\/\">EXTRUSIONSPROZESS: DIE WICHTIGSTEN EIGENSCHAFTEN VON FASERPROTEINEN\u00a0<\/a><\/li>\n<\/ul><\/li>\n<\/ul>\n<h2 class=\"wsp-references-title\">Fallstudien<\/h2>\n<ul class=\"wsp-references-list\">\n<li><a href=\"https:\/\/www.igenium.ch\/de\/fallstudien\/3d-scan-unverzichtbar-fuer-eine-leistungsstarke-und-kontrollierte-industrielle-renovierung\/\">3D-Scan \u2013 unverzichtbar f\u00fcr eine leistungsstarke und kontrollierte industrielle Renovierung.<\/a><\/li>\n<li><a href=\"https:\/\/www.igenium.ch\/de\/fallstudien\/nespresso-switzerland\/\">NESPRESSO SWITZERLAND<\/a><\/li>\n<li><a href=\"https:\/\/www.igenium.ch\/de\/fallstudien\/sabarot\/\">SABAROT<\/a><\/li>\n<li><a href=\"https:\/\/www.igenium.ch\/de\/fallstudien\/nescafe\/\">Nestl\u00e9 \/ Nescaf\u00e9<\/a><\/li>\n<li><a href=\"https:\/\/www.igenium.ch\/de\/fallstudien\/kabellose-iot-sensoren\/\">KABELLOSE IOT-SENSOREN<\/a><\/li>\n<li><a href=\"https:\/\/www.igenium.ch\/de\/fallstudien\/kabellose-radar-fullstandsensoren-im-seveso-werk-iot-4-0\/\">KABELLOSE RADAR-F\u00dcLLSTANDSENSOREN IM SEVESO-WERK \u2013 IOT 4.0\u00a0<\/a><\/li>\n<li><a href=\"https:\/\/www.igenium.ch\/de\/fallstudien\/anlage-fur-die-behandlung-der-flussigkeiten-fur-eine-fabrik-fur-pizzateig\/\">ANLAGE F\u00dcR DIE BEHANDLUNG DER FL\u00dcSSIGKEITEN F\u00dcR EINE FABRIK F\u00dcR PIZZATEIG\u00a0<\/a><\/li>\n<li><a href=\"https:\/\/www.igenium.ch\/de\/fallstudien\/anlage-fuer-das-temperieren-und-dosieren-von-paste\/\">ANLAGE F\u00dcR DAS TEMPERIEREN UND DOSIEREN VON PASTE\u00a0<\/a><\/li>\n<li><a href=\"https:\/\/www.igenium.ch\/de\/fallstudien\/werk-fur-die-herstellung-von-senf-2\/\">WERK F\u00dcR DIE HERSTELLUNG VON SENF\u00a0<\/a><\/li>\n<li><a href=\"https:\/\/www.igenium.ch\/de\/fallstudien\/werk-fuer-die-verpackung-von-huelsenfruechten\/\">WERK F\u00dcR DIE VERPACKUNG VON H\u00dcLSENFR\u00dcCHTEN\u00a0<\/a><\/li>\n<li><a href=\"https:\/\/www.igenium.ch\/de\/fallstudien\/kobotik-industrie-5-0\/\">KOBOTIK \u2013 INDUSTRIE 5.0\u00a0<\/a><\/li>\n<li><a href=\"https:\/\/www.igenium.ch\/de\/fallstudien\/mayonnaisefabrik\/\">MAYONNAISEFABRIK<\/a><\/li>\n<li><a href=\"https:\/\/www.igenium.ch\/de\/fallstudien\/extrusionsprozess-handhabung-und-vorbereitung-der-materialien\/\">EXTRUSIONSPROZESS, HANDHABUNG UND VORBEREITUNG DER MATERIALIEN<\/a><\/li>\n<li><a href=\"https:\/\/www.igenium.ch\/de\/fallstudien\/werk-fur-die-herstellung-von-senf\/\">WERK F\u00dcR DIE HERSTELLUNG VON SENF\u00a0<\/a><\/li>\n<li><a href=\"https:\/\/www.igenium.ch\/de\/fallstudien\/schokoladencompounds\/\">SCHOKOLADENCOMPOUNDS<\/a><\/li>\n<li><a href=\"https:\/\/www.igenium.ch\/de\/fallstudien\/packing-palletizing-solution-with-agvs\/\">Packing &amp; palletizing solution with AGVs<\/a><\/li>\n<li><a href=\"https:\/\/www.igenium.ch\/de\/fallstudien\/vollstaendige-automatisierte-vormischanlage\/\">VOLLST\u00c4NDIGE AUTOMATISIERTE VORMISCHANLAGE<\/a><\/li>\n<\/ul>\n<h2 class=\"wsp-reference-categorys-title\">Categories<\/h2>\n<ul class=\"wsp-reference-categorys-list\">\n<li><a href=\"https:\/\/www.igenium.ch\/de\/reference-category\/expertise-im-bereich-der-beratung-und-des-engineering\/\">Expertise im Bereich der Beratung und des Engineering<\/a><\/li>\n<li><a href=\"https:\/\/www.igenium.ch\/de\/reference-category\/iot-industrie-4-0-de\/\">IoT &amp; Industrie 4.0<\/a><\/li>\n<li><a href=\"https:\/\/www.igenium.ch\/de\/reference-category\/schluesselfertige-projekte\/\">Schl\u00fcsselfertige Projekte<\/a><\/li>\n<\/ul>\n<\/div>\n\n<\/div>\n<\/section>\n","protected":false},"excerpt":{"rendered":"<p>Seitenverzeichnis<\/p>\n","protected":false},"author":1,"featured_media":0,"parent":0,"menu_order":0,"comment_status":"closed","ping_status":"closed","template":"","meta":{"_acf_changed":false,"inline_featured_image":false,"footnotes":""},"class_list":["post-1742","page","type-page","status-publish","hentry"],"acf":[],"yoast_head":"<!-- This site is optimized with the Yoast SEO plugin v25.7 - https:\/\/yoast.com\/wordpress\/plugins\/seo\/ -->\n<title>Seitenverzeichnis - Igenium<\/title>\n<meta name=\"description\" content=\"Seitenverzeichnis\" \/>\n<meta name=\"robots\" content=\"index, follow, max-snippet:-1, max-image-preview:large, max-video-preview:-1\" \/>\n<link rel=\"canonical\" href=\"https:\/\/www.igenium.ch\/de\/sitemap\/\" \/>\n<meta property=\"og:locale\" content=\"de_DE\" \/>\n<meta property=\"og:type\" content=\"article\" \/>\n<meta property=\"og:title\" content=\"Seitenverzeichnis - Igenium\" \/>\n<meta property=\"og:description\" content=\"Seitenverzeichnis\" \/>\n<meta property=\"og:url\" content=\"https:\/\/www.igenium.ch\/de\/sitemap\/\" \/>\n<meta property=\"og:site_name\" content=\"Igenium\" \/>\n<meta property=\"article:modified_time\" content=\"2024-06-24T14:49:06+00:00\" \/>\n<meta name=\"twitter:card\" content=\"summary_large_image\" \/>\n<meta name=\"twitter:label1\" content=\"Est. reading time\" \/>\n\t<meta name=\"twitter:data1\" content=\"1 minute\" \/>\n<script type=\"application\/ld+json\" class=\"yoast-schema-graph\">{\"@context\":\"https:\/\/schema.org\",\"@graph\":[{\"@type\":\"WebPage\",\"@id\":\"https:\/\/www.igenium.ch\/de\/sitemap\/\",\"url\":\"https:\/\/www.igenium.ch\/de\/sitemap\/\",\"name\":\"Seitenverzeichnis - Igenium\",\"isPartOf\":{\"@id\":\"https:\/\/www.igenium.ch\/de\/#website\"},\"datePublished\":\"2022-06-27T08:42:16+00:00\",\"dateModified\":\"2024-06-24T14:49:06+00:00\",\"description\":\"Seitenverzeichnis\",\"breadcrumb\":{\"@id\":\"https:\/\/www.igenium.ch\/de\/sitemap\/#breadcrumb\"},\"inLanguage\":\"de-DE\",\"potentialAction\":[{\"@type\":\"ReadAction\",\"target\":[\"https:\/\/www.igenium.ch\/de\/sitemap\/\"]}]},{\"@type\":\"BreadcrumbList\",\"@id\":\"https:\/\/www.igenium.ch\/de\/sitemap\/#breadcrumb\",\"itemListElement\":[{\"@type\":\"ListItem\",\"position\":1,\"name\":\"Home\",\"item\":\"https:\/\/www.igenium.ch\/de\/\"},{\"@type\":\"ListItem\",\"position\":2,\"name\":\"Seitenverzeichnis\"}]},{\"@type\":\"WebSite\",\"@id\":\"https:\/\/www.igenium.ch\/de\/#website\",\"url\":\"https:\/\/www.igenium.ch\/de\/\",\"name\":\"Igenium\",\"description\":\"\",\"publisher\":{\"@id\":\"https:\/\/www.igenium.ch\/de\/#organization\"},\"potentialAction\":[{\"@type\":\"SearchAction\",\"target\":{\"@type\":\"EntryPoint\",\"urlTemplate\":\"https:\/\/www.igenium.ch\/de\/?s={search_term_string}\"},\"query-input\":{\"@type\":\"PropertyValueSpecification\",\"valueRequired\":true,\"valueName\":\"search_term_string\"}}],\"inLanguage\":\"de-DE\"},{\"@type\":\"Organization\",\"@id\":\"https:\/\/www.igenium.ch\/de\/#organization\",\"name\":\"Igenium - IFPC\",\"url\":\"https:\/\/www.igenium.ch\/de\/\",\"logo\":{\"@type\":\"ImageObject\",\"inLanguage\":\"de-DE\",\"@id\":\"https:\/\/www.igenium.ch\/de\/#\/schema\/logo\/image\/\",\"url\":\"https:\/\/www.igenium.ch\/app\/uploads\/2022\/06\/logo.svg\",\"contentUrl\":\"https:\/\/www.igenium.ch\/app\/uploads\/2022\/06\/logo.svg\",\"width\":167,\"height\":130,\"caption\":\"Igenium - IFPC\"},\"image\":{\"@id\":\"https:\/\/www.igenium.ch\/de\/#\/schema\/logo\/image\/\"}}]}<\/script>\n<!-- \/ Yoast SEO plugin. -->","yoast_head_json":{"title":"Seitenverzeichnis - Igenium","description":"Seitenverzeichnis","robots":{"index":"index","follow":"follow","max-snippet":"max-snippet:-1","max-image-preview":"max-image-preview:large","max-video-preview":"max-video-preview:-1"},"canonical":"https:\/\/www.igenium.ch\/de\/sitemap\/","og_locale":"de_DE","og_type":"article","og_title":"Seitenverzeichnis - Igenium","og_description":"Seitenverzeichnis","og_url":"https:\/\/www.igenium.ch\/de\/sitemap\/","og_site_name":"Igenium","article_modified_time":"2024-06-24T14:49:06+00:00","twitter_card":"summary_large_image","twitter_misc":{"Est. reading time":"1 minute"},"schema":{"@context":"https:\/\/schema.org","@graph":[{"@type":"WebPage","@id":"https:\/\/www.igenium.ch\/de\/sitemap\/","url":"https:\/\/www.igenium.ch\/de\/sitemap\/","name":"Seitenverzeichnis - Igenium","isPartOf":{"@id":"https:\/\/www.igenium.ch\/de\/#website"},"datePublished":"2022-06-27T08:42:16+00:00","dateModified":"2024-06-24T14:49:06+00:00","description":"Seitenverzeichnis","breadcrumb":{"@id":"https:\/\/www.igenium.ch\/de\/sitemap\/#breadcrumb"},"inLanguage":"de-DE","potentialAction":[{"@type":"ReadAction","target":["https:\/\/www.igenium.ch\/de\/sitemap\/"]}]},{"@type":"BreadcrumbList","@id":"https:\/\/www.igenium.ch\/de\/sitemap\/#breadcrumb","itemListElement":[{"@type":"ListItem","position":1,"name":"Home","item":"https:\/\/www.igenium.ch\/de\/"},{"@type":"ListItem","position":2,"name":"Seitenverzeichnis"}]},{"@type":"WebSite","@id":"https:\/\/www.igenium.ch\/de\/#website","url":"https:\/\/www.igenium.ch\/de\/","name":"Igenium","description":"","publisher":{"@id":"https:\/\/www.igenium.ch\/de\/#organization"},"potentialAction":[{"@type":"SearchAction","target":{"@type":"EntryPoint","urlTemplate":"https:\/\/www.igenium.ch\/de\/?s={search_term_string}"},"query-input":{"@type":"PropertyValueSpecification","valueRequired":true,"valueName":"search_term_string"}}],"inLanguage":"de-DE"},{"@type":"Organization","@id":"https:\/\/www.igenium.ch\/de\/#organization","name":"Igenium - IFPC","url":"https:\/\/www.igenium.ch\/de\/","logo":{"@type":"ImageObject","inLanguage":"de-DE","@id":"https:\/\/www.igenium.ch\/de\/#\/schema\/logo\/image\/","url":"https:\/\/www.igenium.ch\/app\/uploads\/2022\/06\/logo.svg","contentUrl":"https:\/\/www.igenium.ch\/app\/uploads\/2022\/06\/logo.svg","width":167,"height":130,"caption":"Igenium - IFPC"},"image":{"@id":"https:\/\/www.igenium.ch\/de\/#\/schema\/logo\/image\/"}}]}},"_links":{"self":[{"href":"https:\/\/www.igenium.ch\/de\/wp-json\/wp\/v2\/pages\/1742","targetHints":{"allow":["GET"]}}],"collection":[{"href":"https:\/\/www.igenium.ch\/de\/wp-json\/wp\/v2\/pages"}],"about":[{"href":"https:\/\/www.igenium.ch\/de\/wp-json\/wp\/v2\/types\/page"}],"author":[{"embeddable":true,"href":"https:\/\/www.igenium.ch\/de\/wp-json\/wp\/v2\/users\/1"}],"replies":[{"embeddable":true,"href":"https:\/\/www.igenium.ch\/de\/wp-json\/wp\/v2\/comments?post=1742"}],"version-history":[{"count":3,"href":"https:\/\/www.igenium.ch\/de\/wp-json\/wp\/v2\/pages\/1742\/revisions"}],"predecessor-version":[{"id":3429,"href":"https:\/\/www.igenium.ch\/de\/wp-json\/wp\/v2\/pages\/1742\/revisions\/3429"}],"wp:attachment":[{"href":"https:\/\/www.igenium.ch\/de\/wp-json\/wp\/v2\/media?parent=1742"}],"curies":[{"name":"wp","href":"https:\/\/api.w.org\/{rel}","templated":true}]}}