{"id":3045,"date":"2024-02-29T10:58:38","date_gmt":"2024-02-29T10:58:38","guid":{"rendered":"https:\/\/www.igenium.ch\/?page_id=3045"},"modified":"2024-06-24T14:48:21","modified_gmt":"2024-06-24T14:48:21","slug":"die-fabrik-4-0-im-dienste-der-leistung","status":"publish","type":"page","link":"https:\/\/www.igenium.ch\/de\/die-fabrik-4-0-im-dienste-der-leistung\/","title":{"rendered":"Die Fabrik 4.0 im Dienste der Leistung\u00a0\u00a0"},"content":{"rendered":"\n\n\n\n\n<section class=\"section--color-default section--align-wide-content section--padding-medium section\" id=\"\" style=\"\">\n    <div class=\"grid-container\">\n\n<div class=\"wp-block-columns is-layout-flex wp-container-core-columns-is-layout-9d6595d7 wp-block-columns-is-layout-flex\">\n<div class=\"wp-block-column is-layout-flow wp-block-column-is-layout-flow\">\n<h1 class=\"wp-block-heading\"><strong>Die Fabrik 4.0 im Dienste der Leistung<\/strong><\/h1>\n\n\n\n<p>Die industrielle Welt erlebt heute mit dem Aufkommen der Industrie 4.0 eine beispiellose Revolution. Diese neue Generation von Fabriken, die auch als<strong> Fabrik 4.0 oder Factory 4.0 <\/strong>bezeichnet wird, beruht auf der Integration digitaler Technologien in die Anlagen, um deren Leistung zu steigern und den aktuellen Herausforderungen der Unternehmen gerecht zu werden.&nbsp;&nbsp;<\/p>\n\n\n\n<h2 class=\"wp-block-heading\">Was ist Industrie 4.0?&nbsp;&nbsp;<\/h2>\n\n\n\n<p><strong>Industrie 4.0<\/strong>, auch als Industrie der Zukunft bezeichnet, bezeichnet die vierte industrielle Revolution, die auf der Informatisierung und Automatisierung von Produktionsprozessen beruht. Diese neue technologische Entwicklung zielt darauf ab, die Effizienz und Leistungsf\u00e4higkeit von Fabriken zu steigern. Durch die Einf\u00fchrung dieser neuen Produktionsmethoden wollen die Unternehmen ihre Wettbewerbsf\u00e4higkeit und Produktivit\u00e4t steigern.&nbsp;&nbsp;<\/p>\n\n\n\n<h3 class=\"wp-block-heading\">Was sind die Eckpfeiler?&nbsp;&nbsp;<\/h3>\n\n\n\n<p>Eine Fabrik 4.0 st\u00fctzt sich auf mehrere S\u00e4ulen:&nbsp;&nbsp;<\/p>\n\n\n\n<ul class=\"wp-block-list\">\n<li><strong>Die Digitalisierung<\/strong> der Planungs und Produktionswerkzeuge, die den Datenaustausch in Echtzeit zwischen den verschiedenen am Herstellungsprozess beteiligten Akteuren erm\u00f6glicht.&nbsp;&nbsp;<\/li>\n\n\n\n<li><strong>Die Vernetzung<\/strong> von Maschinen und Anlagen, um die Kommunikation zwischen den verschiedenen Elementen des Produktionssystems zu erleichtern und die Nutzung der Ressourcen zu optimieren.&nbsp;&nbsp;<\/li>\n\n\n\n<li><strong>Die Robotisierung <\/strong>von Aufgaben durch den Einsatz von Robotern, die mit Menschen zusammenarbeiten und komplexe und pr\u00e4zise Arbeitsschritte ausf\u00fchren k\u00f6nnen.&nbsp;<\/li>\n\n\n\n<li><strong>K\u00fcnstliche Intelligenz<\/strong>, die es Unternehmen u. a. erm\u00f6glicht, Bed\u00fcrfnisse besser vorherzusehen, die Lagerverwaltung zu optimieren und fundierte Entscheidungen auf der Grundlage von realen Daten zu treffen.&nbsp;&nbsp;<\/li>\n\n\n\n<li><strong>Cyber-physische Systeme<\/strong>, die in der Lage sind, die Eigenschaften physischer Objekte und Prozesse zu \u00fcberwachen und zu analysieren, um deren Betrieb durch digitale Steuerung zu verbessern.&nbsp;<\/li>\n<\/ul>\n\n\n\n<h2 class=\"wp-block-heading\">Die wichtigsten Vorteile einer Fabrik 4.0&nbsp;&nbsp;<\/h2>\n\n\n\n<p>Diese Produktionsweise einzuf\u00fchren bedeutet f\u00fcr Unternehmen mehrere Vorteile:&nbsp;&nbsp;<\/p>\n\n\n\n<ul class=\"wp-block-list\">\n<li><strong>Die Steigerung der Produktivit\u00e4t<\/strong> durch eine bessere Synchronisierung der Produktionsketten und die schnelle Erkennung von Anomalien.&nbsp;&nbsp;<\/li>\n\n\n\n<li><strong>Die Senkung der Produktionskosten<\/strong> dank einer optimierten Wartung und der Kontrolle des Energieverbrauchs.&nbsp;&nbsp;<\/li>\n\n\n\n<li><strong>Die Flexibilit\u00e4t der Produktion<\/strong>, die eine schnelle Anpassung an Marktver\u00e4nderungen erm\u00f6glicht.&nbsp;&nbsp;<\/li>\n\n\n\n<li><strong>Die Qualit\u00e4t <\/strong>der Produkte dank einer genaueren Kontrolle in Echtzeit, wodurch Ausf\u00e4lle reduziert werden.&nbsp;&nbsp;<\/li>\n\n\n\n<li><strong>Die Verbesserung der Arbeitsbedingungen<\/strong>, da bestimmte sich wiederholende und f\u00fcr den Menschen belastende Aufgaben wegfallen.<\/li>\n<\/ul>\n<\/div>\n\n\n\n<div class=\"wp-block-column is-layout-flow wp-block-column-is-layout-flow\">\n<figure class=\"wp-block-image size-large\"><img loading=\"lazy\" decoding=\"async\" width=\"894\" height=\"1024\" src=\"https:\/\/www.igenium.ch\/app\/uploads\/2022\/06\/consulting_engineering_expertise-894x1024.jpg\" alt=\"consulting engineering expertise\" class=\"wp-image-67\" srcset=\"https:\/\/www.igenium.ch\/app\/uploads\/2022\/06\/consulting_engineering_expertise-894x1024.jpg 894w, https:\/\/www.igenium.ch\/app\/uploads\/2022\/06\/consulting_engineering_expertise-262x300.jpg 262w, https:\/\/www.igenium.ch\/app\/uploads\/2022\/06\/consulting_engineering_expertise-768x880.jpg 768w, https:\/\/www.igenium.ch\/app\/uploads\/2022\/06\/consulting_engineering_expertise.jpg 960w\" sizes=\"auto, (max-width: 894px) 100vw, 894px\" \/><\/figure>\n\n\n\n<h2 class=\"wp-block-heading\">Herausforderungen bei der Integration von Factory 4.0&nbsp;&nbsp;<\/h2>\n\n\n\n<p>Trotz zahlreicher Vorteile ist es wichtig, sich vor Augen zu halten, dass die Einf\u00fchrung einer Fabrik 4.0 auch die Bew\u00e4ltigung mehrerer Herausforderungen erfordert.&nbsp;&nbsp;<\/p>\n\n\n\n<p>Die Einf\u00fchrung neuer Technologien erfordert <strong>hohe Investitionen<\/strong>, die f\u00fcr einige Unternehmen, insbesondere f\u00fcr KMU und Kleinstunternehmen, schwer zug\u00e4nglich sind. Parallel dazu muss Personal mit den entsprechenden Kompetenzen ausgebildet und eingestellt werden, um die Systeme, Robotertechnologien usw. zu beherrschen. Dar\u00fcber hinaus ist eine vernetzte Fabrik auch anf\u00e4lliger f\u00fcr Cyberangriffe, sodass es wichtig ist, <strong>Strategien f\u00fcr die Cybersicherheit<\/strong> zu entwickeln, um die Daten und das Produktionssystem zu sch\u00fctzen. Schlie\u00dflich ist es von gr\u00f6\u00dfter Bedeutung, die Einhaltung der aktuellen Normen und Vorschriften zu gew\u00e4hrleisten, insbesondere in Bezug auf den Schutz der Arbeitnehmer und die Qualit\u00e4t der Produkte.&nbsp;<\/p>\n<\/div>\n<\/div>\n\n<\/div>\n<\/section>\n","protected":false},"excerpt":{"rendered":"<p>Diese neue Generation von Fabriken, die auch als Fabrik 4.0 oder Factory 4.0 bezeichnet wird, beruht auf der Integration digitaler Technologien in die Anlagen, um deren Leistung zu steigern und den aktuellen Herausforderungen der Unternehmen gerecht zu werden.<\/p>\n","protected":false},"author":1,"featured_media":0,"parent":0,"menu_order":0,"comment_status":"closed","ping_status":"closed","template":"","meta":{"_acf_changed":false,"inline_featured_image":false,"footnotes":""},"class_list":["post-3045","page","type-page","status-publish","hentry"],"acf":[],"yoast_head":"<!-- This site is optimized with the Yoast SEO plugin v25.7 - https:\/\/yoast.com\/wordpress\/plugins\/seo\/ -->\n<title>Die Fabrik 4.0 im Dienste der Leistung\u00a0\u00a0 - Igenium<\/title>\n<meta name=\"description\" content=\"Diese neue Generation von Fabriken, die auch als Fabrik 4.0 oder Factory 4.0 bezeichnet wird, beruht auf der Integration digitaler Technologien in die Anlagen, um deren Leistung zu steigern und den aktuellen Herausforderungen der Unternehmen gerecht zu werden.\" \/>\n<meta name=\"robots\" content=\"index, follow, max-snippet:-1, max-image-preview:large, max-video-preview:-1\" \/>\n<link rel=\"canonical\" href=\"https:\/\/www.igenium.ch\/de\/die-fabrik-4-0-im-dienste-der-leistung\/\" \/>\n<meta property=\"og:locale\" content=\"de_DE\" \/>\n<meta property=\"og:type\" content=\"article\" \/>\n<meta property=\"og:title\" content=\"Die Fabrik 4.0 im Dienste der Leistung\u00a0\u00a0 - Igenium\" \/>\n<meta property=\"og:description\" content=\"Diese neue Generation von Fabriken, die auch als Fabrik 4.0 oder Factory 4.0 bezeichnet wird, beruht auf der Integration digitaler Technologien in die Anlagen, um deren Leistung zu steigern und den aktuellen Herausforderungen der Unternehmen gerecht zu werden.\" \/>\n<meta property=\"og:url\" content=\"https:\/\/www.igenium.ch\/de\/die-fabrik-4-0-im-dienste-der-leistung\/\" \/>\n<meta property=\"og:site_name\" content=\"Igenium\" \/>\n<meta property=\"article:modified_time\" content=\"2024-06-24T14:48:21+00:00\" \/>\n<meta property=\"og:image\" content=\"https:\/\/www.igenium.ch\/app\/uploads\/2022\/06\/consulting_engineering_expertise-894x1024.jpg\" \/>\n<meta name=\"twitter:card\" content=\"summary_large_image\" \/>\n<meta name=\"twitter:label1\" content=\"Est. reading time\" \/>\n\t<meta name=\"twitter:data1\" content=\"3 minutes\" \/>\n<script type=\"application\/ld+json\" class=\"yoast-schema-graph\">{\"@context\":\"https:\/\/schema.org\",\"@graph\":[{\"@type\":\"WebPage\",\"@id\":\"https:\/\/www.igenium.ch\/de\/die-fabrik-4-0-im-dienste-der-leistung\/\",\"url\":\"https:\/\/www.igenium.ch\/de\/die-fabrik-4-0-im-dienste-der-leistung\/\",\"name\":\"Die Fabrik 4.0 im Dienste der Leistung\u00a0\u00a0 - Igenium\",\"isPartOf\":{\"@id\":\"https:\/\/www.igenium.ch\/de\/#website\"},\"primaryImageOfPage\":{\"@id\":\"https:\/\/www.igenium.ch\/de\/die-fabrik-4-0-im-dienste-der-leistung\/#primaryimage\"},\"image\":{\"@id\":\"https:\/\/www.igenium.ch\/de\/die-fabrik-4-0-im-dienste-der-leistung\/#primaryimage\"},\"thumbnailUrl\":\"https:\/\/www.igenium.ch\/app\/uploads\/2022\/06\/consulting_engineering_expertise-894x1024.jpg\",\"datePublished\":\"2024-02-29T10:58:38+00:00\",\"dateModified\":\"2024-06-24T14:48:21+00:00\",\"description\":\"Diese neue Generation von Fabriken, die auch als Fabrik 4.0 oder Factory 4.0 bezeichnet wird, beruht auf der Integration digitaler Technologien in die Anlagen, um deren Leistung zu steigern und den aktuellen Herausforderungen der Unternehmen gerecht zu werden.\",\"breadcrumb\":{\"@id\":\"https:\/\/www.igenium.ch\/de\/die-fabrik-4-0-im-dienste-der-leistung\/#breadcrumb\"},\"inLanguage\":\"de-DE\",\"potentialAction\":[{\"@type\":\"ReadAction\",\"target\":[\"https:\/\/www.igenium.ch\/de\/die-fabrik-4-0-im-dienste-der-leistung\/\"]}]},{\"@type\":\"ImageObject\",\"inLanguage\":\"de-DE\",\"@id\":\"https:\/\/www.igenium.ch\/de\/die-fabrik-4-0-im-dienste-der-leistung\/#primaryimage\",\"url\":\"https:\/\/www.igenium.ch\/app\/uploads\/2022\/06\/consulting_engineering_expertise-894x1024.jpg\",\"contentUrl\":\"https:\/\/www.igenium.ch\/app\/uploads\/2022\/06\/consulting_engineering_expertise-894x1024.jpg\"},{\"@type\":\"BreadcrumbList\",\"@id\":\"https:\/\/www.igenium.ch\/de\/die-fabrik-4-0-im-dienste-der-leistung\/#breadcrumb\",\"itemListElement\":[{\"@type\":\"ListItem\",\"position\":1,\"name\":\"Home\",\"item\":\"https:\/\/www.igenium.ch\/de\/\"},{\"@type\":\"ListItem\",\"position\":2,\"name\":\"Die Fabrik 4.0 im Dienste der Leistung\u00a0\u00a0\"}]},{\"@type\":\"WebSite\",\"@id\":\"https:\/\/www.igenium.ch\/de\/#website\",\"url\":\"https:\/\/www.igenium.ch\/de\/\",\"name\":\"Igenium\",\"description\":\"\",\"publisher\":{\"@id\":\"https:\/\/www.igenium.ch\/de\/#organization\"},\"potentialAction\":[{\"@type\":\"SearchAction\",\"target\":{\"@type\":\"EntryPoint\",\"urlTemplate\":\"https:\/\/www.igenium.ch\/de\/?s={search_term_string}\"},\"query-input\":{\"@type\":\"PropertyValueSpecification\",\"valueRequired\":true,\"valueName\":\"search_term_string\"}}],\"inLanguage\":\"de-DE\"},{\"@type\":\"Organization\",\"@id\":\"https:\/\/www.igenium.ch\/de\/#organization\",\"name\":\"Igenium - IFPC\",\"url\":\"https:\/\/www.igenium.ch\/de\/\",\"logo\":{\"@type\":\"ImageObject\",\"inLanguage\":\"de-DE\",\"@id\":\"https:\/\/www.igenium.ch\/de\/#\/schema\/logo\/image\/\",\"url\":\"https:\/\/www.igenium.ch\/app\/uploads\/2022\/06\/logo.svg\",\"contentUrl\":\"https:\/\/www.igenium.ch\/app\/uploads\/2022\/06\/logo.svg\",\"width\":167,\"height\":130,\"caption\":\"Igenium - IFPC\"},\"image\":{\"@id\":\"https:\/\/www.igenium.ch\/de\/#\/schema\/logo\/image\/\"}}]}<\/script>\n<!-- \/ Yoast SEO plugin. -->","yoast_head_json":{"title":"Die Fabrik 4.0 im Dienste der Leistung\u00a0\u00a0 - Igenium","description":"Diese neue Generation von Fabriken, die auch als Fabrik 4.0 oder Factory 4.0 bezeichnet wird, beruht auf der Integration digitaler Technologien in die Anlagen, um deren Leistung zu steigern und den aktuellen Herausforderungen der Unternehmen gerecht zu werden.","robots":{"index":"index","follow":"follow","max-snippet":"max-snippet:-1","max-image-preview":"max-image-preview:large","max-video-preview":"max-video-preview:-1"},"canonical":"https:\/\/www.igenium.ch\/de\/die-fabrik-4-0-im-dienste-der-leistung\/","og_locale":"de_DE","og_type":"article","og_title":"Die Fabrik 4.0 im Dienste der Leistung\u00a0\u00a0 - Igenium","og_description":"Diese neue Generation von Fabriken, die auch als Fabrik 4.0 oder Factory 4.0 bezeichnet wird, beruht auf der Integration digitaler Technologien in die Anlagen, um deren Leistung zu steigern und den aktuellen Herausforderungen der Unternehmen gerecht zu werden.","og_url":"https:\/\/www.igenium.ch\/de\/die-fabrik-4-0-im-dienste-der-leistung\/","og_site_name":"Igenium","article_modified_time":"2024-06-24T14:48:21+00:00","og_image":[{"url":"https:\/\/www.igenium.ch\/app\/uploads\/2022\/06\/consulting_engineering_expertise-894x1024.jpg","type":"","width":"","height":""}],"twitter_card":"summary_large_image","twitter_misc":{"Est. reading time":"3 minutes"},"schema":{"@context":"https:\/\/schema.org","@graph":[{"@type":"WebPage","@id":"https:\/\/www.igenium.ch\/de\/die-fabrik-4-0-im-dienste-der-leistung\/","url":"https:\/\/www.igenium.ch\/de\/die-fabrik-4-0-im-dienste-der-leistung\/","name":"Die Fabrik 4.0 im Dienste der Leistung\u00a0\u00a0 - Igenium","isPartOf":{"@id":"https:\/\/www.igenium.ch\/de\/#website"},"primaryImageOfPage":{"@id":"https:\/\/www.igenium.ch\/de\/die-fabrik-4-0-im-dienste-der-leistung\/#primaryimage"},"image":{"@id":"https:\/\/www.igenium.ch\/de\/die-fabrik-4-0-im-dienste-der-leistung\/#primaryimage"},"thumbnailUrl":"https:\/\/www.igenium.ch\/app\/uploads\/2022\/06\/consulting_engineering_expertise-894x1024.jpg","datePublished":"2024-02-29T10:58:38+00:00","dateModified":"2024-06-24T14:48:21+00:00","description":"Diese neue Generation von Fabriken, die auch als Fabrik 4.0 oder Factory 4.0 bezeichnet wird, beruht auf der Integration digitaler Technologien in die Anlagen, um deren Leistung zu steigern und den aktuellen Herausforderungen der Unternehmen gerecht zu werden.","breadcrumb":{"@id":"https:\/\/www.igenium.ch\/de\/die-fabrik-4-0-im-dienste-der-leistung\/#breadcrumb"},"inLanguage":"de-DE","potentialAction":[{"@type":"ReadAction","target":["https:\/\/www.igenium.ch\/de\/die-fabrik-4-0-im-dienste-der-leistung\/"]}]},{"@type":"ImageObject","inLanguage":"de-DE","@id":"https:\/\/www.igenium.ch\/de\/die-fabrik-4-0-im-dienste-der-leistung\/#primaryimage","url":"https:\/\/www.igenium.ch\/app\/uploads\/2022\/06\/consulting_engineering_expertise-894x1024.jpg","contentUrl":"https:\/\/www.igenium.ch\/app\/uploads\/2022\/06\/consulting_engineering_expertise-894x1024.jpg"},{"@type":"BreadcrumbList","@id":"https:\/\/www.igenium.ch\/de\/die-fabrik-4-0-im-dienste-der-leistung\/#breadcrumb","itemListElement":[{"@type":"ListItem","position":1,"name":"Home","item":"https:\/\/www.igenium.ch\/de\/"},{"@type":"ListItem","position":2,"name":"Die Fabrik 4.0 im Dienste der Leistung\u00a0\u00a0"}]},{"@type":"WebSite","@id":"https:\/\/www.igenium.ch\/de\/#website","url":"https:\/\/www.igenium.ch\/de\/","name":"Igenium","description":"","publisher":{"@id":"https:\/\/www.igenium.ch\/de\/#organization"},"potentialAction":[{"@type":"SearchAction","target":{"@type":"EntryPoint","urlTemplate":"https:\/\/www.igenium.ch\/de\/?s={search_term_string}"},"query-input":{"@type":"PropertyValueSpecification","valueRequired":true,"valueName":"search_term_string"}}],"inLanguage":"de-DE"},{"@type":"Organization","@id":"https:\/\/www.igenium.ch\/de\/#organization","name":"Igenium - IFPC","url":"https:\/\/www.igenium.ch\/de\/","logo":{"@type":"ImageObject","inLanguage":"de-DE","@id":"https:\/\/www.igenium.ch\/de\/#\/schema\/logo\/image\/","url":"https:\/\/www.igenium.ch\/app\/uploads\/2022\/06\/logo.svg","contentUrl":"https:\/\/www.igenium.ch\/app\/uploads\/2022\/06\/logo.svg","width":167,"height":130,"caption":"Igenium - IFPC"},"image":{"@id":"https:\/\/www.igenium.ch\/de\/#\/schema\/logo\/image\/"}}]}},"_links":{"self":[{"href":"https:\/\/www.igenium.ch\/de\/wp-json\/wp\/v2\/pages\/3045","targetHints":{"allow":["GET"]}}],"collection":[{"href":"https:\/\/www.igenium.ch\/de\/wp-json\/wp\/v2\/pages"}],"about":[{"href":"https:\/\/www.igenium.ch\/de\/wp-json\/wp\/v2\/types\/page"}],"author":[{"embeddable":true,"href":"https:\/\/www.igenium.ch\/de\/wp-json\/wp\/v2\/users\/1"}],"replies":[{"embeddable":true,"href":"https:\/\/www.igenium.ch\/de\/wp-json\/wp\/v2\/comments?post=3045"}],"version-history":[{"count":4,"href":"https:\/\/www.igenium.ch\/de\/wp-json\/wp\/v2\/pages\/3045\/revisions"}],"predecessor-version":[{"id":3425,"href":"https:\/\/www.igenium.ch\/de\/wp-json\/wp\/v2\/pages\/3045\/revisions\/3425"}],"wp:attachment":[{"href":"https:\/\/www.igenium.ch\/de\/wp-json\/wp\/v2\/media?parent=3045"}],"curies":[{"name":"wp","href":"https:\/\/api.w.org\/{rel}","templated":true}]}}