{"id":3053,"date":"2024-02-29T11:15:13","date_gmt":"2024-02-29T11:15:13","guid":{"rendered":"https:\/\/www.igenium.ch\/?page_id=3053"},"modified":"2024-06-24T14:48:49","modified_gmt":"2024-06-24T14:48:49","slug":"industrie-5-0-die-industrie-4-0-um-eine-menschliche-dimension-erweitern","status":"publish","type":"page","link":"https:\/\/www.igenium.ch\/de\/industrie-5-0-die-industrie-4-0-um-eine-menschliche-dimension-erweitern\/","title":{"rendered":"Industrie 5.0: Die Industrie 4.0 um eine menschliche Dimension erweitern\u00a0\u00a0"},"content":{"rendered":"\n\n\n\n\n<section class=\"section--color-default section--align-wide-content section--padding-medium section\" id=\"\" style=\"\">\n    <div class=\"grid-container\">\n\n<h1 class=\"wp-block-heading\">Industrie 5.0: Die Industrie 4.0 um eine menschliche Dimension erweitern<\/h1>\n\n\n\n<p>W\u00e4hrend Industrie 4.0 im Zeichen der Maschinen stand, k\u00fcndigt die Fabrik 5.0 die lang ersehnte R\u00fcckkehr der Menschheit in den Mittelpunkt der industriellen B\u00fchne an.&nbsp;&nbsp;<\/p>\n\n\n\n<p>Industrie 5.0 ist dabei, unsere Art zu produzieren und herzustellen zu ver\u00e4ndern.<\/p>\n\n\n\n<div class=\"wp-block-columns is-layout-flex wp-container-core-columns-is-layout-9d6595d7 wp-block-columns-is-layout-flex\">\n<div class=\"wp-block-column is-layout-flow wp-block-column-is-layout-flow\">\n<h2 class=\"wp-block-heading\">Was ist Industrie 5.0?&nbsp;&nbsp;<\/h2>\n\n\n\n<p>An der Schwelle zu einem neuen Industriezeitalter positioniert sich die Fabrik 5.0 als ein bedeutender Schritt. Indem sie \u00fcber die von der Industrie 4.0 geschaffenen Grundlagen hinausgeht, bringt diese wichtige Entwicklung eine <strong>menschliche Dimension<\/strong> mit sich, die \u00fcber die reine Automatisierung hinausgeht und den Menschen wieder in den Mittelpunkt der Produktionsprozesse stellt.&nbsp;&nbsp;<\/p>\n\n\n\n<p>Industrie 5.0 hat sich zum Ziel gesetzt, <strong>die F\u00e4higkeiten der Maschinen mit der menschlichen Intelligenz zu verschmelzen<\/strong>, um neue kollaborative Abl\u00e4ufe zu schaffen. Dieser neue Ansatz erm\u00f6glicht eine echte Synergie zwischen Mensch und Maschine. Er bietet au\u00dferdem eine innovative Vision, in der die Koexistenz von Mensch und Technologie den Fortschritt vorantreibt und eine kollektive Entfaltung in der Industrielandschaft f\u00f6rdert.&nbsp;&nbsp;<\/p>\n\n\n\n<h2 class=\"wp-block-heading\">Die drei S\u00e4ulen der Fabrik der Zukunft&nbsp;&nbsp;<\/h2>\n\n\n\n<ul class=\"wp-block-list\">\n<li><strong>Humanocentrismus&nbsp;<\/strong>&nbsp;<\/li>\n<\/ul>\n\n\n\n<p>Die Industrie 5.0 f\u00f6rdert die Zusammenarbeit zwischen Mensch und Maschine, um die Komplementarit\u00e4t ihrer Kompetenzen und F\u00e4higkeiten zu nutzen. Im Gegensatz zur Vision der Industrie 4.0 stellt dieser neue Ansatz den Wert der menschlichen Arbeit und das Fachwissen der Mitarbeiter in den Vordergrund.&nbsp;&nbsp;<\/p>\n\n\n\n<ul class=\"wp-block-list\">\n<li><strong>Nachhaltigkeit<\/strong>&nbsp;<\/li>\n<\/ul>\n\n\n\n<p>Nachhaltigkeit ist ein grundlegender Pfeiler der Fabrik 5.0 und markiert den echten Willen, industriellen Fortschritt mit \u00f6kologischer Verantwortung in Einklang zu bringen. Diese neue Vision verpflichtet sich, ihre Auswirkungen auf die Umwelt zu minimieren, indem sie \u00f6koeffiziente Produktionspraktiken f\u00f6rdert und eine zirkul\u00e4re Ressourcenverwaltung in den Vordergrund stellt.&nbsp;&nbsp;<\/p>\n\n\n\n<ul class=\"wp-block-list\">\n<li><strong>&nbsp;F\u00e4higkeit zur Anpassung&nbsp;<\/strong>&nbsp;<\/li>\n<\/ul>\n\n\n\n<p>Ein wesentlicher Pfeiler der Fabrik der Zukunft beruht auf der kontinuierlichen Investition in die Ausbildung der Mitarbeiter. Dadurch wird sichergestellt, dass jeder die F\u00e4higkeiten entwickelt und aufrechterh\u00e4lt, die f\u00fcr eine effektive Zusammenarbeit mit den aufkommenden Technologien erforderlich sind.&nbsp;&nbsp;<\/p>\n\n\n\n<h2 class=\"wp-block-heading\">Die Vorteile&nbsp;&nbsp;<\/h2>\n\n\n\n<ul class=\"wp-block-list\">\n<li><strong>Betriebliche Flexibilit\u00e4t&nbsp;<\/strong>&nbsp;<\/li>\n<\/ul>\n\n\n\n<p>Die Fabrik der Zukunft bietet eine gesteigerte betriebliche Flexibilit\u00e4t durch die Integration der menschlichen Dimension. Als echte Akteure k\u00f6nnen die Mitarbeiter schneller auf Ver\u00e4nderungen in der Produktionsumgebung reagieren. Dies tr\u00e4gt wesentlich zur Verbesserung der Anpassungsf\u00e4higkeit der Produktionsfabrik bei.&nbsp;&nbsp;<\/p>\n\n\n\n<ul class=\"wp-block-list\">\n<li><strong>Zufriedenheit der Mitarbeiter&nbsp;<\/strong>&nbsp;<\/li>\n<\/ul>\n\n\n\n<p>Durch die Aufwertung und Anerkennung der entscheidenden Rolle der Mitarbeiter f\u00f6rdert Industrie 5.0 die Schaffung einer positiven und ges\u00fcnderen Unternehmenskultur. Die<strong> <\/strong>Zufriedenheit der Mitarbeiter steigt, was parallel dazu ihre Produktivit\u00e4t steigern kann.&nbsp;<\/p>\n\n\n\n<ul class=\"wp-block-list\">\n<li><strong>Verbesserung der Qualit\u00e4t&nbsp;<\/strong>&nbsp;<\/li>\n<\/ul>\n\n\n\n<p>Die Fabrik 5.0 gew\u00e4hrleistet durch die eingesetzten automatisierten Systeme und modernsten Technologien eine hohe Produktionsqualit\u00e4t. Auf diese Weise werden Defekte und Fehler drastisch reduziert.&nbsp;&nbsp;<\/p>\n\n\n\n<ul class=\"wp-block-list\">\n<li><strong>Optimierung der Kosten&nbsp;<\/strong>&nbsp;<\/li>\n<\/ul>\n\n\n\n<p>Durch eine bessere Verwaltung der Ressourcen und optimierte Prozesse tr\u00e4gt die Industrie 5.0 zur Senkung der Produktionskosten sowie zur Verbesserung der betrieblichen Effizienz bei.&nbsp;&nbsp;<\/p>\n<\/div>\n\n\n\n<div class=\"wp-block-column is-layout-flow wp-block-column-is-layout-flow\">\n<figure class=\"wp-block-image size-large\"><img loading=\"lazy\" decoding=\"async\" width=\"1024\" height=\"487\" src=\"https:\/\/www.igenium.ch\/app\/uploads\/2022\/06\/what_we_believe_in-1024x487.jpg\" alt=\"what we believe in\" class=\"wp-image-146\" srcset=\"https:\/\/www.igenium.ch\/app\/uploads\/2022\/06\/what_we_believe_in-1024x487.jpg 1024w, https:\/\/www.igenium.ch\/app\/uploads\/2022\/06\/what_we_believe_in-300x143.jpg 300w, https:\/\/www.igenium.ch\/app\/uploads\/2022\/06\/what_we_believe_in-768x366.jpg 768w, https:\/\/www.igenium.ch\/app\/uploads\/2022\/06\/what_we_believe_in-1536x731.jpg 1536w, https:\/\/www.igenium.ch\/app\/uploads\/2022\/06\/what_we_believe_in.jpg 1920w\" sizes=\"auto, (max-width: 1024px) 100vw, 1024px\" \/><\/figure>\n\n\n\n<h2 class=\"wp-block-heading\">Wie kann man auf Fabrik 5.0 umsteigen?&nbsp;&nbsp;<\/h2>\n\n\n\n<p>Um Industrie 5.0 vollst\u00e4ndig einzuf\u00fchren, m\u00fcssen die Fabriken bestimmte Schritte befolgen:&nbsp;&nbsp;<\/p>\n\n\n\n<ul class=\"wp-block-list\">\n<li><strong>Bewerten Sie die vorhandenen Technologien.&nbsp;<\/strong>&nbsp;<\/li>\n<\/ul>\n\n\n\n<p>Es ist von entscheidender Bedeutung, die bestehenden Systeme und die bereits eingesetzten 4.0-Technologien zu analysieren, um festzustellen, wie der menschliche Aspekt integriert werden kann, ohne die Effizienz der Fabrik zu beeintr\u00e4chtigen. Analysieren Sie Ihre Anlagen, Ihre technologische Infrastruktur und Ihre internen F\u00e4higkeiten, um die verschiedenen Bereiche zu identifizieren, die ein Upgrade ben\u00f6tigen.&nbsp;&nbsp;<\/p>\n\n\n\n<ul class=\"wp-block-list\">\n<li><strong>Entwickeln Sie Ihre Integrationsstrategie.&nbsp;<\/strong>&nbsp;<\/li>\n<\/ul>\n\n\n\n<p>Sich f\u00fcr eine Industrie 5.0 zu entscheiden, erfordert die Entwicklung einer klaren Integrationsstrategie, um den \u00dcbergang schrittweise und optimal zu gestalten. Es empfiehlt sich, die zu integrierenden Technologien und Systeme zu identifizieren, um die Integrationsschritte festzulegen, wobei Zeit- und Budgetvorgaben zu ber\u00fccksichtigen sind.&nbsp;&nbsp;<\/p>\n\n\n\n<ul class=\"wp-block-list\">\n<li><strong>Stellen Sie ein Schulungsprogramm auf.<\/strong>&nbsp;<\/li>\n<\/ul>\n\n\n\n<p>Auch die Schulung Ihrer Mitarbeiter ist f\u00fcr den erfolgreichen \u00dcbergang zur Fabrik der Zukunft von entscheidender Bedeutung. Ermitteln Sie zun\u00e4chst die F\u00e4higkeiten, die f\u00fcr die Interaktion mit automatisierten Systemen und fortschrittlichen Technologien erforderlich sind. Anschlie\u00dfend k\u00f6nnen Sie ein geeignetes Schulungsprogramm entwickeln.&nbsp;&nbsp;<\/p>\n\n\n\n<ul class=\"wp-block-list\">\n<li><strong>Optimieren Sie Ihre Infrastruktur kontinuierlich.&nbsp;<\/strong>&nbsp;<\/li>\n<\/ul>\n\n\n\n<p>Es ist wichtig, sich vor Augen zu halten, dass die Fabrik 5.0 ein Prozess der kontinuierlichen Verbesserung ist. Das bedeutet also, dass Sie Ihre Leistung regelm\u00e4\u00dfig \u00fcberwachen, Ihre Daten sammeln und sie nutzen m\u00fcssen, um Optimierungsm\u00f6glichkeiten zu identifizieren.&nbsp;&nbsp;&nbsp;<\/p>\n\n\n\n<p>Die Entstehung von Industrie 5.0 stellt einen bedeutenden \u00dcbergang dar, indem die Technologie von Industrie 4.0 geschickt mit einer menschlichen Perspektive in Einklang gebracht wird. Diese vielversprechende Entwicklung ebnet somit den Weg f\u00fcr kollaborativere und anpassungsf\u00e4higere Industrieprozesse.&nbsp;<\/p>\n<\/div>\n<\/div>\n\n<\/div>\n<\/section>\n","protected":false},"excerpt":{"rendered":"<p>W\u00e4hrend Industrie 4.0 im Zeichen der Maschinen stand, k\u00fcndigt die Fabrik 5.0 die lang ersehnte R\u00fcckkehr der Menschheit in den Mittelpunkt der industriellen B\u00fchne an.\u00a0\u00a0<\/p>\n","protected":false},"author":1,"featured_media":0,"parent":0,"menu_order":0,"comment_status":"closed","ping_status":"closed","template":"","meta":{"_acf_changed":false,"inline_featured_image":false,"footnotes":""},"class_list":["post-3053","page","type-page","status-publish","hentry"],"acf":[],"yoast_head":"<!-- This site is optimized with the Yoast SEO plugin v25.7 - https:\/\/yoast.com\/wordpress\/plugins\/seo\/ -->\n<title>Industrie 5.0: Die Industrie 4.0 um eine menschliche Dimension erweitern\u00a0\u00a0 - Igenium<\/title>\n<meta name=\"description\" content=\"W\u00e4hrend Industrie 4.0 im Zeichen der Maschinen stand, k\u00fcndigt die Fabrik 5.0 die lang ersehnte R\u00fcckkehr der Menschheit in den Mittelpunkt der industriellen B\u00fchne an.\u00a0\u00a0\" \/>\n<meta name=\"robots\" content=\"index, follow, max-snippet:-1, max-image-preview:large, max-video-preview:-1\" \/>\n<link rel=\"canonical\" href=\"https:\/\/www.igenium.ch\/de\/industrie-5-0-die-industrie-4-0-um-eine-menschliche-dimension-erweitern\/\" \/>\n<meta property=\"og:locale\" content=\"de_DE\" \/>\n<meta property=\"og:type\" content=\"article\" \/>\n<meta property=\"og:title\" content=\"Industrie 5.0: Die Industrie 4.0 um eine menschliche Dimension erweitern\u00a0\u00a0 - Igenium\" \/>\n<meta property=\"og:description\" content=\"W\u00e4hrend Industrie 4.0 im Zeichen der Maschinen stand, k\u00fcndigt die Fabrik 5.0 die lang ersehnte R\u00fcckkehr der Menschheit in den Mittelpunkt der industriellen B\u00fchne an.\u00a0\u00a0\" \/>\n<meta property=\"og:url\" content=\"https:\/\/www.igenium.ch\/de\/industrie-5-0-die-industrie-4-0-um-eine-menschliche-dimension-erweitern\/\" \/>\n<meta property=\"og:site_name\" content=\"Igenium\" \/>\n<meta property=\"article:modified_time\" content=\"2024-06-24T14:48:49+00:00\" \/>\n<meta property=\"og:image\" content=\"https:\/\/www.igenium.ch\/app\/uploads\/2022\/06\/what_we_believe_in-1024x487.jpg\" \/>\n<meta name=\"twitter:card\" content=\"summary_large_image\" \/>\n<meta name=\"twitter:label1\" content=\"Est. reading time\" \/>\n\t<meta name=\"twitter:data1\" content=\"4 minutes\" \/>\n<script type=\"application\/ld+json\" class=\"yoast-schema-graph\">{\"@context\":\"https:\/\/schema.org\",\"@graph\":[{\"@type\":\"WebPage\",\"@id\":\"https:\/\/www.igenium.ch\/de\/industrie-5-0-die-industrie-4-0-um-eine-menschliche-dimension-erweitern\/\",\"url\":\"https:\/\/www.igenium.ch\/de\/industrie-5-0-die-industrie-4-0-um-eine-menschliche-dimension-erweitern\/\",\"name\":\"Industrie 5.0: Die Industrie 4.0 um eine menschliche Dimension erweitern\u00a0\u00a0 - Igenium\",\"isPartOf\":{\"@id\":\"https:\/\/www.igenium.ch\/de\/#website\"},\"primaryImageOfPage\":{\"@id\":\"https:\/\/www.igenium.ch\/de\/industrie-5-0-die-industrie-4-0-um-eine-menschliche-dimension-erweitern\/#primaryimage\"},\"image\":{\"@id\":\"https:\/\/www.igenium.ch\/de\/industrie-5-0-die-industrie-4-0-um-eine-menschliche-dimension-erweitern\/#primaryimage\"},\"thumbnailUrl\":\"https:\/\/www.igenium.ch\/app\/uploads\/2022\/06\/what_we_believe_in-1024x487.jpg\",\"datePublished\":\"2024-02-29T11:15:13+00:00\",\"dateModified\":\"2024-06-24T14:48:49+00:00\",\"description\":\"W\u00e4hrend Industrie 4.0 im Zeichen der Maschinen stand, k\u00fcndigt die Fabrik 5.0 die lang ersehnte R\u00fcckkehr der Menschheit in den Mittelpunkt der industriellen B\u00fchne an.\u00a0\u00a0\",\"breadcrumb\":{\"@id\":\"https:\/\/www.igenium.ch\/de\/industrie-5-0-die-industrie-4-0-um-eine-menschliche-dimension-erweitern\/#breadcrumb\"},\"inLanguage\":\"de-DE\",\"potentialAction\":[{\"@type\":\"ReadAction\",\"target\":[\"https:\/\/www.igenium.ch\/de\/industrie-5-0-die-industrie-4-0-um-eine-menschliche-dimension-erweitern\/\"]}]},{\"@type\":\"ImageObject\",\"inLanguage\":\"de-DE\",\"@id\":\"https:\/\/www.igenium.ch\/de\/industrie-5-0-die-industrie-4-0-um-eine-menschliche-dimension-erweitern\/#primaryimage\",\"url\":\"https:\/\/www.igenium.ch\/app\/uploads\/2022\/06\/what_we_believe_in-1024x487.jpg\",\"contentUrl\":\"https:\/\/www.igenium.ch\/app\/uploads\/2022\/06\/what_we_believe_in-1024x487.jpg\"},{\"@type\":\"BreadcrumbList\",\"@id\":\"https:\/\/www.igenium.ch\/de\/industrie-5-0-die-industrie-4-0-um-eine-menschliche-dimension-erweitern\/#breadcrumb\",\"itemListElement\":[{\"@type\":\"ListItem\",\"position\":1,\"name\":\"Home\",\"item\":\"https:\/\/www.igenium.ch\/de\/\"},{\"@type\":\"ListItem\",\"position\":2,\"name\":\"Industrie 5.0: Die Industrie 4.0 um eine menschliche Dimension erweitern\u00a0\u00a0\"}]},{\"@type\":\"WebSite\",\"@id\":\"https:\/\/www.igenium.ch\/de\/#website\",\"url\":\"https:\/\/www.igenium.ch\/de\/\",\"name\":\"Igenium\",\"description\":\"\",\"publisher\":{\"@id\":\"https:\/\/www.igenium.ch\/de\/#organization\"},\"potentialAction\":[{\"@type\":\"SearchAction\",\"target\":{\"@type\":\"EntryPoint\",\"urlTemplate\":\"https:\/\/www.igenium.ch\/de\/?s={search_term_string}\"},\"query-input\":{\"@type\":\"PropertyValueSpecification\",\"valueRequired\":true,\"valueName\":\"search_term_string\"}}],\"inLanguage\":\"de-DE\"},{\"@type\":\"Organization\",\"@id\":\"https:\/\/www.igenium.ch\/de\/#organization\",\"name\":\"Igenium - IFPC\",\"url\":\"https:\/\/www.igenium.ch\/de\/\",\"logo\":{\"@type\":\"ImageObject\",\"inLanguage\":\"de-DE\",\"@id\":\"https:\/\/www.igenium.ch\/de\/#\/schema\/logo\/image\/\",\"url\":\"https:\/\/www.igenium.ch\/app\/uploads\/2022\/06\/logo.svg\",\"contentUrl\":\"https:\/\/www.igenium.ch\/app\/uploads\/2022\/06\/logo.svg\",\"width\":167,\"height\":130,\"caption\":\"Igenium - IFPC\"},\"image\":{\"@id\":\"https:\/\/www.igenium.ch\/de\/#\/schema\/logo\/image\/\"}}]}<\/script>\n<!-- \/ Yoast SEO plugin. -->","yoast_head_json":{"title":"Industrie 5.0: Die Industrie 4.0 um eine menschliche Dimension erweitern\u00a0\u00a0 - Igenium","description":"W\u00e4hrend Industrie 4.0 im Zeichen der Maschinen stand, k\u00fcndigt die Fabrik 5.0 die lang ersehnte R\u00fcckkehr der Menschheit in den Mittelpunkt der industriellen B\u00fchne an.\u00a0\u00a0","robots":{"index":"index","follow":"follow","max-snippet":"max-snippet:-1","max-image-preview":"max-image-preview:large","max-video-preview":"max-video-preview:-1"},"canonical":"https:\/\/www.igenium.ch\/de\/industrie-5-0-die-industrie-4-0-um-eine-menschliche-dimension-erweitern\/","og_locale":"de_DE","og_type":"article","og_title":"Industrie 5.0: Die Industrie 4.0 um eine menschliche Dimension erweitern\u00a0\u00a0 - Igenium","og_description":"W\u00e4hrend Industrie 4.0 im Zeichen der Maschinen stand, k\u00fcndigt die Fabrik 5.0 die lang ersehnte R\u00fcckkehr der Menschheit in den Mittelpunkt der industriellen B\u00fchne an.\u00a0\u00a0","og_url":"https:\/\/www.igenium.ch\/de\/industrie-5-0-die-industrie-4-0-um-eine-menschliche-dimension-erweitern\/","og_site_name":"Igenium","article_modified_time":"2024-06-24T14:48:49+00:00","og_image":[{"url":"https:\/\/www.igenium.ch\/app\/uploads\/2022\/06\/what_we_believe_in-1024x487.jpg","type":"","width":"","height":""}],"twitter_card":"summary_large_image","twitter_misc":{"Est. reading time":"4 minutes"},"schema":{"@context":"https:\/\/schema.org","@graph":[{"@type":"WebPage","@id":"https:\/\/www.igenium.ch\/de\/industrie-5-0-die-industrie-4-0-um-eine-menschliche-dimension-erweitern\/","url":"https:\/\/www.igenium.ch\/de\/industrie-5-0-die-industrie-4-0-um-eine-menschliche-dimension-erweitern\/","name":"Industrie 5.0: Die Industrie 4.0 um eine menschliche Dimension erweitern\u00a0\u00a0 - Igenium","isPartOf":{"@id":"https:\/\/www.igenium.ch\/de\/#website"},"primaryImageOfPage":{"@id":"https:\/\/www.igenium.ch\/de\/industrie-5-0-die-industrie-4-0-um-eine-menschliche-dimension-erweitern\/#primaryimage"},"image":{"@id":"https:\/\/www.igenium.ch\/de\/industrie-5-0-die-industrie-4-0-um-eine-menschliche-dimension-erweitern\/#primaryimage"},"thumbnailUrl":"https:\/\/www.igenium.ch\/app\/uploads\/2022\/06\/what_we_believe_in-1024x487.jpg","datePublished":"2024-02-29T11:15:13+00:00","dateModified":"2024-06-24T14:48:49+00:00","description":"W\u00e4hrend Industrie 4.0 im Zeichen der Maschinen stand, k\u00fcndigt die Fabrik 5.0 die lang ersehnte R\u00fcckkehr der Menschheit in den Mittelpunkt der industriellen B\u00fchne an.\u00a0\u00a0","breadcrumb":{"@id":"https:\/\/www.igenium.ch\/de\/industrie-5-0-die-industrie-4-0-um-eine-menschliche-dimension-erweitern\/#breadcrumb"},"inLanguage":"de-DE","potentialAction":[{"@type":"ReadAction","target":["https:\/\/www.igenium.ch\/de\/industrie-5-0-die-industrie-4-0-um-eine-menschliche-dimension-erweitern\/"]}]},{"@type":"ImageObject","inLanguage":"de-DE","@id":"https:\/\/www.igenium.ch\/de\/industrie-5-0-die-industrie-4-0-um-eine-menschliche-dimension-erweitern\/#primaryimage","url":"https:\/\/www.igenium.ch\/app\/uploads\/2022\/06\/what_we_believe_in-1024x487.jpg","contentUrl":"https:\/\/www.igenium.ch\/app\/uploads\/2022\/06\/what_we_believe_in-1024x487.jpg"},{"@type":"BreadcrumbList","@id":"https:\/\/www.igenium.ch\/de\/industrie-5-0-die-industrie-4-0-um-eine-menschliche-dimension-erweitern\/#breadcrumb","itemListElement":[{"@type":"ListItem","position":1,"name":"Home","item":"https:\/\/www.igenium.ch\/de\/"},{"@type":"ListItem","position":2,"name":"Industrie 5.0: Die Industrie 4.0 um eine menschliche Dimension erweitern\u00a0\u00a0"}]},{"@type":"WebSite","@id":"https:\/\/www.igenium.ch\/de\/#website","url":"https:\/\/www.igenium.ch\/de\/","name":"Igenium","description":"","publisher":{"@id":"https:\/\/www.igenium.ch\/de\/#organization"},"potentialAction":[{"@type":"SearchAction","target":{"@type":"EntryPoint","urlTemplate":"https:\/\/www.igenium.ch\/de\/?s={search_term_string}"},"query-input":{"@type":"PropertyValueSpecification","valueRequired":true,"valueName":"search_term_string"}}],"inLanguage":"de-DE"},{"@type":"Organization","@id":"https:\/\/www.igenium.ch\/de\/#organization","name":"Igenium - IFPC","url":"https:\/\/www.igenium.ch\/de\/","logo":{"@type":"ImageObject","inLanguage":"de-DE","@id":"https:\/\/www.igenium.ch\/de\/#\/schema\/logo\/image\/","url":"https:\/\/www.igenium.ch\/app\/uploads\/2022\/06\/logo.svg","contentUrl":"https:\/\/www.igenium.ch\/app\/uploads\/2022\/06\/logo.svg","width":167,"height":130,"caption":"Igenium - IFPC"},"image":{"@id":"https:\/\/www.igenium.ch\/de\/#\/schema\/logo\/image\/"}}]}},"_links":{"self":[{"href":"https:\/\/www.igenium.ch\/de\/wp-json\/wp\/v2\/pages\/3053","targetHints":{"allow":["GET"]}}],"collection":[{"href":"https:\/\/www.igenium.ch\/de\/wp-json\/wp\/v2\/pages"}],"about":[{"href":"https:\/\/www.igenium.ch\/de\/wp-json\/wp\/v2\/types\/page"}],"author":[{"embeddable":true,"href":"https:\/\/www.igenium.ch\/de\/wp-json\/wp\/v2\/users\/1"}],"replies":[{"embeddable":true,"href":"https:\/\/www.igenium.ch\/de\/wp-json\/wp\/v2\/comments?post=3053"}],"version-history":[{"count":3,"href":"https:\/\/www.igenium.ch\/de\/wp-json\/wp\/v2\/pages\/3053\/revisions"}],"predecessor-version":[{"id":3427,"href":"https:\/\/www.igenium.ch\/de\/wp-json\/wp\/v2\/pages\/3053\/revisions\/3427"}],"wp:attachment":[{"href":"https:\/\/www.igenium.ch\/de\/wp-json\/wp\/v2\/media?parent=3053"}],"curies":[{"name":"wp","href":"https:\/\/api.w.org\/{rel}","templated":true}]}}