{"id":3056,"date":"2024-02-29T11:20:21","date_gmt":"2024-02-29T11:20:21","guid":{"rendered":"https:\/\/www.igenium.ch\/?page_id=3056"},"modified":"2024-06-24T14:50:05","modified_gmt":"2024-06-24T14:50:05","slug":"wie-kann-man-die-produktion-seiner-fabrik-optimieren","status":"publish","type":"page","link":"https:\/\/www.igenium.ch\/de\/wie-kann-man-die-produktion-seiner-fabrik-optimieren\/","title":{"rendered":"Wie kann man die Produktion seiner Fabrik optimieren?"},"content":{"rendered":"\n\n\n\n\n<section class=\"section--color-default section--align-wide-content section--padding-medium section\" id=\"\" style=\"\">\n    <div class=\"grid-container\">\n\n<h1 class=\"wp-block-heading\"><strong>Wie kann man die Produktion seiner Fabrik optimieren?<\/strong><\/h1>\n\n\n\n<p><strong>Die Optimierung der industriellen Produktion ist ein echtes strategisches Muss und der beste Trumpf f\u00fcr Unternehmen<\/strong>, die in einem wettbewerbsintensiven Umfeld florieren wollen. Eine effiziente und stark optimierte Fabrik kann nicht nur ihre Produktivit\u00e4t steigern, sondern auch ihre Produktionskosten senken und die Qualit\u00e4t ihrer Produkte verbessern.<\/p>\n\n\n\n<div class=\"wp-block-columns is-layout-flex wp-container-core-columns-is-layout-9d6595d7 wp-block-columns-is-layout-flex\">\n<div class=\"wp-block-column is-layout-flow wp-block-column-is-layout-flow\">\n<h2 class=\"wp-block-heading\">Die Vorteile der Optimierung der industriellen Produktion.&nbsp;&nbsp;<\/h2>\n\n\n\n<p>Die Optimierung der Lagerhaltung in der Fabrik bietet eine Reihe von Vorteilen f\u00fcr Unternehmen, die auf dem Markt wettbewerbsf\u00e4hig bleiben wollen. Hier einige dieser Vorteile :&nbsp;&nbsp;<\/p>\n\n\n\n<h3 class=\"wp-block-heading\">Gesteigerte Effizienz&nbsp;&nbsp;<\/h3>\n\n\n\n<p>Einer der gr\u00f6\u00dften Vorteile der Produktionsoptimierung ist die deutliche Steigerung der Produktivit\u00e4t. Eine gut optimierte Fabrik kann in k\u00fcrzerer Zeit mehr produzieren. Daher ist es von entscheidender Bedeutung, Ineffizienzen, Engp\u00e4sse und ungeplante Ausfallzeiten zu erkennen und zu beseitigen.&nbsp;&nbsp;<\/p>\n\n\n\n<h3 class=\"wp-block-heading\">Senkung der Kosten&nbsp;&nbsp;<\/h3>\n\n\n\n<p>Durch die Optimierung von Industrieprozessen lassen sich auch die Kosten sp\u00fcrbar senken. Ein Unternehmen kann Rohstoffe, Arbeitskraft und Betriebskosten einsparen, indem es Verschwendung beseitigt, die Ressourcennutzung verbessert und nat\u00fcrlich Fehler und Ausschuss reduziert.&nbsp;<\/p>\n\n\n\n<h3 class=\"wp-block-heading\">Optimale Reaktionsf\u00e4higkeit&nbsp;&nbsp;<\/h3>\n\n\n\n<p>Eine gut optimierte Fabrik und optimierte Prozesse erm\u00f6glichen es Ihnen au\u00dferdem, sich schneller an Nachfrageschwankungen anzupassen, sodass Sie schneller auf Marktver\u00e4nderungen reagieren k\u00f6nnen.&nbsp;&nbsp;<\/p>\n\n\n\n<h3 class=\"wp-block-heading\">Verk\u00fcrzung der Lieferzeiten&nbsp;&nbsp;<\/h3>\n\n\n\n<p>Durch die Optimierung der Lagerhaltung in der Fabrik kann ein Unternehmen die Lieferzeiten verk\u00fcrzen und so die mit den Kunden vereinbarten Termine einhalten. Je reibungsloser ein Produktionsablauf ist, desto besser kann er geplant werden, was Ihnen gleichzeitig erm\u00f6glicht, die Wartezeiten zwischen den einzelnen Produktionsschritten zu verringern.&nbsp;&nbsp;<\/p>\n\n\n\n<h3 class=\"wp-block-heading\">Verbesserte Qualit\u00e4t durch die Optimierung der industriellen Produktion.&nbsp;&nbsp;<\/h3>\n\n\n\n<p>Eine optimierte Fabrik ist in der Lage, qualitativ hochwertige Produkte zu produzieren. Durch die Vermeidung von Fehlern und M\u00e4ngeln in der Fertigung erm\u00f6glicht Ihnen die Prozessoptimierung, Produkte herzustellen, die den h\u00f6chsten Qualit\u00e4tsstandards entsprechen. So k\u00f6nnen Sie die Kundenzufriedenheit erh\u00f6hen und den Ruf Ihres Unternehmens auf dem Markt st\u00e4rken.<\/p>\n<\/div>\n\n\n\n<div class=\"wp-block-column is-layout-flow wp-block-column-is-layout-flow\">\n<figure class=\"wp-block-image size-large\"><img loading=\"lazy\" decoding=\"async\" width=\"1024\" height=\"567\" src=\"https:\/\/www.igenium.ch\/app\/uploads\/2022\/06\/igenium-transform-1024x567.jpg\" alt=\"igenium transform\" class=\"wp-image-163\" srcset=\"https:\/\/www.igenium.ch\/app\/uploads\/2022\/06\/igenium-transform-1024x567.jpg 1024w, https:\/\/www.igenium.ch\/app\/uploads\/2022\/06\/igenium-transform-300x166.jpg 300w, https:\/\/www.igenium.ch\/app\/uploads\/2022\/06\/igenium-transform-768x425.jpg 768w, https:\/\/www.igenium.ch\/app\/uploads\/2022\/06\/igenium-transform-1536x850.jpg 1536w, https:\/\/www.igenium.ch\/app\/uploads\/2022\/06\/igenium-transform.jpg 1955w\" sizes=\"auto, (max-width: 1024px) 100vw, 1024px\" \/><\/figure>\n\n\n\n<h2 class=\"wp-block-heading\">Wie k\u00f6nnen Sie die Produktionskapazit\u00e4t Ihrer Fabrik erh\u00f6hen?&nbsp;&nbsp;<\/h2>\n\n\n\n<p>Um die Lagerhaltung einer Fabrik zu optimieren, empfiehlt sich ein methodischer Ansatz :&nbsp;&nbsp;<\/p>\n\n\n\n<h3 class=\"wp-block-heading\">Analyse der aktuellen Prozesse&nbsp;&nbsp;<\/h3>\n\n\n\n<p>&nbsp;Der erste Schritt besteht darin, eine gr\u00fcndliche Analyse der bestehenden Prozesse durchzuf\u00fchren. Auf diese Weise k\u00f6nnen Sie Staupunkte und Reibungsfl\u00e4chen identifizieren und M\u00f6glichkeiten zur Verbesserung finden.&nbsp;&nbsp;&nbsp;<\/p>\n\n\n\n<h3 class=\"wp-block-heading\">Integration fortschrittlicher Technologien&nbsp;&nbsp;<\/h3>\n\n\n\n<p>&nbsp;Fortschrittliche Technologien wie die Fabrikprozessautomatisierung oder die Robotik k\u00f6nnen die Effizienz Ihrer Produktion erheblich steigern. Sie tragen zur Reduzierung von Fehlern, zur Beschleunigung von Prozessen und zur Optimierung der Ressourcennutzung bei. F\u00fchren Sie die \u00c4nderungen schrittweise ein, um St\u00f6rungen zu minimieren und eine erfolgreiche Einf\u00fchrung zu gew\u00e4hrleisten.&nbsp;&nbsp;<\/p>\n\n\n\n<h3 class=\"wp-block-heading\">Schulung der Mitarbeiter&nbsp;&nbsp;<\/h3>\n\n\n\n<p>Gut ausgebildete und kompetente Mitarbeiter sind der Schl\u00fcssel zum Erfolg jeder Fabrik. \u00dcberlegen Sie, ob Sie in Schulungsprogramme investieren sollten, um ihre technischen F\u00e4higkeiten und ihr Wissen zu verbessern. Dadurch werden sie in die Lage versetzt, die Produktionsprozesse zu verstehen, Probleme leicht zu erkennen und somit innovative L\u00f6sungen vorzuschlagen.&nbsp;&nbsp;<\/p>\n\n\n\n<h3 class=\"wp-block-heading\">\u00dcberwachung und Anpassungen&nbsp;&nbsp;<\/h3>\n\n\n\n<p>Durch die Einf\u00fchrung von Key Performance Indicators (KPIs) k\u00f6nnen Sie die Effizienz und Produktivit\u00e4t der Fabrik messen. Sie m\u00fcssen Ihre KPIs regelm\u00e4\u00dfig \u00fcberwachen, um Trends zu erkennen und ggf. Korrekturma\u00dfnahmen einzuleiten.&nbsp;&nbsp;<\/p>\n\n\n\n<p>Die Optimierung der industriellen Produktion ist eine echte Notwendigkeit f\u00fcr Unternehmen, die ihre Wettbewerbsf\u00e4higkeit erhalten wollen. Indem sie in diesen Prozess investieren, bringen die Unternehmen ihr Gesch\u00e4ft auf den Weg des Wohlstands und beweisen damit ein gutes Fabrikprojektmanagement.&nbsp;<\/p>\n<\/div>\n<\/div>\n\n<\/div>\n<\/section>\n","protected":false},"excerpt":{"rendered":"<p>Die Optimierung der industriellen Produktion ist ein echtes strategisches Muss und der beste Trumpf f\u00fcr Unternehmen, die in einem wettbewerbsintensiven Umfeld florieren wollen.<\/p>\n","protected":false},"author":1,"featured_media":0,"parent":0,"menu_order":0,"comment_status":"closed","ping_status":"closed","template":"","meta":{"_acf_changed":false,"inline_featured_image":false,"footnotes":""},"class_list":["post-3056","page","type-page","status-publish","hentry"],"acf":[],"yoast_head":"<!-- This site is optimized with the Yoast SEO plugin v25.7 - https:\/\/yoast.com\/wordpress\/plugins\/seo\/ -->\n<title>Wie kann man die Produktion seiner Fabrik optimieren? - Igenium<\/title>\n<meta name=\"description\" content=\"Die Optimierung der industriellen Produktion ist ein echtes strategisches Muss und der beste Trumpf f\u00fcr Unternehmen, die in einem wettbewerbsintensiven Umfeld florieren wollen.\" \/>\n<meta name=\"robots\" content=\"index, follow, max-snippet:-1, max-image-preview:large, max-video-preview:-1\" \/>\n<link rel=\"canonical\" href=\"https:\/\/www.igenium.ch\/de\/wie-kann-man-die-produktion-seiner-fabrik-optimieren\/\" \/>\n<meta property=\"og:locale\" content=\"de_DE\" \/>\n<meta property=\"og:type\" content=\"article\" \/>\n<meta property=\"og:title\" content=\"Wie kann man die Produktion seiner Fabrik optimieren? - Igenium\" \/>\n<meta property=\"og:description\" content=\"Die Optimierung der industriellen Produktion ist ein echtes strategisches Muss und der beste Trumpf f\u00fcr Unternehmen, die in einem wettbewerbsintensiven Umfeld florieren wollen.\" \/>\n<meta property=\"og:url\" content=\"https:\/\/www.igenium.ch\/de\/wie-kann-man-die-produktion-seiner-fabrik-optimieren\/\" \/>\n<meta property=\"og:site_name\" content=\"Igenium\" \/>\n<meta property=\"article:modified_time\" content=\"2024-06-24T14:50:05+00:00\" \/>\n<meta property=\"og:image\" content=\"https:\/\/www.igenium.ch\/app\/uploads\/2022\/06\/igenium-transform-1024x567.jpg\" \/>\n<meta name=\"twitter:card\" content=\"summary_large_image\" \/>\n<meta name=\"twitter:label1\" content=\"Est. reading time\" \/>\n\t<meta name=\"twitter:data1\" content=\"3 minutes\" \/>\n<script type=\"application\/ld+json\" class=\"yoast-schema-graph\">{\"@context\":\"https:\/\/schema.org\",\"@graph\":[{\"@type\":\"WebPage\",\"@id\":\"https:\/\/www.igenium.ch\/de\/wie-kann-man-die-produktion-seiner-fabrik-optimieren\/\",\"url\":\"https:\/\/www.igenium.ch\/de\/wie-kann-man-die-produktion-seiner-fabrik-optimieren\/\",\"name\":\"Wie kann man die Produktion seiner Fabrik optimieren? - Igenium\",\"isPartOf\":{\"@id\":\"https:\/\/www.igenium.ch\/de\/#website\"},\"primaryImageOfPage\":{\"@id\":\"https:\/\/www.igenium.ch\/de\/wie-kann-man-die-produktion-seiner-fabrik-optimieren\/#primaryimage\"},\"image\":{\"@id\":\"https:\/\/www.igenium.ch\/de\/wie-kann-man-die-produktion-seiner-fabrik-optimieren\/#primaryimage\"},\"thumbnailUrl\":\"https:\/\/www.igenium.ch\/app\/uploads\/2022\/06\/igenium-transform-1024x567.jpg\",\"datePublished\":\"2024-02-29T11:20:21+00:00\",\"dateModified\":\"2024-06-24T14:50:05+00:00\",\"description\":\"Die Optimierung der industriellen Produktion ist ein echtes strategisches Muss und der beste Trumpf f\u00fcr Unternehmen, die in einem wettbewerbsintensiven Umfeld florieren wollen.\",\"breadcrumb\":{\"@id\":\"https:\/\/www.igenium.ch\/de\/wie-kann-man-die-produktion-seiner-fabrik-optimieren\/#breadcrumb\"},\"inLanguage\":\"de-DE\",\"potentialAction\":[{\"@type\":\"ReadAction\",\"target\":[\"https:\/\/www.igenium.ch\/de\/wie-kann-man-die-produktion-seiner-fabrik-optimieren\/\"]}]},{\"@type\":\"ImageObject\",\"inLanguage\":\"de-DE\",\"@id\":\"https:\/\/www.igenium.ch\/de\/wie-kann-man-die-produktion-seiner-fabrik-optimieren\/#primaryimage\",\"url\":\"https:\/\/www.igenium.ch\/app\/uploads\/2022\/06\/igenium-transform-1024x567.jpg\",\"contentUrl\":\"https:\/\/www.igenium.ch\/app\/uploads\/2022\/06\/igenium-transform-1024x567.jpg\"},{\"@type\":\"BreadcrumbList\",\"@id\":\"https:\/\/www.igenium.ch\/de\/wie-kann-man-die-produktion-seiner-fabrik-optimieren\/#breadcrumb\",\"itemListElement\":[{\"@type\":\"ListItem\",\"position\":1,\"name\":\"Home\",\"item\":\"https:\/\/www.igenium.ch\/de\/\"},{\"@type\":\"ListItem\",\"position\":2,\"name\":\"Wie kann man die Produktion seiner Fabrik optimieren?\"}]},{\"@type\":\"WebSite\",\"@id\":\"https:\/\/www.igenium.ch\/de\/#website\",\"url\":\"https:\/\/www.igenium.ch\/de\/\",\"name\":\"Igenium\",\"description\":\"\",\"publisher\":{\"@id\":\"https:\/\/www.igenium.ch\/de\/#organization\"},\"potentialAction\":[{\"@type\":\"SearchAction\",\"target\":{\"@type\":\"EntryPoint\",\"urlTemplate\":\"https:\/\/www.igenium.ch\/de\/?s={search_term_string}\"},\"query-input\":{\"@type\":\"PropertyValueSpecification\",\"valueRequired\":true,\"valueName\":\"search_term_string\"}}],\"inLanguage\":\"de-DE\"},{\"@type\":\"Organization\",\"@id\":\"https:\/\/www.igenium.ch\/de\/#organization\",\"name\":\"Igenium - IFPC\",\"url\":\"https:\/\/www.igenium.ch\/de\/\",\"logo\":{\"@type\":\"ImageObject\",\"inLanguage\":\"de-DE\",\"@id\":\"https:\/\/www.igenium.ch\/de\/#\/schema\/logo\/image\/\",\"url\":\"https:\/\/www.igenium.ch\/app\/uploads\/2022\/06\/logo.svg\",\"contentUrl\":\"https:\/\/www.igenium.ch\/app\/uploads\/2022\/06\/logo.svg\",\"width\":167,\"height\":130,\"caption\":\"Igenium - IFPC\"},\"image\":{\"@id\":\"https:\/\/www.igenium.ch\/de\/#\/schema\/logo\/image\/\"}}]}<\/script>\n<!-- \/ Yoast SEO plugin. -->","yoast_head_json":{"title":"Wie kann man die Produktion seiner Fabrik optimieren? - Igenium","description":"Die Optimierung der industriellen Produktion ist ein echtes strategisches Muss und der beste Trumpf f\u00fcr Unternehmen, die in einem wettbewerbsintensiven Umfeld florieren wollen.","robots":{"index":"index","follow":"follow","max-snippet":"max-snippet:-1","max-image-preview":"max-image-preview:large","max-video-preview":"max-video-preview:-1"},"canonical":"https:\/\/www.igenium.ch\/de\/wie-kann-man-die-produktion-seiner-fabrik-optimieren\/","og_locale":"de_DE","og_type":"article","og_title":"Wie kann man die Produktion seiner Fabrik optimieren? - Igenium","og_description":"Die Optimierung der industriellen Produktion ist ein echtes strategisches Muss und der beste Trumpf f\u00fcr Unternehmen, die in einem wettbewerbsintensiven Umfeld florieren wollen.","og_url":"https:\/\/www.igenium.ch\/de\/wie-kann-man-die-produktion-seiner-fabrik-optimieren\/","og_site_name":"Igenium","article_modified_time":"2024-06-24T14:50:05+00:00","og_image":[{"url":"https:\/\/www.igenium.ch\/app\/uploads\/2022\/06\/igenium-transform-1024x567.jpg","type":"","width":"","height":""}],"twitter_card":"summary_large_image","twitter_misc":{"Est. reading time":"3 minutes"},"schema":{"@context":"https:\/\/schema.org","@graph":[{"@type":"WebPage","@id":"https:\/\/www.igenium.ch\/de\/wie-kann-man-die-produktion-seiner-fabrik-optimieren\/","url":"https:\/\/www.igenium.ch\/de\/wie-kann-man-die-produktion-seiner-fabrik-optimieren\/","name":"Wie kann man die Produktion seiner Fabrik optimieren? - Igenium","isPartOf":{"@id":"https:\/\/www.igenium.ch\/de\/#website"},"primaryImageOfPage":{"@id":"https:\/\/www.igenium.ch\/de\/wie-kann-man-die-produktion-seiner-fabrik-optimieren\/#primaryimage"},"image":{"@id":"https:\/\/www.igenium.ch\/de\/wie-kann-man-die-produktion-seiner-fabrik-optimieren\/#primaryimage"},"thumbnailUrl":"https:\/\/www.igenium.ch\/app\/uploads\/2022\/06\/igenium-transform-1024x567.jpg","datePublished":"2024-02-29T11:20:21+00:00","dateModified":"2024-06-24T14:50:05+00:00","description":"Die Optimierung der industriellen Produktion ist ein echtes strategisches Muss und der beste Trumpf f\u00fcr Unternehmen, die in einem wettbewerbsintensiven Umfeld florieren wollen.","breadcrumb":{"@id":"https:\/\/www.igenium.ch\/de\/wie-kann-man-die-produktion-seiner-fabrik-optimieren\/#breadcrumb"},"inLanguage":"de-DE","potentialAction":[{"@type":"ReadAction","target":["https:\/\/www.igenium.ch\/de\/wie-kann-man-die-produktion-seiner-fabrik-optimieren\/"]}]},{"@type":"ImageObject","inLanguage":"de-DE","@id":"https:\/\/www.igenium.ch\/de\/wie-kann-man-die-produktion-seiner-fabrik-optimieren\/#primaryimage","url":"https:\/\/www.igenium.ch\/app\/uploads\/2022\/06\/igenium-transform-1024x567.jpg","contentUrl":"https:\/\/www.igenium.ch\/app\/uploads\/2022\/06\/igenium-transform-1024x567.jpg"},{"@type":"BreadcrumbList","@id":"https:\/\/www.igenium.ch\/de\/wie-kann-man-die-produktion-seiner-fabrik-optimieren\/#breadcrumb","itemListElement":[{"@type":"ListItem","position":1,"name":"Home","item":"https:\/\/www.igenium.ch\/de\/"},{"@type":"ListItem","position":2,"name":"Wie kann man die Produktion seiner Fabrik optimieren?"}]},{"@type":"WebSite","@id":"https:\/\/www.igenium.ch\/de\/#website","url":"https:\/\/www.igenium.ch\/de\/","name":"Igenium","description":"","publisher":{"@id":"https:\/\/www.igenium.ch\/de\/#organization"},"potentialAction":[{"@type":"SearchAction","target":{"@type":"EntryPoint","urlTemplate":"https:\/\/www.igenium.ch\/de\/?s={search_term_string}"},"query-input":{"@type":"PropertyValueSpecification","valueRequired":true,"valueName":"search_term_string"}}],"inLanguage":"de-DE"},{"@type":"Organization","@id":"https:\/\/www.igenium.ch\/de\/#organization","name":"Igenium - IFPC","url":"https:\/\/www.igenium.ch\/de\/","logo":{"@type":"ImageObject","inLanguage":"de-DE","@id":"https:\/\/www.igenium.ch\/de\/#\/schema\/logo\/image\/","url":"https:\/\/www.igenium.ch\/app\/uploads\/2022\/06\/logo.svg","contentUrl":"https:\/\/www.igenium.ch\/app\/uploads\/2022\/06\/logo.svg","width":167,"height":130,"caption":"Igenium - IFPC"},"image":{"@id":"https:\/\/www.igenium.ch\/de\/#\/schema\/logo\/image\/"}}]}},"_links":{"self":[{"href":"https:\/\/www.igenium.ch\/de\/wp-json\/wp\/v2\/pages\/3056","targetHints":{"allow":["GET"]}}],"collection":[{"href":"https:\/\/www.igenium.ch\/de\/wp-json\/wp\/v2\/pages"}],"about":[{"href":"https:\/\/www.igenium.ch\/de\/wp-json\/wp\/v2\/types\/page"}],"author":[{"embeddable":true,"href":"https:\/\/www.igenium.ch\/de\/wp-json\/wp\/v2\/users\/1"}],"replies":[{"embeddable":true,"href":"https:\/\/www.igenium.ch\/de\/wp-json\/wp\/v2\/comments?post=3056"}],"version-history":[{"count":2,"href":"https:\/\/www.igenium.ch\/de\/wp-json\/wp\/v2\/pages\/3056\/revisions"}],"predecessor-version":[{"id":3434,"href":"https:\/\/www.igenium.ch\/de\/wp-json\/wp\/v2\/pages\/3056\/revisions\/3434"}],"wp:attachment":[{"href":"https:\/\/www.igenium.ch\/de\/wp-json\/wp\/v2\/media?parent=3056"}],"curies":[{"name":"wp","href":"https:\/\/api.w.org\/{rel}","templated":true}]}}