{"id":3058,"date":"2024-02-29T12:10:08","date_gmt":"2024-02-29T12:10:08","guid":{"rendered":"https:\/\/www.igenium.ch\/?page_id=3058"},"modified":"2024-06-24T14:49:56","modified_gmt":"2024-06-24T14:49:56","slug":"wie-kann-man-die-ausruestung-seiner-fabrik-modernisieren","status":"publish","type":"page","link":"https:\/\/www.igenium.ch\/de\/wie-kann-man-die-ausruestung-seiner-fabrik-modernisieren\/","title":{"rendered":"Wie kann man die Ausr\u00fcstung seiner Fabrik modernisieren?"},"content":{"rendered":"\n\n\n\n\n<section class=\"section--color-default section--align-wide-content section--padding-medium section\" id=\"\" style=\"\">\n    <div class=\"grid-container\">\n\n<h1 class=\"wp-block-heading\">Wie kann man die Ausr\u00fcstung seiner Fabrik modernisieren?<\/h1>\n\n\n\n<p>Innerhalb des Industriesektors gibt es eine hartn\u00e4ckige Frage: <strong>In neue Anlagen investieren oder die Anlagen modernisieren?<\/strong> Die Modernisierung ist mehr als nur ein Trend, denn sie erm\u00f6glicht es den Fabriken, das Beste aus ihren Industrieanlagen herauszuholen und gleichzeitig Geld zu sparen. Dieser proaktive Ansatz ist ein echter strategischer Hebel und erm\u00f6glicht es den Fabriken, in einem sich st\u00e4ndig ver\u00e4ndernden industriellen Umfeld wettbewerbsf\u00e4hig zu bleiben.<\/p>\n\n\n\n<div class=\"wp-block-columns is-layout-flex wp-container-core-columns-is-layout-9d6595d7 wp-block-columns-is-layout-flex\">\n<div class=\"wp-block-column is-layout-flow wp-block-column-is-layout-flow\">\n<h2 class=\"wp-block-heading\">Welche Vorteile bietet die Modernisierung von Fabrikanlagen?&nbsp;&nbsp;<\/h2>\n\n\n\n<p>Wenn Sie Ihre Produktionsanlagen modernisieren, profitieren Sie von zahlreichen Vorteilen:&nbsp;&nbsp;&nbsp;<\/p>\n\n\n\n<h3 class=\"wp-block-heading\">Sie steigern Ihre Leistung durch die Modernisierung Ihrer industriellen Prozesse.&nbsp;&nbsp;<\/h3>\n\n\n\n<p>Die Modernisierung der Fabrikausr\u00fcstung bringt eine deutliche Verbesserung der betrieblichen Leistung. Durch die Erh\u00f6hung ihrer Energieeffizienz und die Verbesserung ihrer Genauigkeit erhalten Sie schnellere, pr\u00e4zisere und zuverl\u00e4ssigere Maschinen.&nbsp;&nbsp;<\/p>\n\n\n\n<h3 class=\"wp-block-heading\">Anpassung an geltende Vorschriften und Standards&nbsp;&nbsp;<\/h3>\n\n\n\n<p>Da sich die Industrie st\u00e4ndig weiterentwickelt, ist die Einhaltung der gesetzlichen Vorschriften ein entscheidender Punkt. Die Umgestaltung einer Fabrik erm\u00f6glicht es Ihnen, Ihre Anlagen an die geltenden Normen anzupassen, wodurch das Risiko von Nichteinhaltung minimiert und der Schutz Ihrer Mitarbeiter gew\u00e4hrleistet wird.&nbsp;<\/p>\n\n\n\n<h3 class=\"wp-block-heading\">Kostensenkung durch die Modernisierung Ihrer Fabrik.&nbsp;&nbsp;<\/h3>\n\n\n\n<p>Durch die Modernisierung Ihrer Produktionsanlagen k\u00f6nnen Sie <strong>die Energieeffizienz verbessern<\/strong> und somit Ihre Betriebskosten senken. Gleichzeitig ben\u00f6tigen moderne Anlagen weniger Wartung, wodurch die Kosten f\u00fcr Reparaturen und Ausfallzeiten begrenzt werden.&nbsp;&nbsp;<\/p>\n\n\n\n<h3 class=\"wp-block-heading\">Die Lebensdauer von Ger\u00e4ten wird verl\u00e4ngert.&nbsp;&nbsp;<\/h3>\n\n\n\n<p>Die Veralterung von Anlagen ist eine gro\u00dfe Herausforderung. Durch die Modernisierung Ihrer Fabrik k\u00f6nnen Sie dieser Herausforderung begegnen, indem Sie die Lebensdauer Ihrer Maschinen verl\u00e4ngern und gleichzeitig ihre Funktionalit\u00e4t und Effizienz aufrechterhalten. Dies garantiert Ihnen einen kontinuierlichen Betrieb ohne Unterbrechungen aufgrund veralteter Maschinen.&nbsp;<\/p>\n<\/div>\n\n\n\n<div class=\"wp-block-column is-layout-flow wp-block-column-is-layout-flow\">\n<figure class=\"wp-block-image size-large\"><img loading=\"lazy\" decoding=\"async\" width=\"894\" height=\"1024\" src=\"https:\/\/www.igenium.ch\/app\/uploads\/2022\/06\/project_ownership_epcm-894x1024.jpg\" alt=\"project ownership epcm\" class=\"wp-image-73\" srcset=\"https:\/\/www.igenium.ch\/app\/uploads\/2022\/06\/project_ownership_epcm-894x1024.jpg 894w, https:\/\/www.igenium.ch\/app\/uploads\/2022\/06\/project_ownership_epcm-262x300.jpg 262w, https:\/\/www.igenium.ch\/app\/uploads\/2022\/06\/project_ownership_epcm-768x880.jpg 768w, https:\/\/www.igenium.ch\/app\/uploads\/2022\/06\/project_ownership_epcm.jpg 960w\" sizes=\"auto, (max-width: 894px) 100vw, 894px\" \/><\/figure>\n\n\n\n<h2 class=\"wp-block-heading\">Wie modernisieren Sie Ihre Industrieanlagen?&nbsp;&nbsp;<\/h2>\n\n\n\n<p>Die Modernisierung Ihrer Industrieanlagen erweist sich als ein entscheidender Schritt zur Optimierung Ihrer Produktionsprozesse. Um diesen Schritt zu unternehmen, sollten Sie die folgenden Schritte beachten:&nbsp;&nbsp;<\/p>\n\n\n\n<h3 class=\"wp-block-heading\">Bewertung der Industrieanlagen&nbsp;&nbsp;<\/h3>\n\n\n\n<p>&nbsp;Zuallererst sollten Sie den Zustand Ihrer derzeitigen Anlagen gr\u00fcndlich bewerten. \u00dcberpr\u00fcfen Sie ihre Leistung, die geltenden Normen, ihre Wartungskosten und den Grad ihrer Veralterung. Dieser Schritt wird Ihnen helfen, Ihre strategischen Entscheidungen \u00fcber die Modernisierung in die richtige Richtung zu lenken.&nbsp;<\/p>\n\n\n\n<h3 class=\"wp-block-heading\">Festlegung von Zielen f\u00fcr die Modernisierung von Fabrikanlagen.&nbsp;&nbsp;<\/h3>\n\n\n\n<p>Als N\u00e4chstes m\u00fcssen Sie Ihre Modernisierungsziele festlegen, die auf Ihrer Analyse und Ihren Bed\u00fcrfnissen basieren. Ihre Ziele k\u00f6nnen darin bestehen, Ihre Produktivit\u00e4t zu steigern, Ihre Betriebskosten zu senken oder neue Funktionen zu integrieren.&nbsp;&nbsp;<\/p>\n\n\n\n<h3 class=\"wp-block-heading\">Planung und Installation&nbsp;&nbsp;<\/h3>\n\n\n\n<p>Anschlie\u00dfend k\u00f6nnen Sie sich der Planung Ihrer Modernisierung zuwenden. Legen Sie dazu alle notwendigen Schritte, Fristen und Ressourcen fest. Anschlie\u00dfend k\u00f6nnen Sie Ihre neuen Ger\u00e4te installieren oder die notwendigen Upgrades durchf\u00fchren und dabei alle geltenden Vorschriften und Standards einhalten.&nbsp;&nbsp;<\/p>\n\n\n\n<h3 class=\"wp-block-heading\">\u00dcberwachung und Analyse der Leistung&nbsp;&nbsp;<\/h3>\n\n\n\n<p>Nach der Neugestaltung der Fabrik ist es wichtig, die Leistung Ihrer neuen Industrieanlagen genau zu \u00fcberwachen. Anhand dieser Daten k\u00f6nnen Sie die Wirksamkeit Ihrer Ma\u00dfnahmen messen und Anpassungen einleiten, um eine kontinuierliche Optimierung zu gew\u00e4hrleisten.&nbsp;&nbsp;<\/p>\n\n\n\n<p>Die Modernisierung Ihrer Produktionsanlagen ist weit mehr als nur ein technischer Prozess, sie ist eine strategische Investition, die Ihre Fabrik in ein neues Zeitalter der Effizienz und Wettbewerbsf\u00e4higkeit katapultieren kann. Durch die Einbeziehung von Praktiken wie Retrofit oder Industrial Revamping erm\u00f6glicht Ihnen die Modernisierung, den Fortbestand Ihrer Fabrik in der Industrielandschaft zu sichern.&nbsp;<\/p>\n<\/div>\n<\/div>\n\n<\/div>\n<\/section>\n","protected":false},"excerpt":{"rendered":"<p>Innerhalb des Industriesektors gibt es eine hartn\u00e4ckige Frage: In neue Anlagen investieren oder die Anlagen modernisieren?<\/p>\n","protected":false},"author":1,"featured_media":0,"parent":0,"menu_order":0,"comment_status":"closed","ping_status":"closed","template":"","meta":{"_acf_changed":false,"inline_featured_image":false,"footnotes":""},"class_list":["post-3058","page","type-page","status-publish","hentry"],"acf":[],"yoast_head":"<!-- This site is optimized with the Yoast SEO plugin v25.7 - https:\/\/yoast.com\/wordpress\/plugins\/seo\/ -->\n<title>Wie kann man die Ausr\u00fcstung seiner Fabrik modernisieren? - Igenium<\/title>\n<meta name=\"description\" content=\"Innerhalb des Industriesektors gibt es eine hartn\u00e4ckige Frage: In neue Anlagen investieren oder die Anlagen modernisieren?\" \/>\n<meta name=\"robots\" content=\"index, follow, max-snippet:-1, max-image-preview:large, max-video-preview:-1\" \/>\n<link rel=\"canonical\" href=\"https:\/\/www.igenium.ch\/de\/wie-kann-man-die-ausruestung-seiner-fabrik-modernisieren\/\" \/>\n<meta property=\"og:locale\" content=\"de_DE\" \/>\n<meta property=\"og:type\" content=\"article\" \/>\n<meta property=\"og:title\" content=\"Wie kann man die Ausr\u00fcstung seiner Fabrik modernisieren? - Igenium\" \/>\n<meta property=\"og:description\" content=\"Innerhalb des Industriesektors gibt es eine hartn\u00e4ckige Frage: In neue Anlagen investieren oder die Anlagen modernisieren?\" \/>\n<meta property=\"og:url\" content=\"https:\/\/www.igenium.ch\/de\/wie-kann-man-die-ausruestung-seiner-fabrik-modernisieren\/\" \/>\n<meta property=\"og:site_name\" content=\"Igenium\" \/>\n<meta property=\"article:modified_time\" content=\"2024-06-24T14:49:56+00:00\" \/>\n<meta property=\"og:image\" content=\"https:\/\/www.igenium.ch\/app\/uploads\/2022\/06\/project_ownership_epcm-894x1024.jpg\" \/>\n<meta name=\"twitter:card\" content=\"summary_large_image\" \/>\n<meta name=\"twitter:label1\" content=\"Est. reading time\" \/>\n\t<meta name=\"twitter:data1\" content=\"3 minutes\" \/>\n<script type=\"application\/ld+json\" class=\"yoast-schema-graph\">{\"@context\":\"https:\/\/schema.org\",\"@graph\":[{\"@type\":\"WebPage\",\"@id\":\"https:\/\/www.igenium.ch\/de\/wie-kann-man-die-ausruestung-seiner-fabrik-modernisieren\/\",\"url\":\"https:\/\/www.igenium.ch\/de\/wie-kann-man-die-ausruestung-seiner-fabrik-modernisieren\/\",\"name\":\"Wie kann man die Ausr\u00fcstung seiner Fabrik modernisieren? - Igenium\",\"isPartOf\":{\"@id\":\"https:\/\/www.igenium.ch\/de\/#website\"},\"primaryImageOfPage\":{\"@id\":\"https:\/\/www.igenium.ch\/de\/wie-kann-man-die-ausruestung-seiner-fabrik-modernisieren\/#primaryimage\"},\"image\":{\"@id\":\"https:\/\/www.igenium.ch\/de\/wie-kann-man-die-ausruestung-seiner-fabrik-modernisieren\/#primaryimage\"},\"thumbnailUrl\":\"https:\/\/www.igenium.ch\/app\/uploads\/2022\/06\/project_ownership_epcm-894x1024.jpg\",\"datePublished\":\"2024-02-29T12:10:08+00:00\",\"dateModified\":\"2024-06-24T14:49:56+00:00\",\"description\":\"Innerhalb des Industriesektors gibt es eine hartn\u00e4ckige Frage: In neue Anlagen investieren oder die Anlagen modernisieren?\",\"breadcrumb\":{\"@id\":\"https:\/\/www.igenium.ch\/de\/wie-kann-man-die-ausruestung-seiner-fabrik-modernisieren\/#breadcrumb\"},\"inLanguage\":\"de-DE\",\"potentialAction\":[{\"@type\":\"ReadAction\",\"target\":[\"https:\/\/www.igenium.ch\/de\/wie-kann-man-die-ausruestung-seiner-fabrik-modernisieren\/\"]}]},{\"@type\":\"ImageObject\",\"inLanguage\":\"de-DE\",\"@id\":\"https:\/\/www.igenium.ch\/de\/wie-kann-man-die-ausruestung-seiner-fabrik-modernisieren\/#primaryimage\",\"url\":\"https:\/\/www.igenium.ch\/app\/uploads\/2022\/06\/project_ownership_epcm-894x1024.jpg\",\"contentUrl\":\"https:\/\/www.igenium.ch\/app\/uploads\/2022\/06\/project_ownership_epcm-894x1024.jpg\"},{\"@type\":\"BreadcrumbList\",\"@id\":\"https:\/\/www.igenium.ch\/de\/wie-kann-man-die-ausruestung-seiner-fabrik-modernisieren\/#breadcrumb\",\"itemListElement\":[{\"@type\":\"ListItem\",\"position\":1,\"name\":\"Home\",\"item\":\"https:\/\/www.igenium.ch\/de\/\"},{\"@type\":\"ListItem\",\"position\":2,\"name\":\"Wie kann man die Ausr\u00fcstung seiner Fabrik modernisieren?\"}]},{\"@type\":\"WebSite\",\"@id\":\"https:\/\/www.igenium.ch\/de\/#website\",\"url\":\"https:\/\/www.igenium.ch\/de\/\",\"name\":\"Igenium\",\"description\":\"\",\"publisher\":{\"@id\":\"https:\/\/www.igenium.ch\/de\/#organization\"},\"potentialAction\":[{\"@type\":\"SearchAction\",\"target\":{\"@type\":\"EntryPoint\",\"urlTemplate\":\"https:\/\/www.igenium.ch\/de\/?s={search_term_string}\"},\"query-input\":{\"@type\":\"PropertyValueSpecification\",\"valueRequired\":true,\"valueName\":\"search_term_string\"}}],\"inLanguage\":\"de-DE\"},{\"@type\":\"Organization\",\"@id\":\"https:\/\/www.igenium.ch\/de\/#organization\",\"name\":\"Igenium - IFPC\",\"url\":\"https:\/\/www.igenium.ch\/de\/\",\"logo\":{\"@type\":\"ImageObject\",\"inLanguage\":\"de-DE\",\"@id\":\"https:\/\/www.igenium.ch\/de\/#\/schema\/logo\/image\/\",\"url\":\"https:\/\/www.igenium.ch\/app\/uploads\/2022\/06\/logo.svg\",\"contentUrl\":\"https:\/\/www.igenium.ch\/app\/uploads\/2022\/06\/logo.svg\",\"width\":167,\"height\":130,\"caption\":\"Igenium - IFPC\"},\"image\":{\"@id\":\"https:\/\/www.igenium.ch\/de\/#\/schema\/logo\/image\/\"}}]}<\/script>\n<!-- \/ Yoast SEO plugin. -->","yoast_head_json":{"title":"Wie kann man die Ausr\u00fcstung seiner Fabrik modernisieren? - Igenium","description":"Innerhalb des Industriesektors gibt es eine hartn\u00e4ckige Frage: In neue Anlagen investieren oder die Anlagen modernisieren?","robots":{"index":"index","follow":"follow","max-snippet":"max-snippet:-1","max-image-preview":"max-image-preview:large","max-video-preview":"max-video-preview:-1"},"canonical":"https:\/\/www.igenium.ch\/de\/wie-kann-man-die-ausruestung-seiner-fabrik-modernisieren\/","og_locale":"de_DE","og_type":"article","og_title":"Wie kann man die Ausr\u00fcstung seiner Fabrik modernisieren? - Igenium","og_description":"Innerhalb des Industriesektors gibt es eine hartn\u00e4ckige Frage: In neue Anlagen investieren oder die Anlagen modernisieren?","og_url":"https:\/\/www.igenium.ch\/de\/wie-kann-man-die-ausruestung-seiner-fabrik-modernisieren\/","og_site_name":"Igenium","article_modified_time":"2024-06-24T14:49:56+00:00","og_image":[{"url":"https:\/\/www.igenium.ch\/app\/uploads\/2022\/06\/project_ownership_epcm-894x1024.jpg","type":"","width":"","height":""}],"twitter_card":"summary_large_image","twitter_misc":{"Est. reading time":"3 minutes"},"schema":{"@context":"https:\/\/schema.org","@graph":[{"@type":"WebPage","@id":"https:\/\/www.igenium.ch\/de\/wie-kann-man-die-ausruestung-seiner-fabrik-modernisieren\/","url":"https:\/\/www.igenium.ch\/de\/wie-kann-man-die-ausruestung-seiner-fabrik-modernisieren\/","name":"Wie kann man die Ausr\u00fcstung seiner Fabrik modernisieren? - Igenium","isPartOf":{"@id":"https:\/\/www.igenium.ch\/de\/#website"},"primaryImageOfPage":{"@id":"https:\/\/www.igenium.ch\/de\/wie-kann-man-die-ausruestung-seiner-fabrik-modernisieren\/#primaryimage"},"image":{"@id":"https:\/\/www.igenium.ch\/de\/wie-kann-man-die-ausruestung-seiner-fabrik-modernisieren\/#primaryimage"},"thumbnailUrl":"https:\/\/www.igenium.ch\/app\/uploads\/2022\/06\/project_ownership_epcm-894x1024.jpg","datePublished":"2024-02-29T12:10:08+00:00","dateModified":"2024-06-24T14:49:56+00:00","description":"Innerhalb des Industriesektors gibt es eine hartn\u00e4ckige Frage: In neue Anlagen investieren oder die Anlagen modernisieren?","breadcrumb":{"@id":"https:\/\/www.igenium.ch\/de\/wie-kann-man-die-ausruestung-seiner-fabrik-modernisieren\/#breadcrumb"},"inLanguage":"de-DE","potentialAction":[{"@type":"ReadAction","target":["https:\/\/www.igenium.ch\/de\/wie-kann-man-die-ausruestung-seiner-fabrik-modernisieren\/"]}]},{"@type":"ImageObject","inLanguage":"de-DE","@id":"https:\/\/www.igenium.ch\/de\/wie-kann-man-die-ausruestung-seiner-fabrik-modernisieren\/#primaryimage","url":"https:\/\/www.igenium.ch\/app\/uploads\/2022\/06\/project_ownership_epcm-894x1024.jpg","contentUrl":"https:\/\/www.igenium.ch\/app\/uploads\/2022\/06\/project_ownership_epcm-894x1024.jpg"},{"@type":"BreadcrumbList","@id":"https:\/\/www.igenium.ch\/de\/wie-kann-man-die-ausruestung-seiner-fabrik-modernisieren\/#breadcrumb","itemListElement":[{"@type":"ListItem","position":1,"name":"Home","item":"https:\/\/www.igenium.ch\/de\/"},{"@type":"ListItem","position":2,"name":"Wie kann man die Ausr\u00fcstung seiner Fabrik modernisieren?"}]},{"@type":"WebSite","@id":"https:\/\/www.igenium.ch\/de\/#website","url":"https:\/\/www.igenium.ch\/de\/","name":"Igenium","description":"","publisher":{"@id":"https:\/\/www.igenium.ch\/de\/#organization"},"potentialAction":[{"@type":"SearchAction","target":{"@type":"EntryPoint","urlTemplate":"https:\/\/www.igenium.ch\/de\/?s={search_term_string}"},"query-input":{"@type":"PropertyValueSpecification","valueRequired":true,"valueName":"search_term_string"}}],"inLanguage":"de-DE"},{"@type":"Organization","@id":"https:\/\/www.igenium.ch\/de\/#organization","name":"Igenium - IFPC","url":"https:\/\/www.igenium.ch\/de\/","logo":{"@type":"ImageObject","inLanguage":"de-DE","@id":"https:\/\/www.igenium.ch\/de\/#\/schema\/logo\/image\/","url":"https:\/\/www.igenium.ch\/app\/uploads\/2022\/06\/logo.svg","contentUrl":"https:\/\/www.igenium.ch\/app\/uploads\/2022\/06\/logo.svg","width":167,"height":130,"caption":"Igenium - IFPC"},"image":{"@id":"https:\/\/www.igenium.ch\/de\/#\/schema\/logo\/image\/"}}]}},"_links":{"self":[{"href":"https:\/\/www.igenium.ch\/de\/wp-json\/wp\/v2\/pages\/3058","targetHints":{"allow":["GET"]}}],"collection":[{"href":"https:\/\/www.igenium.ch\/de\/wp-json\/wp\/v2\/pages"}],"about":[{"href":"https:\/\/www.igenium.ch\/de\/wp-json\/wp\/v2\/types\/page"}],"author":[{"embeddable":true,"href":"https:\/\/www.igenium.ch\/de\/wp-json\/wp\/v2\/users\/1"}],"replies":[{"embeddable":true,"href":"https:\/\/www.igenium.ch\/de\/wp-json\/wp\/v2\/comments?post=3058"}],"version-history":[{"count":2,"href":"https:\/\/www.igenium.ch\/de\/wp-json\/wp\/v2\/pages\/3058\/revisions"}],"predecessor-version":[{"id":3433,"href":"https:\/\/www.igenium.ch\/de\/wp-json\/wp\/v2\/pages\/3058\/revisions\/3433"}],"wp:attachment":[{"href":"https:\/\/www.igenium.ch\/de\/wp-json\/wp\/v2\/media?parent=3058"}],"curies":[{"name":"wp","href":"https:\/\/api.w.org\/{rel}","templated":true}]}}