{"id":2736,"date":"2023-10-16T12:44:43","date_gmt":"2023-10-16T12:44:43","guid":{"rendered":"https:\/\/www.igenium.ch\/?page_id=2736"},"modified":"2023-12-11T10:48:14","modified_gmt":"2023-12-11T10:48:14","slug":"industrie-4-0","status":"publish","type":"page","link":"https:\/\/www.igenium.ch\/fr\/industrie-4-0\/","title":{"rendered":"Industrie 4.0"},"content":{"rendered":"\n\n\n\n\n<section class=\"section--color-default section--align-wide-content section--padding-medium section\" id=\"\" style=\"\">\n    <div class=\"grid-container\">\n\n<div class=\"wp-block-columns is-layout-flex wp-container-core-columns-is-layout-9d6595d7 wp-block-columns-is-layout-flex\">\n<div class=\"wp-block-column is-layout-flow wp-block-column-is-layout-flow\">\n    \n    <h1 class=\"text-left title-double\">\n            <span class=\"title-double__line1\">L\u2019usine 4.0 <\/span>\n                <span class=\"title-double__line2\">au service de la performance<\/span>\n        <\/h1>\n\n\n\n<p>Le monde industriel conna\u00eet aujourd\u2019hui une r\u00e9volution sans pr\u00e9c\u00e9dent avec l\u2019av\u00e8nement de l\u2019industrie 4.0. Cette nouvelle g\u00e9n\u00e9ration d\u2019usines, \u00e9galement appel\u00e9es <strong>usine 4.0 ou factory 4.0<\/strong>, repose sur l\u2019int\u00e9gration des technologies num\u00e9riques au sein des installations pour accro\u00eetre leur performance et r\u00e9pondre aux enjeux actuels des entreprises.&nbsp;<\/p>\n\n\n\n<h2 class=\"wp-block-heading\"><strong>Qu\u2019est-ce que l\u2019industrie 4.0 ?<\/strong>&nbsp;<\/h2>\n\n\n\n<p>L\u2019<strong>industrie 4.0, aussi surnomm\u00e9e l\u2019industrie du futur<\/strong>, d\u00e9signe la quatri\u00e8me r\u00e9volution industrielle, qui s\u2019appuie sur l\u2019informatisation et l\u2019automatisation des processus de production. Ce nouvel essor technologique vise \u00e0 offrir une meilleure efficacit\u00e9 et une performance boost\u00e9e des usines. En adoptant ces nouvelles m\u00e9thodes de production, les entreprises souhaitent ainsi am\u00e9liorer leur comp\u00e9titivit\u00e9 et leur productivit\u00e9.&nbsp;<\/p>\n\n\n\n<h3 class=\"wp-block-heading\">Quels sont ses piliers ?\u00a0<\/h3>\n\n\n\n<p>Une usine 4.0 s\u2019appuie sur plusieurs piliers :&nbsp;<\/p>\n\n\n\n<ul class=\"wp-block-list\">\n<li><strong>La digitalisation<\/strong> des outils de conception et de production permettant l\u2019\u00e9change de donn\u00e9es en temps r\u00e9el entre les diff\u00e9rents acteurs impliqu\u00e9s dans le processus de fabrication.&nbsp;<\/li>\n<\/ul>\n\n\n\n<ul class=\"wp-block-list\">\n<li><strong>L\u2019interconnexion<\/strong> des machines et des \u00e9quipements pour faciliter la communication entre les diff\u00e9rents \u00e9l\u00e9ments du syst\u00e8me de production et pour optimiser l\u2019utilisation des ressources.&nbsp;<\/li>\n\n\n\n<li><strong>La robotisation<\/strong> des t\u00e2ches, avec l\u2019utilisation de robots capables de travailler en collaboration avec les humains et d\u2019ex\u00e9cuter des op\u00e9rations complexes et pr\u00e9cises&nbsp;<\/li>\n\n\n\n<li><strong>L\u2019intelligence artificielle<\/strong>, qui permet notamment aux entreprises de mieux anticiper les besoins, d\u2019optimiser la gestion des stocks et de prendre des d\u00e9cisions \u00e9clair\u00e9es bas\u00e9es sur des donn\u00e9es r\u00e9elles.&nbsp;<\/li>\n\n\n\n<li><strong>Les syst\u00e8mes cyber-physiques <\/strong>capables de surveiller et d\u2019analyser les propri\u00e9t\u00e9s des objets et des processus physiques afin d\u2019am\u00e9liorer leur fonctionnement gr\u00e2ce \u00e0 des commandes num\u00e9riques.\u00a0<\/li>\n<\/ul>\n\n\n\n<h2 class=\"wp-block-heading\">Les principaux avantages d\u2019une usine 4.0\u00a0<\/h2>\n\n\n\n<p>Adopter ce mode de production repr\u00e9sente plusieurs avantages pour les entreprises :<\/p>\n\n\n\n<ul class=\"wp-block-list\">\n<li><strong>L\u2019am\u00e9lioration de la productivit\u00e9<\/strong> gr\u00e2ce \u00e0 une meilleure synchronisation des cha\u00eenes de production et \u00e0 la d\u00e9tection rapide des anomalies.&nbsp;<\/li>\n\n\n\n<li><strong>La r\u00e9duction des co\u00fbts<\/strong> de production gr\u00e2ce \u00e0 une maintenance optimis\u00e9e et \u00e0 la ma\u00eetrise de la consommation \u00e9nerg\u00e9tique.<\/li>\n\n\n\n<li><strong>La flexibilit\u00e9 de production<\/strong> qui permet de s\u2019adapter rapidement aux \u00e9volutions du march\u00e9.&nbsp;<\/li>\n\n\n\n<li><strong>La qualit\u00e9<\/strong> des produits gr\u00e2ce \u00e0 un contr\u00f4le plus pr\u00e9cis et en temps r\u00e9el, r\u00e9duisant ainsi les d\u00e9faillances.&nbsp;<\/li>\n\n\n\n<li><strong>L\u2019am\u00e9lioration des conditions de travail<\/strong>, avec la suppression de certaines t\u00e2ches r\u00e9p\u00e9titives et p\u00e9nibles pour l\u2019humain.<\/li>\n<\/ul>\n<\/div>\n\n\n\n<div class=\"wp-block-column is-layout-flow wp-block-column-is-layout-flow\">\n<figure class=\"wp-block-image size-large\"><img loading=\"lazy\" decoding=\"async\" width=\"894\" height=\"1024\" src=\"https:\/\/www.igenium.ch\/app\/uploads\/2022\/06\/consulting_engineering_expertise-894x1024.jpg\" alt=\"consulting engineering expertise\" class=\"wp-image-66\" srcset=\"https:\/\/www.igenium.ch\/app\/uploads\/2022\/06\/consulting_engineering_expertise-894x1024.jpg 894w, https:\/\/www.igenium.ch\/app\/uploads\/2022\/06\/consulting_engineering_expertise-170x195.jpg 170w, https:\/\/www.igenium.ch\/app\/uploads\/2022\/06\/consulting_engineering_expertise-40x46.jpg 40w, https:\/\/www.igenium.ch\/app\/uploads\/2022\/06\/consulting_engineering_expertise-262x300.jpg 262w, https:\/\/www.igenium.ch\/app\/uploads\/2022\/06\/consulting_engineering_expertise-768x880.jpg 768w, https:\/\/www.igenium.ch\/app\/uploads\/2022\/06\/consulting_engineering_expertise.jpg 960w\" sizes=\"auto, (max-width: 894px) 100vw, 894px\" \/><\/figure>\n\n\n\n<h2 class=\"wp-block-heading\"><strong>Les d\u00e9fis \u00e0 relever pour int\u00e9grer la factory 4.0<\/strong>&nbsp;<\/h2>\n\n\n\n<p>Malgr\u00e9 de nombreux avantages, il est important de garder \u00e0 l\u2019esprit que <strong>la mise en place d\u2019une usine 4.0 n\u00e9cessite \u00e9galement de faire face \u00e0 plusieurs d\u00e9fis<\/strong>.\u00a0<\/p>\n\n\n\n<p>L\u2019introduction de nouvelles technologies demande des <strong>investissements importants<\/strong> difficilement accessibles pour certaines entreprises, notamment les PME et TPE. En parall\u00e8le, il est n\u00e9cessaire de <strong>former et de recruter<\/strong> le personnel disposant des comp\u00e9tences ad\u00e9quates pour maitriser les syst\u00e8mes, technologies robotiques&#8230; Par ailleurs, une usine connect\u00e9e est aussi plus expos\u00e9e aux cyberattaques, il est donc essentiel de mettre en place des <strong>strat\u00e9gies de cybers\u00e9curit\u00e9<\/strong> pour prot\u00e9ger ses donn\u00e9es et son syst\u00e8me de production. Enfin, il est primordial de<strong> veiller au respect des normes et des r\u00e9glementations<\/strong> actuelles, notamment en mati\u00e8re de protection des travailleurs et de qualit\u00e9 des produits.&nbsp;<\/p>\n<\/div>\n<\/div>\n\n<\/div>\n<\/section>\n","protected":false},"excerpt":{"rendered":"<p>Ajouter un extrait manuellement<\/p>\n","protected":false},"author":1,"featured_media":0,"parent":0,"menu_order":0,"comment_status":"closed","ping_status":"closed","template":"","meta":{"_acf_changed":false,"inline_featured_image":false,"footnotes":""},"class_list":["post-2736","page","type-page","status-publish","hentry"],"acf":[],"yoast_head":"<!-- This site is optimized with the Yoast SEO plugin v25.7 - https:\/\/yoast.com\/wordpress\/plugins\/seo\/ -->\n<title>Industrie 4.0, usine 4.0, factory 4.0 nouvelle g\u00e9n\u00e9ration d&#039;usine<\/title>\n<meta name=\"description\" content=\"Une nouvelle g\u00e9n\u00e9ration d\u2019usines, \u00e9galement appel\u00e9es usine 4.0 ou factory 4.0, reposant sur l\u2019int\u00e9gration des technologies num\u00e9riques.\" \/>\n<meta name=\"robots\" content=\"index, follow, max-snippet:-1, max-image-preview:large, max-video-preview:-1\" \/>\n<link rel=\"canonical\" href=\"https:\/\/www.igenium.ch\/fr\/industrie-4-0\/\" \/>\n<meta property=\"og:locale\" content=\"fr_FR\" \/>\n<meta property=\"og:type\" content=\"article\" \/>\n<meta property=\"og:title\" content=\"Industrie 4.0, usine 4.0, factory 4.0 nouvelle g\u00e9n\u00e9ration d&#039;usine\" \/>\n<meta property=\"og:description\" content=\"Une nouvelle g\u00e9n\u00e9ration d\u2019usines, \u00e9galement appel\u00e9es usine 4.0 ou factory 4.0, reposant sur l\u2019int\u00e9gration des technologies num\u00e9riques.\" \/>\n<meta property=\"og:url\" content=\"https:\/\/www.igenium.ch\/fr\/industrie-4-0\/\" \/>\n<meta property=\"og:site_name\" content=\"Igenium\" \/>\n<meta property=\"article:modified_time\" content=\"2023-12-11T10:48:14+00:00\" \/>\n<meta property=\"og:image\" content=\"https:\/\/www.igenium.ch\/app\/uploads\/2022\/06\/consulting_engineering_expertise-894x1024.jpg\" \/>\n<meta name=\"twitter:card\" content=\"summary_large_image\" \/>\n<meta name=\"twitter:label1\" content=\"Dur\u00e9e de lecture estim\u00e9e\" \/>\n\t<meta name=\"twitter:data1\" content=\"3 minutes\" \/>\n<script type=\"application\/ld+json\" class=\"yoast-schema-graph\">{\"@context\":\"https:\/\/schema.org\",\"@graph\":[{\"@type\":\"WebPage\",\"@id\":\"https:\/\/www.igenium.ch\/fr\/industrie-4-0\/\",\"url\":\"https:\/\/www.igenium.ch\/fr\/industrie-4-0\/\",\"name\":\"Industrie 4.0, usine 4.0, factory 4.0 nouvelle g\u00e9n\u00e9ration d'usine\",\"isPartOf\":{\"@id\":\"https:\/\/www.igenium.ch\/fr\/#website\"},\"primaryImageOfPage\":{\"@id\":\"https:\/\/www.igenium.ch\/fr\/industrie-4-0\/#primaryimage\"},\"image\":{\"@id\":\"https:\/\/www.igenium.ch\/fr\/industrie-4-0\/#primaryimage\"},\"thumbnailUrl\":\"https:\/\/www.igenium.ch\/app\/uploads\/2022\/06\/consulting_engineering_expertise-894x1024.jpg\",\"datePublished\":\"2023-10-16T12:44:43+00:00\",\"dateModified\":\"2023-12-11T10:48:14+00:00\",\"description\":\"Une nouvelle g\u00e9n\u00e9ration d\u2019usines, \u00e9galement appel\u00e9es usine 4.0 ou factory 4.0, reposant sur l\u2019int\u00e9gration des technologies num\u00e9riques.\",\"breadcrumb\":{\"@id\":\"https:\/\/www.igenium.ch\/fr\/industrie-4-0\/#breadcrumb\"},\"inLanguage\":\"fr-FR\",\"potentialAction\":[{\"@type\":\"ReadAction\",\"target\":[\"https:\/\/www.igenium.ch\/fr\/industrie-4-0\/\"]}]},{\"@type\":\"ImageObject\",\"inLanguage\":\"fr-FR\",\"@id\":\"https:\/\/www.igenium.ch\/fr\/industrie-4-0\/#primaryimage\",\"url\":\"https:\/\/www.igenium.ch\/app\/uploads\/2022\/06\/consulting_engineering_expertise-894x1024.jpg\",\"contentUrl\":\"https:\/\/www.igenium.ch\/app\/uploads\/2022\/06\/consulting_engineering_expertise-894x1024.jpg\"},{\"@type\":\"BreadcrumbList\",\"@id\":\"https:\/\/www.igenium.ch\/fr\/industrie-4-0\/#breadcrumb\",\"itemListElement\":[{\"@type\":\"ListItem\",\"position\":1,\"name\":\"Home\",\"item\":\"https:\/\/www.igenium.ch\/fr\/\"},{\"@type\":\"ListItem\",\"position\":2,\"name\":\"Industrie 4.0\"}]},{\"@type\":\"WebSite\",\"@id\":\"https:\/\/www.igenium.ch\/fr\/#website\",\"url\":\"https:\/\/www.igenium.ch\/fr\/\",\"name\":\"Igenium\",\"description\":\"\",\"publisher\":{\"@id\":\"https:\/\/www.igenium.ch\/fr\/#organization\"},\"potentialAction\":[{\"@type\":\"SearchAction\",\"target\":{\"@type\":\"EntryPoint\",\"urlTemplate\":\"https:\/\/www.igenium.ch\/fr\/?s={search_term_string}\"},\"query-input\":{\"@type\":\"PropertyValueSpecification\",\"valueRequired\":true,\"valueName\":\"search_term_string\"}}],\"inLanguage\":\"fr-FR\"},{\"@type\":\"Organization\",\"@id\":\"https:\/\/www.igenium.ch\/fr\/#organization\",\"name\":\"Igenium - IFPC\",\"url\":\"https:\/\/www.igenium.ch\/fr\/\",\"logo\":{\"@type\":\"ImageObject\",\"inLanguage\":\"fr-FR\",\"@id\":\"https:\/\/www.igenium.ch\/fr\/#\/schema\/logo\/image\/\",\"url\":\"https:\/\/www.igenium.ch\/app\/uploads\/2022\/06\/logo.svg\",\"contentUrl\":\"https:\/\/www.igenium.ch\/app\/uploads\/2022\/06\/logo.svg\",\"width\":167,\"height\":130,\"caption\":\"Igenium - IFPC\"},\"image\":{\"@id\":\"https:\/\/www.igenium.ch\/fr\/#\/schema\/logo\/image\/\"}}]}<\/script>\n<!-- \/ Yoast SEO plugin. -->","yoast_head_json":{"title":"Industrie 4.0, usine 4.0, factory 4.0 nouvelle g\u00e9n\u00e9ration d'usine","description":"Une nouvelle g\u00e9n\u00e9ration d\u2019usines, \u00e9galement appel\u00e9es usine 4.0 ou factory 4.0, reposant sur l\u2019int\u00e9gration des technologies num\u00e9riques.","robots":{"index":"index","follow":"follow","max-snippet":"max-snippet:-1","max-image-preview":"max-image-preview:large","max-video-preview":"max-video-preview:-1"},"canonical":"https:\/\/www.igenium.ch\/fr\/industrie-4-0\/","og_locale":"fr_FR","og_type":"article","og_title":"Industrie 4.0, usine 4.0, factory 4.0 nouvelle g\u00e9n\u00e9ration d'usine","og_description":"Une nouvelle g\u00e9n\u00e9ration d\u2019usines, \u00e9galement appel\u00e9es usine 4.0 ou factory 4.0, reposant sur l\u2019int\u00e9gration des technologies num\u00e9riques.","og_url":"https:\/\/www.igenium.ch\/fr\/industrie-4-0\/","og_site_name":"Igenium","article_modified_time":"2023-12-11T10:48:14+00:00","og_image":[{"url":"https:\/\/www.igenium.ch\/app\/uploads\/2022\/06\/consulting_engineering_expertise-894x1024.jpg","type":"","width":"","height":""}],"twitter_card":"summary_large_image","twitter_misc":{"Dur\u00e9e de lecture estim\u00e9e":"3 minutes"},"schema":{"@context":"https:\/\/schema.org","@graph":[{"@type":"WebPage","@id":"https:\/\/www.igenium.ch\/fr\/industrie-4-0\/","url":"https:\/\/www.igenium.ch\/fr\/industrie-4-0\/","name":"Industrie 4.0, usine 4.0, factory 4.0 nouvelle g\u00e9n\u00e9ration d'usine","isPartOf":{"@id":"https:\/\/www.igenium.ch\/fr\/#website"},"primaryImageOfPage":{"@id":"https:\/\/www.igenium.ch\/fr\/industrie-4-0\/#primaryimage"},"image":{"@id":"https:\/\/www.igenium.ch\/fr\/industrie-4-0\/#primaryimage"},"thumbnailUrl":"https:\/\/www.igenium.ch\/app\/uploads\/2022\/06\/consulting_engineering_expertise-894x1024.jpg","datePublished":"2023-10-16T12:44:43+00:00","dateModified":"2023-12-11T10:48:14+00:00","description":"Une nouvelle g\u00e9n\u00e9ration d\u2019usines, \u00e9galement appel\u00e9es usine 4.0 ou factory 4.0, reposant sur l\u2019int\u00e9gration des technologies num\u00e9riques.","breadcrumb":{"@id":"https:\/\/www.igenium.ch\/fr\/industrie-4-0\/#breadcrumb"},"inLanguage":"fr-FR","potentialAction":[{"@type":"ReadAction","target":["https:\/\/www.igenium.ch\/fr\/industrie-4-0\/"]}]},{"@type":"ImageObject","inLanguage":"fr-FR","@id":"https:\/\/www.igenium.ch\/fr\/industrie-4-0\/#primaryimage","url":"https:\/\/www.igenium.ch\/app\/uploads\/2022\/06\/consulting_engineering_expertise-894x1024.jpg","contentUrl":"https:\/\/www.igenium.ch\/app\/uploads\/2022\/06\/consulting_engineering_expertise-894x1024.jpg"},{"@type":"BreadcrumbList","@id":"https:\/\/www.igenium.ch\/fr\/industrie-4-0\/#breadcrumb","itemListElement":[{"@type":"ListItem","position":1,"name":"Home","item":"https:\/\/www.igenium.ch\/fr\/"},{"@type":"ListItem","position":2,"name":"Industrie 4.0"}]},{"@type":"WebSite","@id":"https:\/\/www.igenium.ch\/fr\/#website","url":"https:\/\/www.igenium.ch\/fr\/","name":"Igenium","description":"","publisher":{"@id":"https:\/\/www.igenium.ch\/fr\/#organization"},"potentialAction":[{"@type":"SearchAction","target":{"@type":"EntryPoint","urlTemplate":"https:\/\/www.igenium.ch\/fr\/?s={search_term_string}"},"query-input":{"@type":"PropertyValueSpecification","valueRequired":true,"valueName":"search_term_string"}}],"inLanguage":"fr-FR"},{"@type":"Organization","@id":"https:\/\/www.igenium.ch\/fr\/#organization","name":"Igenium - IFPC","url":"https:\/\/www.igenium.ch\/fr\/","logo":{"@type":"ImageObject","inLanguage":"fr-FR","@id":"https:\/\/www.igenium.ch\/fr\/#\/schema\/logo\/image\/","url":"https:\/\/www.igenium.ch\/app\/uploads\/2022\/06\/logo.svg","contentUrl":"https:\/\/www.igenium.ch\/app\/uploads\/2022\/06\/logo.svg","width":167,"height":130,"caption":"Igenium - IFPC"},"image":{"@id":"https:\/\/www.igenium.ch\/fr\/#\/schema\/logo\/image\/"}}]}},"_links":{"self":[{"href":"https:\/\/www.igenium.ch\/fr\/wp-json\/wp\/v2\/pages\/2736","targetHints":{"allow":["GET"]}}],"collection":[{"href":"https:\/\/www.igenium.ch\/fr\/wp-json\/wp\/v2\/pages"}],"about":[{"href":"https:\/\/www.igenium.ch\/fr\/wp-json\/wp\/v2\/types\/page"}],"author":[{"embeddable":true,"href":"https:\/\/www.igenium.ch\/fr\/wp-json\/wp\/v2\/users\/1"}],"replies":[{"embeddable":true,"href":"https:\/\/www.igenium.ch\/fr\/wp-json\/wp\/v2\/comments?post=2736"}],"version-history":[{"count":6,"href":"https:\/\/www.igenium.ch\/fr\/wp-json\/wp\/v2\/pages\/2736\/revisions"}],"predecessor-version":[{"id":2885,"href":"https:\/\/www.igenium.ch\/fr\/wp-json\/wp\/v2\/pages\/2736\/revisions\/2885"}],"wp:attachment":[{"href":"https:\/\/www.igenium.ch\/fr\/wp-json\/wp\/v2\/media?parent=2736"}],"curies":[{"name":"wp","href":"https:\/\/api.w.org\/{rel}","templated":true}]}}