{"id":2762,"date":"2023-10-27T14:43:32","date_gmt":"2023-10-27T14:43:32","guid":{"rendered":"https:\/\/www.igenium.ch\/?page_id=2762"},"modified":"2024-02-09T14:49:12","modified_gmt":"2024-02-09T14:49:12","slug":"maitrise-douvrage-batiment-industriel","status":"publish","type":"page","link":"https:\/\/www.igenium.ch\/fr\/maitrise-douvrage-batiment-industriel\/","title":{"rendered":"Ma\u00eetrise d\u2019ouvrage"},"content":{"rendered":"\n\n\n\n\n<section class=\"section--color-default section--align-wide-content section--padding-medium section\" id=\"\" style=\"\">\n    <div class=\"grid-container\">\n\n<div class=\"wp-block-columns is-layout-flex wp-container-core-columns-is-layout-9d6595d7 wp-block-columns-is-layout-flex\">\n<div class=\"wp-block-column is-layout-flow wp-block-column-is-layout-flow\">\n<h1 class=\"wp-block-heading\">Le r\u00f4le essentiel de la ma\u00eetrise d\u2019\u0153uvre pour vos projets de construction&nbsp;<\/h1>\n\n\n\n<p>La <strong>ma\u00eetrise d\u2019ouvrage<\/strong> occupe une position cl\u00e9 dans la r\u00e9ussite de chaque projet de construction, en respectant les sp\u00e9cifications, les d\u00e9lais et les budgets d\u00e9finis. Elle assure l\u2019alignement des besoins, la coordination des professionnels, la surveillance du projet&#8230;&nbsp;<\/p>\n\n\n\n<h2 class=\"wp-block-heading\">Qu\u2019est-ce que la ma\u00eetrise d\u2019\u0153uvre ?&nbsp;<\/h2>\n\n\n\n<p>La ma\u00eetrise d\u2019\u0153uvre d\u00e9signe l\u2019ensemble des acteurs charg\u00e9s de concevoir, de planifier, de superviser et de coordonner votre projet de construction, du d\u00e9but \u00e0 la fin. Souvent r\u00e9alis\u00e9e par des <strong>entreprises sp\u00e9cialis\u00e9es en ma\u00eetrise d\u2019\u0153uvre<\/strong>, cette fonction assure que le projet est men\u00e9 \u00e0 bien en respectant les sp\u00e9cifications, les normes, les d\u00e9lais et le budget d\u00e9fini.&nbsp;<\/p>\n\n\n\n<h2 class=\"wp-block-heading\">Comment mettre en place une ma\u00eetrise d\u2019\u0153uvre efficace pour vos b\u00e2timents industriels ?&nbsp;<\/h2>\n\n\n\n<p>Une ma\u00eetrise d\u2019\u0153uvre efficace comprend plusieurs \u00e9tapes cl\u00e9s :&nbsp;<\/p>\n\n\n\n<h3 class=\"wp-block-heading\">L\u2019analyse des besoins&nbsp;&nbsp;<\/h3>\n\n\n\n<p>Pour que votre projet prenne forme, il est primordial de <strong>d\u00e9finir et de comprendre les objectifs ainsi que les besoins du projet<\/strong>. Passer par une \u00e9quipe de professionnels peut \u00eatre une excellente solution pour vous conseiller dans cette \u00e9tape cl\u00e9. Les experts r\u00e9alisent un audit minutieux des \u00e9l\u00e9ments existants, ce qui permet d\u2019identifier rapidement les axes d\u2019am\u00e9lioration essentiels pour la suite du projet. Un plan directeur est ensuite \u00e9labor\u00e9, int\u00e9grant des solutions \u00e0 court, moyen et long terme, tout en \u00e9tablissant des enveloppes budg\u00e9taires adapt\u00e9es.&nbsp;<\/p>\n\n\n\n<h3 class=\"wp-block-heading\">La conception<\/h3>\n\n\n\n<p>La phase de conception, quant \u00e0 elle, se concentre essentiellement sur <strong>la cr\u00e9ation de conditions optimales pour la r\u00e9ussite du <a href=\"https:\/\/www.igenium.ch\/fr\/construction-usine\/\">projet de construction d&rsquo;usine<\/a><\/strong>. Un ma\u00eetre d\u2019\u0153uvre d\u00e9veloppe ensuite des \u00e9tudes de conceptions d\u00e9taill\u00e9es et des sp\u00e9cifications techniques pour r\u00e9pondre aux besoins de votre b\u00e2timent industriel.&nbsp;<\/p>\n\n\n\n<h3 class=\"wp-block-heading\">La coordination et le suivi des travaux<\/h3>\n\n\n\n<p>La coordination implique <strong>le suivi et l\u2019encadrement des diff\u00e9rents prestataires<\/strong> tout au long des travaux. Cela passe notamment par des r\u00e9unions de chantier, o\u00f9 l\u2019on v\u00e9rifie la conformit\u00e9 de l\u2019ex\u00e9cution des \u00e9l\u00e9ments. Il est essentiel d\u2019effectuer des inspections r\u00e9guli\u00e8res afin de garantir les r\u00e9sultats et de corriger les potentielles erreurs ou d\u00e9fauts identifi\u00e9s.&nbsp;<\/p>\n\n\n\n<h3 class=\"wp-block-heading\">La gestion des ressources<\/h3>\n\n\n\n<p>Enfin, la quatri\u00e8me \u00e9tape consiste \u00e0 <strong>assurer la ma\u00eetrise des d\u00e9lais et de la mise en \u0153uvre technique<\/strong>. Lors de cette derni\u00e8re phase, nous vous accompagnons notamment pour le suivi des lev\u00e9es des r\u00e9serves ou pour le suivi des performances et mont\u00e9e en cadence.&nbsp;<\/p>\n\n\n\n<h2 class=\"wp-block-heading\">Les avantages de travailler avec un maitre d\u2019\u0153uvre expert en industrie&nbsp;<\/h2>\n\n\n\n<p><strong>Faire appel \u00e0 une entreprise exp\u00e9riment\u00e9e dans la maitrise d\u2019ouvrage offre de nombreux avantages :<\/strong>&nbsp;<\/p>\n\n\n\n<h3 class=\"wp-block-heading\"><strong>L&rsquo;expertise technique<\/strong>&nbsp;<\/h3>\n\n\n\n<p>Le maitre d\u2019\u0153uvre <strong>poss\u00e8de des connaissances approfondies<\/strong> sur les diff\u00e9rents aspects techniques de la construction de proc\u00e9d\u00e9s industriels. Son expertise comprend les m\u00e9thodes de constructions, les nouvelles technologies ainsi que les r\u00e9glementations en vigueur. Chaque d\u00e9tail du projet est ainsi g\u00e9n\u00e9r\u00e9 de mani\u00e8re professionnelle, <strong>en optimisant la qualit\u00e9 et la performance de chaque usine<\/strong>.&nbsp;<\/p>\n<\/div>\n\n\n\n<div class=\"wp-block-column is-layout-flow wp-block-column-is-layout-flow\">\n<figure class=\"wp-block-image size-large\"><img loading=\"lazy\" decoding=\"async\" width=\"1024\" height=\"683\" src=\"https:\/\/www.igenium.ch\/app\/uploads\/2023\/03\/Igenium_01-1024x683.jpg\" alt=\"\u00c9quipe Igenium\" class=\"wp-image-2359\" srcset=\"https:\/\/www.igenium.ch\/app\/uploads\/2023\/03\/Igenium_01-1024x683.jpg 1024w, https:\/\/www.igenium.ch\/app\/uploads\/2023\/03\/Igenium_01-170x113.jpg 170w, https:\/\/www.igenium.ch\/app\/uploads\/2023\/03\/Igenium_01-40x27.jpg 40w, https:\/\/www.igenium.ch\/app\/uploads\/2023\/03\/Igenium_01-300x200.jpg 300w, https:\/\/www.igenium.ch\/app\/uploads\/2023\/03\/Igenium_01-768x512.jpg 768w, https:\/\/www.igenium.ch\/app\/uploads\/2023\/03\/Igenium_01-1536x1024.jpg 1536w, https:\/\/www.igenium.ch\/app\/uploads\/2023\/03\/Igenium_01-2048x1366.jpg 2048w\" sizes=\"auto, (max-width: 1024px) 100vw, 1024px\" \/><\/figure>\n\n\n\n<h2 class=\"wp-block-heading\">&nbsp;<\/h2>\n\n\n\n<h3 class=\"wp-block-heading\">Une gestion compl\u00e8te du projet&nbsp;<\/h3>\n\n\n\n<p>Une entreprise sp\u00e9cialis\u00e9e dans la maitrise d\u2019\u0153uvre prend en charge l\u2019ensemble du projet, de sa conception \u00e0 sa r\u00e9alisation. Cela simplifie le processus pour le client, car vous n\u2019avez qu\u2019un seul interlocuteur pour toutes les questions li\u00e9es au projet. Une gestion compl\u00e8te vous permet \u00e9galement de b\u00e9n\u00e9ficier d\u2019une coh\u00e9rence et d\u2019une continuit\u00e9 tout au long de votre projet.&nbsp;<\/p>\n\n\n\n<h3 class=\"wp-block-heading\">L\u2019optimisation des co\u00fbts et du budget<\/h3>\n\n\n\n<p>La gestion financi\u00e8re est un \u00e9l\u00e9ment central dans tout projet de construction, de d\u00e9veloppement ou de r\u00e9novation de b\u00e2timent. Les experts en ma\u00eetrise d\u2019\u0153uvre en b\u00e2timent industriel surveillent de pr\u00e8s les co\u00fbts pour \u00e9viter tout d\u00e9passement budg\u00e9taire. Ils identifient \u00e9galement des moyens pour optimiser les co\u00fbts, en g\u00e9rant efficacement les ressources humaines.&nbsp;<\/p>\n\n\n\n<h3 class=\"wp-block-heading\">Un gain de temps&nbsp;<\/h3>\n\n\n\n<p>L\u2019expertise d\u2019un maitre d\u2019\u0153uvre est une aide essentielle, notamment pour la construction d\u2019unit\u00e9s industrielles. Gr\u00e2ce \u00e0 une planification minutieuse, une coordination efficace et une gestion active des probl\u00e8mes, les d\u00e9lais sont respect\u00e9s et les retards minimis\u00e9s. Elle permet \u00e9galement de g\u00e9rer les interfaces entre les diff\u00e9rents \u00e9quipements industriels ainsi que la partie \u00e9lectricit\u00e9, automatisme et informatique de pilotage industriel.&nbsp;<\/p>\n\n\n\n<h3 class=\"wp-block-heading\"><strong>Une gestion des risques et des impr\u00e9vus<\/strong><\/h3>\n\n\n\n<p>Gr\u00e2ce \u00e0 leur expertise, <strong>les maitres d\u2019\u0153uvre sont capables de g\u00e9rer les probl\u00e8mes inattendus<\/strong> qui surviennent lors de la construction. Ils peuvent donc identifier rapidement le probl\u00e8me et proposer une solution efficace et adapt\u00e9e.&nbsp;<\/p>\n\n\n\n<h3 class=\"wp-block-heading\">La qualit\u00e9 et la s\u00e9curit\u00e9<\/h3>\n\n\n\n<p>La qualit\u00e9 de la construction est un \u00e9l\u00e9ment crucial de tout projet. Les entreprises sp\u00e9cialis\u00e9es assurent que chaque projet est conforme aux normes de qualit\u00e9s en vigueur. Pour garantir un r\u00e9sultat final de haute qualit\u00e9, <strong>elles r\u00e9alisent fr\u00e9quemment des inspections<\/strong>, veillent \u00e0 l\u2019ex\u00e9cution de chaque \u00e9l\u00e9ment et supervisent la mise en \u0153uvre des sp\u00e9cifications techniques.<\/p>\n\n\n\n<h2 class=\"wp-block-heading\">Les \u00e9tapes de la ma\u00eetrise d\u2019ouvrage en industrie<\/h2>\n\n\n\n<ul class=\"wp-block-list\">\n<li><strong>Audit et \u00e9tude de faisabilit\u00e9<\/strong>&nbsp;<\/li>\n\n\n\n<li><strong>Avant-projet sommaire : <\/strong>pendant cette \u00e9tape, plusieurs solutions sont \u00e9tudi\u00e9es, les plans de pr\u00e9implantation sont dessin\u00e9s et les sp\u00e9cifications et besoins techniques sont d\u00e9finis.&nbsp;&nbsp;<\/li>\n\n\n\n<li><strong>Avant-projet d\u00e9finitif\u202f:<\/strong> cette \u00e9tape consiste \u00e0 figer les solutions propos\u00e9es dans les APS et permet d\u2019encadrer le besoin.&nbsp;<\/li>\n\n\n\n<li><strong>Cahier des charges\u202f:<\/strong> cette \u00e9tape consiste \u00e0 d\u00e9crire les besoins de mani\u00e8re sommaire avec un sch\u00e9ma directeur sans pour autant d\u00e9finir une solution. Ces cahiers des charges sont \u00e0 destination des diff\u00e9rents corps de m\u00e9tier qui seront d\u00e9taill\u00e9s dans le cahier des consultations. Lors de cette \u00e9tape seront transmis \u00e9galement les CCAP et CCTP.&nbsp;<\/li>\n\n\n\n<li><strong>Analyse et aide \u00e0 la d\u00e9cision<\/strong>&nbsp;<\/li>\n\n\n\n<li><strong>Dossier de commande<\/strong>&nbsp;<\/li>\n\n\n\n<li><strong>Suivi de projet<\/strong>&nbsp;<\/li>\n\n\n\n<li><strong>R\u00e9ception et mise en route industrielle<\/strong>&nbsp;<\/li>\n<\/ul>\n\n\n\n<p>Ensuite, le chantier peut alors d\u00e9buter sous la responsabilit\u00e9 du constructeur d\u2019usine. Celui-ci doit <strong>veiller au respect du planning et du budget pr\u00e9vus<\/strong>, ainsi qu\u2019\u00e0 la <strong>conformit\u00e9 des travaux<\/strong> avec les r\u00e9glementations en vigueur.&nbsp;<\/p>\n<\/div>\n<\/div>\n\n\n\n<div class=\"wp-block-columns is-layout-flex wp-container-core-columns-is-layout-9d6595d7 wp-block-columns-is-layout-flex\">\n<div class=\"wp-block-column is-layout-flow wp-block-column-is-layout-flow\">\n<h2 class=\"wp-block-heading\">&nbsp;<\/h2>\n<\/div>\n<\/div>\n\n<\/div>\n<\/section>\n","protected":false},"excerpt":{"rendered":"<p>Ajouter un extrait manuellement<\/p>\n","protected":false},"author":1,"featured_media":0,"parent":0,"menu_order":0,"comment_status":"closed","ping_status":"closed","template":"","meta":{"_acf_changed":false,"inline_featured_image":false,"footnotes":""},"class_list":["post-2762","page","type-page","status-publish","hentry"],"acf":[],"yoast_head":"<!-- This site is optimized with the Yoast SEO plugin v25.7 - https:\/\/yoast.com\/wordpress\/plugins\/seo\/ -->\n<title>Ma\u00eetre d&#039;\u0153uvre b\u00e2timent industriel, ma\u00eetrise d&#039;ouvrage<\/title>\n<meta name=\"description\" content=\"Nous vous proposons de la ma\u00eetrise d&#039;ouvrage en b\u00e2timent industriel et de l&#039;assistance \u00e0 ma\u00eetre d&#039;ouvrage. Profitez de notre expertise.\" \/>\n<meta name=\"robots\" content=\"index, follow, max-snippet:-1, max-image-preview:large, max-video-preview:-1\" \/>\n<link rel=\"canonical\" href=\"https:\/\/www.igenium.ch\/fr\/maitrise-douvrage-batiment-industriel\/\" \/>\n<meta property=\"og:locale\" content=\"fr_FR\" \/>\n<meta property=\"og:type\" content=\"article\" \/>\n<meta property=\"og:title\" content=\"Ma\u00eetre d&#039;\u0153uvre b\u00e2timent industriel, ma\u00eetrise d&#039;ouvrage\" \/>\n<meta property=\"og:description\" content=\"Nous vous proposons de la ma\u00eetrise d&#039;ouvrage en b\u00e2timent industriel et de l&#039;assistance \u00e0 ma\u00eetre d&#039;ouvrage. Profitez de notre expertise.\" \/>\n<meta property=\"og:url\" content=\"https:\/\/www.igenium.ch\/fr\/maitrise-douvrage-batiment-industriel\/\" \/>\n<meta property=\"og:site_name\" content=\"Igenium\" \/>\n<meta property=\"article:modified_time\" content=\"2024-02-09T14:49:12+00:00\" \/>\n<meta property=\"og:image\" content=\"https:\/\/www.igenium.ch\/app\/uploads\/2023\/03\/Igenium_01-1024x683.jpg\" \/>\n<meta name=\"twitter:card\" content=\"summary_large_image\" \/>\n<meta name=\"twitter:label1\" content=\"Dur\u00e9e de lecture estim\u00e9e\" \/>\n\t<meta name=\"twitter:data1\" content=\"5 minutes\" \/>\n<script type=\"application\/ld+json\" class=\"yoast-schema-graph\">{\"@context\":\"https:\/\/schema.org\",\"@graph\":[{\"@type\":\"WebPage\",\"@id\":\"https:\/\/www.igenium.ch\/fr\/maitrise-douvrage-batiment-industriel\/\",\"url\":\"https:\/\/www.igenium.ch\/fr\/maitrise-douvrage-batiment-industriel\/\",\"name\":\"Ma\u00eetre d'\u0153uvre b\u00e2timent industriel, ma\u00eetrise d'ouvrage\",\"isPartOf\":{\"@id\":\"https:\/\/www.igenium.ch\/fr\/#website\"},\"primaryImageOfPage\":{\"@id\":\"https:\/\/www.igenium.ch\/fr\/maitrise-douvrage-batiment-industriel\/#primaryimage\"},\"image\":{\"@id\":\"https:\/\/www.igenium.ch\/fr\/maitrise-douvrage-batiment-industriel\/#primaryimage\"},\"thumbnailUrl\":\"https:\/\/www.igenium.ch\/app\/uploads\/2023\/03\/Igenium_01-1024x683.jpg\",\"datePublished\":\"2023-10-27T14:43:32+00:00\",\"dateModified\":\"2024-02-09T14:49:12+00:00\",\"description\":\"Nous vous proposons de la ma\u00eetrise d'ouvrage en b\u00e2timent industriel et de l'assistance \u00e0 ma\u00eetre d'ouvrage. Profitez de notre expertise.\",\"breadcrumb\":{\"@id\":\"https:\/\/www.igenium.ch\/fr\/maitrise-douvrage-batiment-industriel\/#breadcrumb\"},\"inLanguage\":\"fr-FR\",\"potentialAction\":[{\"@type\":\"ReadAction\",\"target\":[\"https:\/\/www.igenium.ch\/fr\/maitrise-douvrage-batiment-industriel\/\"]}]},{\"@type\":\"ImageObject\",\"inLanguage\":\"fr-FR\",\"@id\":\"https:\/\/www.igenium.ch\/fr\/maitrise-douvrage-batiment-industriel\/#primaryimage\",\"url\":\"https:\/\/www.igenium.ch\/app\/uploads\/2023\/03\/Igenium_01-1024x683.jpg\",\"contentUrl\":\"https:\/\/www.igenium.ch\/app\/uploads\/2023\/03\/Igenium_01-1024x683.jpg\"},{\"@type\":\"BreadcrumbList\",\"@id\":\"https:\/\/www.igenium.ch\/fr\/maitrise-douvrage-batiment-industriel\/#breadcrumb\",\"itemListElement\":[{\"@type\":\"ListItem\",\"position\":1,\"name\":\"Home\",\"item\":\"https:\/\/www.igenium.ch\/fr\/\"},{\"@type\":\"ListItem\",\"position\":2,\"name\":\"Ma\u00eetrise d\u2019ouvrage\"}]},{\"@type\":\"WebSite\",\"@id\":\"https:\/\/www.igenium.ch\/fr\/#website\",\"url\":\"https:\/\/www.igenium.ch\/fr\/\",\"name\":\"Igenium\",\"description\":\"\",\"publisher\":{\"@id\":\"https:\/\/www.igenium.ch\/fr\/#organization\"},\"potentialAction\":[{\"@type\":\"SearchAction\",\"target\":{\"@type\":\"EntryPoint\",\"urlTemplate\":\"https:\/\/www.igenium.ch\/fr\/?s={search_term_string}\"},\"query-input\":{\"@type\":\"PropertyValueSpecification\",\"valueRequired\":true,\"valueName\":\"search_term_string\"}}],\"inLanguage\":\"fr-FR\"},{\"@type\":\"Organization\",\"@id\":\"https:\/\/www.igenium.ch\/fr\/#organization\",\"name\":\"Igenium - IFPC\",\"url\":\"https:\/\/www.igenium.ch\/fr\/\",\"logo\":{\"@type\":\"ImageObject\",\"inLanguage\":\"fr-FR\",\"@id\":\"https:\/\/www.igenium.ch\/fr\/#\/schema\/logo\/image\/\",\"url\":\"https:\/\/www.igenium.ch\/app\/uploads\/2022\/06\/logo.svg\",\"contentUrl\":\"https:\/\/www.igenium.ch\/app\/uploads\/2022\/06\/logo.svg\",\"width\":167,\"height\":130,\"caption\":\"Igenium - IFPC\"},\"image\":{\"@id\":\"https:\/\/www.igenium.ch\/fr\/#\/schema\/logo\/image\/\"}}]}<\/script>\n<!-- \/ Yoast SEO plugin. -->","yoast_head_json":{"title":"Ma\u00eetre d'\u0153uvre b\u00e2timent industriel, ma\u00eetrise d'ouvrage","description":"Nous vous proposons de la ma\u00eetrise d'ouvrage en b\u00e2timent industriel et de l'assistance \u00e0 ma\u00eetre d'ouvrage. Profitez de notre expertise.","robots":{"index":"index","follow":"follow","max-snippet":"max-snippet:-1","max-image-preview":"max-image-preview:large","max-video-preview":"max-video-preview:-1"},"canonical":"https:\/\/www.igenium.ch\/fr\/maitrise-douvrage-batiment-industriel\/","og_locale":"fr_FR","og_type":"article","og_title":"Ma\u00eetre d'\u0153uvre b\u00e2timent industriel, ma\u00eetrise d'ouvrage","og_description":"Nous vous proposons de la ma\u00eetrise d'ouvrage en b\u00e2timent industriel et de l'assistance \u00e0 ma\u00eetre d'ouvrage. Profitez de notre expertise.","og_url":"https:\/\/www.igenium.ch\/fr\/maitrise-douvrage-batiment-industriel\/","og_site_name":"Igenium","article_modified_time":"2024-02-09T14:49:12+00:00","og_image":[{"url":"https:\/\/www.igenium.ch\/app\/uploads\/2023\/03\/Igenium_01-1024x683.jpg","type":"","width":"","height":""}],"twitter_card":"summary_large_image","twitter_misc":{"Dur\u00e9e de lecture estim\u00e9e":"5 minutes"},"schema":{"@context":"https:\/\/schema.org","@graph":[{"@type":"WebPage","@id":"https:\/\/www.igenium.ch\/fr\/maitrise-douvrage-batiment-industriel\/","url":"https:\/\/www.igenium.ch\/fr\/maitrise-douvrage-batiment-industriel\/","name":"Ma\u00eetre d'\u0153uvre b\u00e2timent industriel, ma\u00eetrise d'ouvrage","isPartOf":{"@id":"https:\/\/www.igenium.ch\/fr\/#website"},"primaryImageOfPage":{"@id":"https:\/\/www.igenium.ch\/fr\/maitrise-douvrage-batiment-industriel\/#primaryimage"},"image":{"@id":"https:\/\/www.igenium.ch\/fr\/maitrise-douvrage-batiment-industriel\/#primaryimage"},"thumbnailUrl":"https:\/\/www.igenium.ch\/app\/uploads\/2023\/03\/Igenium_01-1024x683.jpg","datePublished":"2023-10-27T14:43:32+00:00","dateModified":"2024-02-09T14:49:12+00:00","description":"Nous vous proposons de la ma\u00eetrise d'ouvrage en b\u00e2timent industriel et de l'assistance \u00e0 ma\u00eetre d'ouvrage. Profitez de notre expertise.","breadcrumb":{"@id":"https:\/\/www.igenium.ch\/fr\/maitrise-douvrage-batiment-industriel\/#breadcrumb"},"inLanguage":"fr-FR","potentialAction":[{"@type":"ReadAction","target":["https:\/\/www.igenium.ch\/fr\/maitrise-douvrage-batiment-industriel\/"]}]},{"@type":"ImageObject","inLanguage":"fr-FR","@id":"https:\/\/www.igenium.ch\/fr\/maitrise-douvrage-batiment-industriel\/#primaryimage","url":"https:\/\/www.igenium.ch\/app\/uploads\/2023\/03\/Igenium_01-1024x683.jpg","contentUrl":"https:\/\/www.igenium.ch\/app\/uploads\/2023\/03\/Igenium_01-1024x683.jpg"},{"@type":"BreadcrumbList","@id":"https:\/\/www.igenium.ch\/fr\/maitrise-douvrage-batiment-industriel\/#breadcrumb","itemListElement":[{"@type":"ListItem","position":1,"name":"Home","item":"https:\/\/www.igenium.ch\/fr\/"},{"@type":"ListItem","position":2,"name":"Ma\u00eetrise d\u2019ouvrage"}]},{"@type":"WebSite","@id":"https:\/\/www.igenium.ch\/fr\/#website","url":"https:\/\/www.igenium.ch\/fr\/","name":"Igenium","description":"","publisher":{"@id":"https:\/\/www.igenium.ch\/fr\/#organization"},"potentialAction":[{"@type":"SearchAction","target":{"@type":"EntryPoint","urlTemplate":"https:\/\/www.igenium.ch\/fr\/?s={search_term_string}"},"query-input":{"@type":"PropertyValueSpecification","valueRequired":true,"valueName":"search_term_string"}}],"inLanguage":"fr-FR"},{"@type":"Organization","@id":"https:\/\/www.igenium.ch\/fr\/#organization","name":"Igenium - IFPC","url":"https:\/\/www.igenium.ch\/fr\/","logo":{"@type":"ImageObject","inLanguage":"fr-FR","@id":"https:\/\/www.igenium.ch\/fr\/#\/schema\/logo\/image\/","url":"https:\/\/www.igenium.ch\/app\/uploads\/2022\/06\/logo.svg","contentUrl":"https:\/\/www.igenium.ch\/app\/uploads\/2022\/06\/logo.svg","width":167,"height":130,"caption":"Igenium - IFPC"},"image":{"@id":"https:\/\/www.igenium.ch\/fr\/#\/schema\/logo\/image\/"}}]}},"_links":{"self":[{"href":"https:\/\/www.igenium.ch\/fr\/wp-json\/wp\/v2\/pages\/2762","targetHints":{"allow":["GET"]}}],"collection":[{"href":"https:\/\/www.igenium.ch\/fr\/wp-json\/wp\/v2\/pages"}],"about":[{"href":"https:\/\/www.igenium.ch\/fr\/wp-json\/wp\/v2\/types\/page"}],"author":[{"embeddable":true,"href":"https:\/\/www.igenium.ch\/fr\/wp-json\/wp\/v2\/users\/1"}],"replies":[{"embeddable":true,"href":"https:\/\/www.igenium.ch\/fr\/wp-json\/wp\/v2\/comments?post=2762"}],"version-history":[{"count":12,"href":"https:\/\/www.igenium.ch\/fr\/wp-json\/wp\/v2\/pages\/2762\/revisions"}],"predecessor-version":[{"id":3013,"href":"https:\/\/www.igenium.ch\/fr\/wp-json\/wp\/v2\/pages\/2762\/revisions\/3013"}],"wp:attachment":[{"href":"https:\/\/www.igenium.ch\/fr\/wp-json\/wp\/v2\/media?parent=2762"}],"curies":[{"name":"wp","href":"https:\/\/api.w.org\/{rel}","templated":true}]}}