{"id":2805,"date":"2023-12-11T09:14:14","date_gmt":"2023-12-11T09:14:14","guid":{"rendered":"https:\/\/www.igenium.ch\/?page_id=2805"},"modified":"2023-12-18T13:41:57","modified_gmt":"2023-12-18T13:41:57","slug":"bim-modelisation","status":"publish","type":"page","link":"https:\/\/www.igenium.ch\/fr\/bim-modelisation\/","title":{"rendered":"Bim"},"content":{"rendered":"\n\n\n\n\n<section class=\"section--color-default section--align-wide-content section--padding-medium section\" id=\"\" style=\"\">\n    <div class=\"grid-container\">\n\n<div class=\"wp-block-columns is-layout-flex wp-container-core-columns-is-layout-9d6595d7 wp-block-columns-is-layout-flex\">\n<div class=\"wp-block-column is-layout-flow wp-block-column-is-layout-flow\">\n<h1 class=\"wp-block-heading\">La mod\u00e9lisation BIM<\/h1>\n\n\n\n<p>Dans le domaine de l\u2019ing\u00e9nierie et de la construction, l\u2019efficacit\u00e9, la pr\u00e9cision et la gestion des ressources sont des \u00e9l\u00e9ments cruciaux pour toute r\u00e9ussite de projet. Le <strong>Building Information Modeling<\/strong>, aussi appel\u00e9 <strong>mod\u00e9lisation BIM<\/strong>, est une innovation remarquable qui a red\u00e9fini la mani\u00e8re dont les projets de construction sont con\u00e7us, g\u00e9r\u00e9s et ex\u00e9cut\u00e9s.&nbsp;<\/p>\n<\/div>\n<\/div>\n\n\n\n<div class=\"wp-block-columns is-layout-flex wp-container-core-columns-is-layout-9d6595d7 wp-block-columns-is-layout-flex\">\n<div class=\"wp-block-column is-layout-flow wp-block-column-is-layout-flow\">\n<h2 class=\"wp-block-heading\">Qu\u2019est-ce que le BIM modeling ?&nbsp;<\/h2>\n\n\n\n<p>Le <strong>BIM modeling est une m\u00e9thode de travail collaborative<\/strong> bas\u00e9e sur la cr\u00e9ation d&rsquo;une maquette 3D d&rsquo;un projet de construction, permettant d&rsquo;int\u00e9grer toutes les informations n\u00e9cessaires pour la prise de d\u00e9cision tout au long du cycle de vie d&rsquo;une usine, depuis la conception jusqu&rsquo;\u00e0 la d\u00e9molition ou r\u00e9novation. Ce mod\u00e8le num\u00e9rique <strong>centralise toutes les donn\u00e9es<\/strong> de la construction, de l&rsquo;architecture aux installations techniques, en passant par les mat\u00e9riaux employ\u00e9s, offrant ainsi une meilleure compr\u00e9hension et coordination entre les diff\u00e9rentes parties prenantes du projet. Toutes les informations sont stock\u00e9es de mani\u00e8re centralis\u00e9e et sont accessibles \u00e0 toutes les parties prenantes du projet, comme les architectes ou les entrepreneurs.&nbsp;<\/p>\n\n\n\n<h2 class=\"wp-block-heading\">Les \u00e9tapes de la mod\u00e9lisation BIM&nbsp;<\/h2>\n\n\n\n<p>Le processus du BIM modeling s\u2019articule autour de plusieurs \u00e9tapes cl\u00e9s :&nbsp;&nbsp;&nbsp;<\/p>\n\n\n\n<h3 class=\"wp-block-heading\">La collecte des donn\u00e9es :\u00a0<\/h3>\n\n\n\n<p>La premi\u00e8re \u00e9tape consiste \u00e0 rassembler toutes les informations pertinentes du projet, comme les sp\u00e9cifications, les donn\u00e9es techniques, les plans&#8230; Cette \u00e9tape est essentielle pour \u00e9tablir une base solide.&nbsp;<\/p>\n\n\n\n<h3 class=\"wp-block-heading\">La cr\u00e9ation du mod\u00e8le :\u00a0<\/h3>\n\n\n\n<p>Une \u00e9quipe d\u2019experts cr\u00e9e ensuite un mod\u00e8le num\u00e9rique 3D du b\u00e2timent, en y int\u00e9grant toutes les donn\u00e9es collect\u00e9es au pr\u00e9alable. Il devient alors la repr\u00e9sentation num\u00e9rique compl\u00e8te du projet, permettant une visualisation d\u00e9taill\u00e9e et une coordination efficace entre toutes les parties prenantes.&nbsp;<\/p>\n\n\n\n<h3 class=\"wp-block-heading\">L\u2019analyse :\u00a0<\/h3>\n\n\n\n<p>Le BIM peut \u00e9galement \u00eatre utilis\u00e9 pour effectuer des analyses et des simulations pour optimiser sa conception&nbsp;<\/p>\n\n\n\n<h3 class=\"wp-block-heading\">La mise \u00e0 jour continue :\u00a0<\/h3>\n\n\n\n<p>Le BIM modeling est constamment mis \u00e0 jour pour refl\u00e9ter au mieux les modifications du projet et ainsi assurer une gestion pr\u00e9cise du projet de construction. Une fois le projet termin\u00e9, <strong>la mod\u00e9lisation BIM devient une ressource indispensable<\/strong> notamment pour la maintenance ainsi que pour les futures r\u00e9novations du b\u00e2timent. Le mod\u00e8le BIM conserve la m\u00e9moire num\u00e9rique de tout ce qui concerne le b\u00e2timent, facilitant ainsi les op\u00e9rations de gestion post-construction.&nbsp;<\/p>\n\n\n\n<h2 class=\"wp-block-heading\">Les avantages de la mod\u00e9lisation BIM pour vos projets de construction et de r\u00e9novation&nbsp;<\/h2>\n\n\n\n<p>Le recours au BIM modeling offre <strong>une multitude d\u2019avantages, allant de l\u2019efficacit\u00e9 accrue \u00e0 la r\u00e9duction des co\u00fbts<\/strong>. Voici quelques exemples :&nbsp;<\/p>\n\n\n\n<h3 class=\"wp-block-heading\"><strong>Une meilleure coordination entre les acteurs du projet<\/strong>&nbsp;<\/h3>\n\n\n\n<p>Gr\u00e2ce aux donn\u00e9es dynamiques, tous les intervenants disposent d&rsquo;une vue globale et d\u00e9taill\u00e9e du projet, facilitant ainsi la communication et la collaboration entre les diff\u00e9rentes \u00e9quipes. De plus, puisque toutes les informations sont regroup\u00e9es dans un m\u00eame espace num\u00e9rique, les modifications apport\u00e9es au mod\u00e8le par l&rsquo;un des intervenants sont instantan\u00e9ment visibles par tous les autres, <strong>r\u00e9duisant ainsi les risques de malfa\u00e7ons et les probl\u00e8mes de coordination<\/strong>.&nbsp;<\/p>\n\n\n\n<h3 class=\"wp-block-heading\"><strong>Un suivi facilit\u00e9 pour la maintenance et l&rsquo;exploitation<\/strong>&nbsp;<\/h3>\n\n\n\n<p>Le mod\u00e8le BIM constitue une base de donn\u00e9es pr\u00e9cieuse pour les responsables de la maintenance et l&rsquo;exploitation de l\u2019usine, en leur fournissant toutes les informations utiles (emplacement des \u00e9quipements, mat\u00e9riaux employ\u00e9s&#8230;) pour planifier et suivre les op\u00e9rations d&rsquo;entretien au cours de la vie de l\u2019unit\u00e9 de production.&nbsp;<\/p>\n\n\n\n<h3 class=\"wp-block-heading\"><strong>Une gestion de projet et d\u2019actif optimis\u00e9e&nbsp;<\/strong>&nbsp;<\/h3>\n\n\n\n<p>Le <strong>BIM modeling repr\u00e9sente une v\u00e9ritable r\u00e9volution<\/strong> dans <a href=\"https:\/\/www.igenium.ch\/fr\/gestion-de-projet-d-usine\/\">la gestion de projet<\/a> et la gestion d\u2019actif. En offrant une vue en temps r\u00e9el, le BIM d\u00e9tecte les conflits de conceptions pr\u00e9cocement et permet d\u2019y r\u00e9pondre imm\u00e9diatement. Associ\u00e9 \u00e0 une Gestion de la Maintenance Assist\u00e9e par Ordinateur (GMAO), il assure \u00e9galement une gestion proactive et intelligente des \u00e9quipements.&nbsp;<\/p>\n<\/div>\n\n\n\n<div class=\"wp-block-column is-layout-flow wp-block-column-is-layout-flow\">\n<figure class=\"wp-block-image size-full\"><img loading=\"lazy\" decoding=\"async\" width=\"1000\" height=\"667\" src=\"https:\/\/www.igenium.ch\/app\/uploads\/2023\/03\/igenium-improve-your-industry.jpg\" alt=\"Improve Your Industry Igenium\" class=\"wp-image-2319\" srcset=\"https:\/\/www.igenium.ch\/app\/uploads\/2023\/03\/igenium-improve-your-industry.jpg 1000w, https:\/\/www.igenium.ch\/app\/uploads\/2023\/03\/igenium-improve-your-industry-170x113.jpg 170w, https:\/\/www.igenium.ch\/app\/uploads\/2023\/03\/igenium-improve-your-industry-40x27.jpg 40w, https:\/\/www.igenium.ch\/app\/uploads\/2023\/03\/igenium-improve-your-industry-300x200.jpg 300w, https:\/\/www.igenium.ch\/app\/uploads\/2023\/03\/igenium-improve-your-industry-768x512.jpg 768w\" sizes=\"auto, (max-width: 1000px) 100vw, 1000px\" \/><\/figure>\n\n\n\n<h3 class=\"wp-block-heading\">&nbsp;<\/h3>\n\n\n\n<h2 class=\"wp-block-heading\">Les dimensions BIM&nbsp;<\/h2>\n\n\n\n<p>Il existe plusieurs dimensions de BIM modeling. Chacune de ces dimensions poss\u00e8de son propre objectif et inclut de nouveaux aspects du processus de construction.&nbsp;<\/p>\n\n\n\n<h3 class=\"wp-block-heading\"><strong>BIM 3D<\/strong>&nbsp;<\/h3>\n\n\n\n<p>En unissant les aspects g\u00e9om\u00e9triques et informatifs, <strong>la mod\u00e9lisation 3D int\u00e8gre les donn\u00e9es fonctionnelles et physiques essentielles d\u2019un b\u00e2timent<\/strong>. Elle am\u00e9liore grandement la collaboration ainsi que la r\u00e9solution des probl\u00e8mes tout au long d\u2019un <a href=\"https:\/\/www.igenium.ch\/fr\/construction-usine\/\">projet de construction d&rsquo;usine<\/a> par exemple.&nbsp;<\/p>\n\n\n\n<h3 class=\"wp-block-heading\"><strong>BIM 4D<\/strong>&nbsp;<\/h3>\n\n\n\n<p><strong>Le BIM 4D est associ\u00e9, quant \u00e0 lui, \u00e0 la planification du projet<\/strong>, en y int\u00e9grant un \u00e9l\u00e9ment essentiel : le temps. Il prend en compte les donn\u00e9es de planification afin de d\u00e9terminer la dur\u00e9e pr\u00e9vue pour la r\u00e9alisation du chantier. La 4D am\u00e9liore et optimise la planification en fournissant des d\u00e9tails essentiels sur le calendrier, comme la s\u00e9quence d\u2019installation des divers composants.&nbsp;<\/p>\n\n\n\n<h3 class=\"wp-block-heading\"><strong>BIM 5D<\/strong>&nbsp;<\/h3>\n\n\n\n<p>La mod\u00e9lisation BIM 5D ajoute un aspect financier au projet. Elle inclut la gestion des co\u00fbts et des budgets tout au long du cycle de vie du b\u00e2timent. <strong>Le BIM 5D permet donc d\u2019estimer les co\u00fbts de construction, de suivre les d\u00e9penses<\/strong>, tout en anticipant les besoins financiers du projet.&nbsp;<\/p>\n\n\n\n<h3 class=\"wp-block-heading\"><strong>BIM 6D<\/strong>&nbsp;<\/h3>\n\n\n\n<p>Le BIM 6D offre la possibilit\u00e9 d\u2019analyser la consommation d\u2019\u00e9nergie d\u2019un b\u00e2timent et de fournir des estimations \u00e9nerg\u00e9tiques d\u00e8s les premi\u00e8res \u00e9tapes de conception. Cette dimension prend en compte l\u2019ensemble des phases de vie d\u2019une structure et permet donc de pr\u00e9dire avec pr\u00e9cisions ses besoins en \u00e9nergie. En offrant une vision globale, <strong>le BIM 6D permet de d\u00e9terminer la mani\u00e8re dont les ressources financi\u00e8res doivent \u00eatre allou\u00e9es<\/strong> pour garantir la durabilit\u00e9 et la rentabilit\u00e9 d\u2019un actif.&nbsp;<\/p>\n\n\n\n<h3 class=\"wp-block-heading\"><strong>BIM 7D<\/strong>&nbsp;<\/h3>\n\n\n\n<p>La mod\u00e9lisation 7D est tr\u00e8s utile pour les op\u00e9rations et la gestion des installations. Elle permet de suivre efficacement les donn\u00e9es relatives \u00e0 l\u2019actif, comme son \u00e9tat ou ses sp\u00e9cifications techniques par exemple. En regroupant l\u2019ensemble des informations li\u00e9es \u00e0 la gestion des installations, <strong>le 7D BIM garanti la pr\u00e9servation de la performance et de la durabilit\u00e9 d\u2019une structure<\/strong>.&nbsp;<\/p>\n<\/div>\n<\/div>\n\n\n\n<div class=\"wp-block-columns is-layout-flex wp-container-core-columns-is-layout-9d6595d7 wp-block-columns-is-layout-flex\"><\/div>\n\n<\/div>\n<\/section>\n","protected":false},"excerpt":{"rendered":"<p>Ajouter un extrait manuellement<\/p>\n","protected":false},"author":1,"featured_media":0,"parent":0,"menu_order":0,"comment_status":"closed","ping_status":"closed","template":"","meta":{"_acf_changed":false,"inline_featured_image":false,"footnotes":""},"class_list":["post-2805","page","type-page","status-publish","hentry"],"acf":[],"yoast_head":"<!-- This site is optimized with the Yoast SEO plugin v25.7 - https:\/\/yoast.com\/wordpress\/plugins\/seo\/ -->\n<title>BIM industriel, mod\u00e9lisation BIM, BIM modeling - Igenium<\/title>\n<meta name=\"description\" content=\"Le BIM, aussi appel\u00e9 mod\u00e9lisation BIM, est une innovation remarquable pour les projets de construction sont con\u00e7us, g\u00e9r\u00e9s et ex\u00e9cut\u00e9s.\" \/>\n<meta name=\"robots\" content=\"index, follow, max-snippet:-1, max-image-preview:large, max-video-preview:-1\" \/>\n<link rel=\"canonical\" href=\"https:\/\/www.igenium.ch\/fr\/bim-modelisation\/\" \/>\n<meta property=\"og:locale\" content=\"fr_FR\" \/>\n<meta property=\"og:type\" content=\"article\" \/>\n<meta property=\"og:title\" content=\"BIM industriel, mod\u00e9lisation BIM, BIM modeling - Igenium\" \/>\n<meta property=\"og:description\" content=\"Le BIM, aussi appel\u00e9 mod\u00e9lisation BIM, est une innovation remarquable pour les projets de construction sont con\u00e7us, g\u00e9r\u00e9s et ex\u00e9cut\u00e9s.\" \/>\n<meta property=\"og:url\" content=\"https:\/\/www.igenium.ch\/fr\/bim-modelisation\/\" \/>\n<meta property=\"og:site_name\" content=\"Igenium\" \/>\n<meta property=\"article:modified_time\" content=\"2023-12-18T13:41:57+00:00\" \/>\n<meta property=\"og:image\" content=\"https:\/\/www.igenium.ch\/app\/uploads\/2023\/03\/igenium-improve-your-industry.jpg\" \/>\n<meta name=\"twitter:card\" content=\"summary_large_image\" \/>\n<meta name=\"twitter:label1\" content=\"Dur\u00e9e de lecture estim\u00e9e\" \/>\n\t<meta name=\"twitter:data1\" content=\"5 minutes\" \/>\n<script type=\"application\/ld+json\" class=\"yoast-schema-graph\">{\"@context\":\"https:\/\/schema.org\",\"@graph\":[{\"@type\":\"WebPage\",\"@id\":\"https:\/\/www.igenium.ch\/fr\/bim-modelisation\/\",\"url\":\"https:\/\/www.igenium.ch\/fr\/bim-modelisation\/\",\"name\":\"BIM industriel, mod\u00e9lisation BIM, BIM modeling - Igenium\",\"isPartOf\":{\"@id\":\"https:\/\/www.igenium.ch\/fr\/#website\"},\"primaryImageOfPage\":{\"@id\":\"https:\/\/www.igenium.ch\/fr\/bim-modelisation\/#primaryimage\"},\"image\":{\"@id\":\"https:\/\/www.igenium.ch\/fr\/bim-modelisation\/#primaryimage\"},\"thumbnailUrl\":\"https:\/\/www.igenium.ch\/app\/uploads\/2023\/03\/igenium-improve-your-industry.jpg\",\"datePublished\":\"2023-12-11T09:14:14+00:00\",\"dateModified\":\"2023-12-18T13:41:57+00:00\",\"description\":\"Le BIM, aussi appel\u00e9 mod\u00e9lisation BIM, est une innovation remarquable pour les projets de construction sont con\u00e7us, g\u00e9r\u00e9s et ex\u00e9cut\u00e9s.\",\"breadcrumb\":{\"@id\":\"https:\/\/www.igenium.ch\/fr\/bim-modelisation\/#breadcrumb\"},\"inLanguage\":\"fr-FR\",\"potentialAction\":[{\"@type\":\"ReadAction\",\"target\":[\"https:\/\/www.igenium.ch\/fr\/bim-modelisation\/\"]}]},{\"@type\":\"ImageObject\",\"inLanguage\":\"fr-FR\",\"@id\":\"https:\/\/www.igenium.ch\/fr\/bim-modelisation\/#primaryimage\",\"url\":\"https:\/\/www.igenium.ch\/app\/uploads\/2023\/03\/igenium-improve-your-industry.jpg\",\"contentUrl\":\"https:\/\/www.igenium.ch\/app\/uploads\/2023\/03\/igenium-improve-your-industry.jpg\"},{\"@type\":\"BreadcrumbList\",\"@id\":\"https:\/\/www.igenium.ch\/fr\/bim-modelisation\/#breadcrumb\",\"itemListElement\":[{\"@type\":\"ListItem\",\"position\":1,\"name\":\"Home\",\"item\":\"https:\/\/www.igenium.ch\/fr\/\"},{\"@type\":\"ListItem\",\"position\":2,\"name\":\"Bim\"}]},{\"@type\":\"WebSite\",\"@id\":\"https:\/\/www.igenium.ch\/fr\/#website\",\"url\":\"https:\/\/www.igenium.ch\/fr\/\",\"name\":\"Igenium\",\"description\":\"\",\"publisher\":{\"@id\":\"https:\/\/www.igenium.ch\/fr\/#organization\"},\"potentialAction\":[{\"@type\":\"SearchAction\",\"target\":{\"@type\":\"EntryPoint\",\"urlTemplate\":\"https:\/\/www.igenium.ch\/fr\/?s={search_term_string}\"},\"query-input\":{\"@type\":\"PropertyValueSpecification\",\"valueRequired\":true,\"valueName\":\"search_term_string\"}}],\"inLanguage\":\"fr-FR\"},{\"@type\":\"Organization\",\"@id\":\"https:\/\/www.igenium.ch\/fr\/#organization\",\"name\":\"Igenium - IFPC\",\"url\":\"https:\/\/www.igenium.ch\/fr\/\",\"logo\":{\"@type\":\"ImageObject\",\"inLanguage\":\"fr-FR\",\"@id\":\"https:\/\/www.igenium.ch\/fr\/#\/schema\/logo\/image\/\",\"url\":\"https:\/\/www.igenium.ch\/app\/uploads\/2022\/06\/logo.svg\",\"contentUrl\":\"https:\/\/www.igenium.ch\/app\/uploads\/2022\/06\/logo.svg\",\"width\":167,\"height\":130,\"caption\":\"Igenium - IFPC\"},\"image\":{\"@id\":\"https:\/\/www.igenium.ch\/fr\/#\/schema\/logo\/image\/\"}}]}<\/script>\n<!-- \/ Yoast SEO plugin. -->","yoast_head_json":{"title":"BIM industriel, mod\u00e9lisation BIM, BIM modeling - Igenium","description":"Le BIM, aussi appel\u00e9 mod\u00e9lisation BIM, est une innovation remarquable pour les projets de construction sont con\u00e7us, g\u00e9r\u00e9s et ex\u00e9cut\u00e9s.","robots":{"index":"index","follow":"follow","max-snippet":"max-snippet:-1","max-image-preview":"max-image-preview:large","max-video-preview":"max-video-preview:-1"},"canonical":"https:\/\/www.igenium.ch\/fr\/bim-modelisation\/","og_locale":"fr_FR","og_type":"article","og_title":"BIM industriel, mod\u00e9lisation BIM, BIM modeling - Igenium","og_description":"Le BIM, aussi appel\u00e9 mod\u00e9lisation BIM, est une innovation remarquable pour les projets de construction sont con\u00e7us, g\u00e9r\u00e9s et ex\u00e9cut\u00e9s.","og_url":"https:\/\/www.igenium.ch\/fr\/bim-modelisation\/","og_site_name":"Igenium","article_modified_time":"2023-12-18T13:41:57+00:00","og_image":[{"url":"https:\/\/www.igenium.ch\/app\/uploads\/2023\/03\/igenium-improve-your-industry.jpg","type":"","width":"","height":""}],"twitter_card":"summary_large_image","twitter_misc":{"Dur\u00e9e de lecture estim\u00e9e":"5 minutes"},"schema":{"@context":"https:\/\/schema.org","@graph":[{"@type":"WebPage","@id":"https:\/\/www.igenium.ch\/fr\/bim-modelisation\/","url":"https:\/\/www.igenium.ch\/fr\/bim-modelisation\/","name":"BIM industriel, mod\u00e9lisation BIM, BIM modeling - Igenium","isPartOf":{"@id":"https:\/\/www.igenium.ch\/fr\/#website"},"primaryImageOfPage":{"@id":"https:\/\/www.igenium.ch\/fr\/bim-modelisation\/#primaryimage"},"image":{"@id":"https:\/\/www.igenium.ch\/fr\/bim-modelisation\/#primaryimage"},"thumbnailUrl":"https:\/\/www.igenium.ch\/app\/uploads\/2023\/03\/igenium-improve-your-industry.jpg","datePublished":"2023-12-11T09:14:14+00:00","dateModified":"2023-12-18T13:41:57+00:00","description":"Le BIM, aussi appel\u00e9 mod\u00e9lisation BIM, est une innovation remarquable pour les projets de construction sont con\u00e7us, g\u00e9r\u00e9s et ex\u00e9cut\u00e9s.","breadcrumb":{"@id":"https:\/\/www.igenium.ch\/fr\/bim-modelisation\/#breadcrumb"},"inLanguage":"fr-FR","potentialAction":[{"@type":"ReadAction","target":["https:\/\/www.igenium.ch\/fr\/bim-modelisation\/"]}]},{"@type":"ImageObject","inLanguage":"fr-FR","@id":"https:\/\/www.igenium.ch\/fr\/bim-modelisation\/#primaryimage","url":"https:\/\/www.igenium.ch\/app\/uploads\/2023\/03\/igenium-improve-your-industry.jpg","contentUrl":"https:\/\/www.igenium.ch\/app\/uploads\/2023\/03\/igenium-improve-your-industry.jpg"},{"@type":"BreadcrumbList","@id":"https:\/\/www.igenium.ch\/fr\/bim-modelisation\/#breadcrumb","itemListElement":[{"@type":"ListItem","position":1,"name":"Home","item":"https:\/\/www.igenium.ch\/fr\/"},{"@type":"ListItem","position":2,"name":"Bim"}]},{"@type":"WebSite","@id":"https:\/\/www.igenium.ch\/fr\/#website","url":"https:\/\/www.igenium.ch\/fr\/","name":"Igenium","description":"","publisher":{"@id":"https:\/\/www.igenium.ch\/fr\/#organization"},"potentialAction":[{"@type":"SearchAction","target":{"@type":"EntryPoint","urlTemplate":"https:\/\/www.igenium.ch\/fr\/?s={search_term_string}"},"query-input":{"@type":"PropertyValueSpecification","valueRequired":true,"valueName":"search_term_string"}}],"inLanguage":"fr-FR"},{"@type":"Organization","@id":"https:\/\/www.igenium.ch\/fr\/#organization","name":"Igenium - IFPC","url":"https:\/\/www.igenium.ch\/fr\/","logo":{"@type":"ImageObject","inLanguage":"fr-FR","@id":"https:\/\/www.igenium.ch\/fr\/#\/schema\/logo\/image\/","url":"https:\/\/www.igenium.ch\/app\/uploads\/2022\/06\/logo.svg","contentUrl":"https:\/\/www.igenium.ch\/app\/uploads\/2022\/06\/logo.svg","width":167,"height":130,"caption":"Igenium - IFPC"},"image":{"@id":"https:\/\/www.igenium.ch\/fr\/#\/schema\/logo\/image\/"}}]}},"_links":{"self":[{"href":"https:\/\/www.igenium.ch\/fr\/wp-json\/wp\/v2\/pages\/2805","targetHints":{"allow":["GET"]}}],"collection":[{"href":"https:\/\/www.igenium.ch\/fr\/wp-json\/wp\/v2\/pages"}],"about":[{"href":"https:\/\/www.igenium.ch\/fr\/wp-json\/wp\/v2\/types\/page"}],"author":[{"embeddable":true,"href":"https:\/\/www.igenium.ch\/fr\/wp-json\/wp\/v2\/users\/1"}],"replies":[{"embeddable":true,"href":"https:\/\/www.igenium.ch\/fr\/wp-json\/wp\/v2\/comments?post=2805"}],"version-history":[{"count":13,"href":"https:\/\/www.igenium.ch\/fr\/wp-json\/wp\/v2\/pages\/2805\/revisions"}],"predecessor-version":[{"id":2897,"href":"https:\/\/www.igenium.ch\/fr\/wp-json\/wp\/v2\/pages\/2805\/revisions\/2897"}],"wp:attachment":[{"href":"https:\/\/www.igenium.ch\/fr\/wp-json\/wp\/v2\/media?parent=2805"}],"curies":[{"name":"wp","href":"https:\/\/api.w.org\/{rel}","templated":true}]}}