{"id":3001,"date":"2024-02-09T14:00:08","date_gmt":"2024-02-09T14:00:08","guid":{"rendered":"https:\/\/www.igenium.ch\/?page_id=3001"},"modified":"2024-06-24T14:38:40","modified_gmt":"2024-06-24T14:38:40","slug":"modernisation-des-equipements","status":"publish","type":"page","link":"https:\/\/www.igenium.ch\/fr\/modernisation-des-equipements\/","title":{"rendered":"Modernisation des \u00e9quipements"},"content":{"rendered":"\n\n\n\n\n<section class=\"section--color-default section--align-wide-content section--padding-medium section\" id=\"\" style=\"\">\n    <div class=\"grid-container\">\n\n<div class=\"wp-block-columns is-layout-flex wp-container-core-columns-is-layout-9d6595d7 wp-block-columns-is-layout-flex\">\n<div class=\"wp-block-column is-layout-flow wp-block-column-is-layout-flow\">\n<h1 class=\"wp-block-heading\"><strong>Comment <\/strong>moderniser les \u00e9quipements de son usine ?<\/h1>\n\n\n\n<p>Au sein du secteur industriel, une question persiste : <strong>investir dans le neuf ou moderniser ses \u00e9quipements ?<\/strong> La modernisation, bien plus qu\u2019une simple tendance, permet aux usines de tirer le meilleur parti de leurs \u00e9quipements industriels tout en faisant des \u00e9conomies. V\u00e9ritable levier strat\u00e9gique, cette approche proactive permet aux usines de rester comp\u00e9titives dans un environnement industriel en constante \u00e9volution.&nbsp;<\/p>\n<\/div>\n<\/div>\n\n\n\n<div class=\"wp-block-columns is-layout-flex wp-container-core-columns-is-layout-9d6595d7 wp-block-columns-is-layout-flex\">\n<div class=\"wp-block-column is-layout-flow wp-block-column-is-layout-flow\">\n<h2 class=\"wp-block-heading\">Quels sont les avantages de la modernisation des \u00e9quipements d&rsquo;une usine ?<\/h2>\n\n\n\n<p>Moderniser vos outils de production vous fera b\u00e9n\u00e9ficier de nombreux avantages :&nbsp;&nbsp;<\/p>\n\n\n\n<h3 class=\"wp-block-heading\">Am\u00e9liorer vos performances en modernisant vos processus industriels<\/h3>\n\n\n\n<p>La modernisation des \u00e9quipements d\u2019usine apporte une nette am\u00e9lioration des performances op\u00e9rationnelles. En augmentant leur efficacit\u00e9 \u00e9nerg\u00e9tique et en am\u00e9liorant leur pr\u00e9cision, vous obtiendrez des machines plus rapides, pr\u00e9cises et fiables.&nbsp;<\/p>\n\n\n\n<h3 class=\"wp-block-heading\">Adaptation aux r\u00e9glementations et aux normes en vigueur<\/h3>\n\n\n\n<p>En constante \u00e9volution, la conformit\u00e9 aux r\u00e9glementations est un point essentiel. Le r\u00e9am\u00e9nagement d\u2019une usine permet d\u2018adapter vos \u00e9quipements en normes en vigueur, minimisant ainsi les risques de non-conformit\u00e9s et assurant la protection de vos collaborateurs.&nbsp;<\/p>\n\n\n\n<h3 class=\"wp-block-heading\">R\u00e9duction des co\u00fbts gr\u00e2ce au r\u00e9am\u00e9nagement de votre usine<\/h3>\n\n\n\n<p>Moderniser vos outils de production peut vous permettre d\u2019<strong>am\u00e9liorer votre efficacit\u00e9 \u00e9nerg\u00e9tique<\/strong> et par cons\u00e9quent r\u00e9duire vos co\u00fbts op\u00e9rationnels. En parall\u00e8le, des \u00e9quipements modernes n\u00e9cessitent moins de maintenant, limitant ainsi les co\u00fbts li\u00e9s aux r\u00e9parations et aux temps d\u2019arr\u00eat.&nbsp;<\/p>\n\n\n\n<h3 class=\"wp-block-heading\">Prolongation de la dur\u00e9e de vie des \u00e9quipements<\/h3>\n\n\n\n<p>L\u2019obsolescence des \u00e9quipements est un d\u00e9fi majeur. Moderniser son usine permet de faire face \u00e0 cet enjeu en prolongeant la dur\u00e9e de vie vos machines tout en maintenant leurs fonctionnalit\u00e9s et leur efficacit\u00e9. Ceci vous garantit la continuit\u00e9 des op\u00e9rations sans interruption due \u00e0 des machines d\u00e9pass\u00e9es.&nbsp;<\/p>\n\n\n\n<h2 class=\"wp-block-heading\">Comment moderniser vos \u00e9quipements industriels ?<\/h2>\n\n\n\n<p>Moderniser ses outils industriels s\u2019av\u00e8re \u00eatre une \u00e9tape cruciale dans l\u2019optimisation des processus de production. Pour entreprendre cette d\u00e9marche, voici les diff\u00e9rentes \u00e9tapes \u00e0 suivre :&nbsp;<\/p>\n\n\n\n<h3 class=\"wp-block-heading\">\u00e9valuation des \u00e9quipements industriels<\/h3>\n\n\n\n<p>Avant toute chose, vous devez \u00e9valuer en profondeur l\u2019\u00e9tat de vos \u00e9quipements actuels. V\u00e9rifiez leurs performances, les normes applicables, leur co\u00fbt d\u2019entretien et leur niveau d\u2019obsolescence. Cette \u00e9tape permettra d\u2019orienter vos d\u00e9cisions strat\u00e9giques quant \u00e0 la modernisation.&nbsp;<\/p>\n<\/div>\n\n\n\n<div class=\"wp-block-column is-layout-flow wp-block-column-is-layout-flow\">\n<h3 class=\"wp-block-heading\">&nbsp;<\/h3>\n\n\n\n<figure class=\"wp-block-image size-large is-resized\"><img loading=\"lazy\" decoding=\"async\" width=\"894\" height=\"1024\" src=\"https:\/\/www.igenium.ch\/app\/uploads\/2022\/06\/project_ownership_epcm-894x1024.jpg\" alt=\"project ownership epcm\" class=\"wp-image-72\" style=\"aspect-ratio:0.873046875;width:570px;height:auto\" srcset=\"https:\/\/www.igenium.ch\/app\/uploads\/2022\/06\/project_ownership_epcm-894x1024.jpg 894w, https:\/\/www.igenium.ch\/app\/uploads\/2022\/06\/project_ownership_epcm-170x195.jpg 170w, https:\/\/www.igenium.ch\/app\/uploads\/2022\/06\/project_ownership_epcm-40x46.jpg 40w, https:\/\/www.igenium.ch\/app\/uploads\/2022\/06\/project_ownership_epcm-262x300.jpg 262w, https:\/\/www.igenium.ch\/app\/uploads\/2022\/06\/project_ownership_epcm-768x880.jpg 768w, https:\/\/www.igenium.ch\/app\/uploads\/2022\/06\/project_ownership_epcm.jpg 960w\" sizes=\"auto, (max-width: 894px) 100vw, 894px\" \/><\/figure>\n\n\n\n<p><\/p>\n\n\n\n<h3 class=\"wp-block-heading\">D\u00e9finition des objectifs de modernisation des \u00e9quipements usine<\/h3>\n\n\n\n<p>Vous devrez ensuite d\u00e9finir vos objectifs de modernisation, en fonction de votre analyse et de vos besoins. Vos objectifs peuvent \u00eatre d\u2019accro\u00eetre votre productivit\u00e9, de r\u00e9duire vos co\u00fbts op\u00e9rationnels ou encore d\u2019int\u00e9grer de nouvelles fonctionnalit\u00e9s.&nbsp;<\/p>\n\n\n\n<h3 class=\"wp-block-heading\">Planification et installation<\/h3>\n\n\n\n<p>Vous pouvez ensuite vous pencher sur la planification de votre modernisation. Pour ce faire, d\u00e9finissez toutes les \u00e9tapes, les d\u00e9lais et les ressources n\u00e9cessaires. Vous pourrez ensuite installer vos nouveaux \u00e9quipements ou effectuer les mises \u00e0 niveau n\u00e9cessaires, en respectant les r\u00e9glementations et les normes en vigueur.&nbsp;<\/p>\n\n\n\n<h3 class=\"wp-block-heading\">Suivi et analyse des performances<\/h3>\n\n\n\n<p>Apr\u00e8s le r\u00e9am\u00e9nagement de l\u2019usine, il est important de surveiller attentivement les performances de vos nouveaux \u00e9quipements industriels. Ces donn\u00e9es vous permettront de mesurer l\u2019efficacit\u00e9 de vos actions et de mettre en place des ajustements pour garantir une optimisation continue.&nbsp;<\/p>\n\n\n\n<p><\/p>\n\n\n\n<p>Bien plus qu\u2019un simple processus technique, la modernisation de vos outils de production est <strong>un investissement strat\u00e9gique<\/strong> qui peut propulser votre usine vers une nouvelle \u00e8re d\u2019efficacit\u00e9 et de comp\u00e9titivit\u00e9. En incluant des pratiques comme le retrofit ou le revamping industriel, la modernisation vous permet de garantir la p\u00e9rennit\u00e9 de votre usine dans le paysage industriel.&nbsp;<\/p>\n<\/div>\n<\/div>\n\n\n\n<div class=\"wp-block-columns is-layout-flex wp-container-core-columns-is-layout-9d6595d7 wp-block-columns-is-layout-flex\"><\/div>\n\n<\/div>\n<\/section>\n","protected":false},"excerpt":{"rendered":"<p>La modernisation, bien plus qu\u2019une simple tendance, permet aux usines de tirer le meilleur parti de leurs \u00e9quipements industriels tout en faisant des \u00e9conomies. <\/p>\n","protected":false},"author":1,"featured_media":0,"parent":0,"menu_order":0,"comment_status":"closed","ping_status":"closed","template":"","meta":{"_acf_changed":false,"inline_featured_image":false,"footnotes":""},"class_list":["post-3001","page","type-page","status-publish","hentry"],"acf":[],"yoast_head":"<!-- This site is optimized with the Yoast SEO plugin v25.7 - https:\/\/yoast.com\/wordpress\/plugins\/seo\/ -->\n<title>Modernisation des \u00e9quipements - Igenium<\/title>\n<meta name=\"description\" content=\"La modernisation, bien plus qu\u2019une simple tendance, permet aux usines de tirer le meilleur parti de leurs \u00e9quipements industriels tout en faisant des \u00e9conomies.\" \/>\n<meta name=\"robots\" content=\"index, follow, max-snippet:-1, max-image-preview:large, max-video-preview:-1\" \/>\n<link rel=\"canonical\" href=\"https:\/\/www.igenium.ch\/fr\/modernisation-des-equipements\/\" \/>\n<meta property=\"og:locale\" content=\"fr_FR\" \/>\n<meta property=\"og:type\" content=\"article\" \/>\n<meta property=\"og:title\" content=\"Modernisation des \u00e9quipements - Igenium\" \/>\n<meta property=\"og:description\" content=\"La modernisation, bien plus qu\u2019une simple tendance, permet aux usines de tirer le meilleur parti de leurs \u00e9quipements industriels tout en faisant des \u00e9conomies.\" \/>\n<meta property=\"og:url\" content=\"https:\/\/www.igenium.ch\/fr\/modernisation-des-equipements\/\" \/>\n<meta property=\"og:site_name\" content=\"Igenium\" \/>\n<meta property=\"article:modified_time\" content=\"2024-06-24T14:38:40+00:00\" \/>\n<meta property=\"og:image\" content=\"https:\/\/www.igenium.ch\/app\/uploads\/2022\/06\/project_ownership_epcm-894x1024.jpg\" \/>\n<meta name=\"twitter:card\" content=\"summary_large_image\" \/>\n<meta name=\"twitter:label1\" content=\"Dur\u00e9e de lecture estim\u00e9e\" \/>\n\t<meta name=\"twitter:data1\" content=\"3 minutes\" \/>\n<script type=\"application\/ld+json\" class=\"yoast-schema-graph\">{\"@context\":\"https:\/\/schema.org\",\"@graph\":[{\"@type\":\"WebPage\",\"@id\":\"https:\/\/www.igenium.ch\/fr\/modernisation-des-equipements\/\",\"url\":\"https:\/\/www.igenium.ch\/fr\/modernisation-des-equipements\/\",\"name\":\"Modernisation des \u00e9quipements - Igenium\",\"isPartOf\":{\"@id\":\"https:\/\/www.igenium.ch\/fr\/#website\"},\"primaryImageOfPage\":{\"@id\":\"https:\/\/www.igenium.ch\/fr\/modernisation-des-equipements\/#primaryimage\"},\"image\":{\"@id\":\"https:\/\/www.igenium.ch\/fr\/modernisation-des-equipements\/#primaryimage\"},\"thumbnailUrl\":\"https:\/\/www.igenium.ch\/app\/uploads\/2022\/06\/project_ownership_epcm-894x1024.jpg\",\"datePublished\":\"2024-02-09T14:00:08+00:00\",\"dateModified\":\"2024-06-24T14:38:40+00:00\",\"description\":\"La modernisation, bien plus qu\u2019une simple tendance, permet aux usines de tirer le meilleur parti de leurs \u00e9quipements industriels tout en faisant des \u00e9conomies.\",\"breadcrumb\":{\"@id\":\"https:\/\/www.igenium.ch\/fr\/modernisation-des-equipements\/#breadcrumb\"},\"inLanguage\":\"fr-FR\",\"potentialAction\":[{\"@type\":\"ReadAction\",\"target\":[\"https:\/\/www.igenium.ch\/fr\/modernisation-des-equipements\/\"]}]},{\"@type\":\"ImageObject\",\"inLanguage\":\"fr-FR\",\"@id\":\"https:\/\/www.igenium.ch\/fr\/modernisation-des-equipements\/#primaryimage\",\"url\":\"https:\/\/www.igenium.ch\/app\/uploads\/2022\/06\/project_ownership_epcm-894x1024.jpg\",\"contentUrl\":\"https:\/\/www.igenium.ch\/app\/uploads\/2022\/06\/project_ownership_epcm-894x1024.jpg\"},{\"@type\":\"BreadcrumbList\",\"@id\":\"https:\/\/www.igenium.ch\/fr\/modernisation-des-equipements\/#breadcrumb\",\"itemListElement\":[{\"@type\":\"ListItem\",\"position\":1,\"name\":\"Home\",\"item\":\"https:\/\/www.igenium.ch\/fr\/\"},{\"@type\":\"ListItem\",\"position\":2,\"name\":\"Modernisation des \u00e9quipements\"}]},{\"@type\":\"WebSite\",\"@id\":\"https:\/\/www.igenium.ch\/fr\/#website\",\"url\":\"https:\/\/www.igenium.ch\/fr\/\",\"name\":\"Igenium\",\"description\":\"\",\"publisher\":{\"@id\":\"https:\/\/www.igenium.ch\/fr\/#organization\"},\"potentialAction\":[{\"@type\":\"SearchAction\",\"target\":{\"@type\":\"EntryPoint\",\"urlTemplate\":\"https:\/\/www.igenium.ch\/fr\/?s={search_term_string}\"},\"query-input\":{\"@type\":\"PropertyValueSpecification\",\"valueRequired\":true,\"valueName\":\"search_term_string\"}}],\"inLanguage\":\"fr-FR\"},{\"@type\":\"Organization\",\"@id\":\"https:\/\/www.igenium.ch\/fr\/#organization\",\"name\":\"Igenium - IFPC\",\"url\":\"https:\/\/www.igenium.ch\/fr\/\",\"logo\":{\"@type\":\"ImageObject\",\"inLanguage\":\"fr-FR\",\"@id\":\"https:\/\/www.igenium.ch\/fr\/#\/schema\/logo\/image\/\",\"url\":\"https:\/\/www.igenium.ch\/app\/uploads\/2022\/06\/logo.svg\",\"contentUrl\":\"https:\/\/www.igenium.ch\/app\/uploads\/2022\/06\/logo.svg\",\"width\":167,\"height\":130,\"caption\":\"Igenium - IFPC\"},\"image\":{\"@id\":\"https:\/\/www.igenium.ch\/fr\/#\/schema\/logo\/image\/\"}}]}<\/script>\n<!-- \/ Yoast SEO plugin. -->","yoast_head_json":{"title":"Modernisation des \u00e9quipements - Igenium","description":"La modernisation, bien plus qu\u2019une simple tendance, permet aux usines de tirer le meilleur parti de leurs \u00e9quipements industriels tout en faisant des \u00e9conomies.","robots":{"index":"index","follow":"follow","max-snippet":"max-snippet:-1","max-image-preview":"max-image-preview:large","max-video-preview":"max-video-preview:-1"},"canonical":"https:\/\/www.igenium.ch\/fr\/modernisation-des-equipements\/","og_locale":"fr_FR","og_type":"article","og_title":"Modernisation des \u00e9quipements - Igenium","og_description":"La modernisation, bien plus qu\u2019une simple tendance, permet aux usines de tirer le meilleur parti de leurs \u00e9quipements industriels tout en faisant des \u00e9conomies.","og_url":"https:\/\/www.igenium.ch\/fr\/modernisation-des-equipements\/","og_site_name":"Igenium","article_modified_time":"2024-06-24T14:38:40+00:00","og_image":[{"url":"https:\/\/www.igenium.ch\/app\/uploads\/2022\/06\/project_ownership_epcm-894x1024.jpg","type":"","width":"","height":""}],"twitter_card":"summary_large_image","twitter_misc":{"Dur\u00e9e de lecture estim\u00e9e":"3 minutes"},"schema":{"@context":"https:\/\/schema.org","@graph":[{"@type":"WebPage","@id":"https:\/\/www.igenium.ch\/fr\/modernisation-des-equipements\/","url":"https:\/\/www.igenium.ch\/fr\/modernisation-des-equipements\/","name":"Modernisation des \u00e9quipements - Igenium","isPartOf":{"@id":"https:\/\/www.igenium.ch\/fr\/#website"},"primaryImageOfPage":{"@id":"https:\/\/www.igenium.ch\/fr\/modernisation-des-equipements\/#primaryimage"},"image":{"@id":"https:\/\/www.igenium.ch\/fr\/modernisation-des-equipements\/#primaryimage"},"thumbnailUrl":"https:\/\/www.igenium.ch\/app\/uploads\/2022\/06\/project_ownership_epcm-894x1024.jpg","datePublished":"2024-02-09T14:00:08+00:00","dateModified":"2024-06-24T14:38:40+00:00","description":"La modernisation, bien plus qu\u2019une simple tendance, permet aux usines de tirer le meilleur parti de leurs \u00e9quipements industriels tout en faisant des \u00e9conomies.","breadcrumb":{"@id":"https:\/\/www.igenium.ch\/fr\/modernisation-des-equipements\/#breadcrumb"},"inLanguage":"fr-FR","potentialAction":[{"@type":"ReadAction","target":["https:\/\/www.igenium.ch\/fr\/modernisation-des-equipements\/"]}]},{"@type":"ImageObject","inLanguage":"fr-FR","@id":"https:\/\/www.igenium.ch\/fr\/modernisation-des-equipements\/#primaryimage","url":"https:\/\/www.igenium.ch\/app\/uploads\/2022\/06\/project_ownership_epcm-894x1024.jpg","contentUrl":"https:\/\/www.igenium.ch\/app\/uploads\/2022\/06\/project_ownership_epcm-894x1024.jpg"},{"@type":"BreadcrumbList","@id":"https:\/\/www.igenium.ch\/fr\/modernisation-des-equipements\/#breadcrumb","itemListElement":[{"@type":"ListItem","position":1,"name":"Home","item":"https:\/\/www.igenium.ch\/fr\/"},{"@type":"ListItem","position":2,"name":"Modernisation des \u00e9quipements"}]},{"@type":"WebSite","@id":"https:\/\/www.igenium.ch\/fr\/#website","url":"https:\/\/www.igenium.ch\/fr\/","name":"Igenium","description":"","publisher":{"@id":"https:\/\/www.igenium.ch\/fr\/#organization"},"potentialAction":[{"@type":"SearchAction","target":{"@type":"EntryPoint","urlTemplate":"https:\/\/www.igenium.ch\/fr\/?s={search_term_string}"},"query-input":{"@type":"PropertyValueSpecification","valueRequired":true,"valueName":"search_term_string"}}],"inLanguage":"fr-FR"},{"@type":"Organization","@id":"https:\/\/www.igenium.ch\/fr\/#organization","name":"Igenium - IFPC","url":"https:\/\/www.igenium.ch\/fr\/","logo":{"@type":"ImageObject","inLanguage":"fr-FR","@id":"https:\/\/www.igenium.ch\/fr\/#\/schema\/logo\/image\/","url":"https:\/\/www.igenium.ch\/app\/uploads\/2022\/06\/logo.svg","contentUrl":"https:\/\/www.igenium.ch\/app\/uploads\/2022\/06\/logo.svg","width":167,"height":130,"caption":"Igenium - IFPC"},"image":{"@id":"https:\/\/www.igenium.ch\/fr\/#\/schema\/logo\/image\/"}}]}},"_links":{"self":[{"href":"https:\/\/www.igenium.ch\/fr\/wp-json\/wp\/v2\/pages\/3001","targetHints":{"allow":["GET"]}}],"collection":[{"href":"https:\/\/www.igenium.ch\/fr\/wp-json\/wp\/v2\/pages"}],"about":[{"href":"https:\/\/www.igenium.ch\/fr\/wp-json\/wp\/v2\/types\/page"}],"author":[{"embeddable":true,"href":"https:\/\/www.igenium.ch\/fr\/wp-json\/wp\/v2\/users\/1"}],"replies":[{"embeddable":true,"href":"https:\/\/www.igenium.ch\/fr\/wp-json\/wp\/v2\/comments?post=3001"}],"version-history":[{"count":3,"href":"https:\/\/www.igenium.ch\/fr\/wp-json\/wp\/v2\/pages\/3001\/revisions"}],"predecessor-version":[{"id":3394,"href":"https:\/\/www.igenium.ch\/fr\/wp-json\/wp\/v2\/pages\/3001\/revisions\/3394"}],"wp:attachment":[{"href":"https:\/\/www.igenium.ch\/fr\/wp-json\/wp\/v2\/media?parent=3001"}],"curies":[{"name":"wp","href":"https:\/\/api.w.org\/{rel}","templated":true}]}}