{"id":3007,"date":"2024-02-09T14:21:51","date_gmt":"2024-02-09T14:21:51","guid":{"rendered":"https:\/\/www.igenium.ch\/?page_id=3007"},"modified":"2024-06-24T14:37:36","modified_gmt":"2024-06-24T14:37:36","slug":"retrofit-industriel","status":"publish","type":"page","link":"https:\/\/www.igenium.ch\/fr\/retrofit-industriel\/","title":{"rendered":"Retrofit industriel"},"content":{"rendered":"\n\n\n\n\n<section class=\"section--color-default section--align-wide-content section--padding-medium section\" id=\"\" style=\"\">\n    <div class=\"grid-container\">\n\n<div class=\"wp-block-columns is-layout-flex wp-container-core-columns-is-layout-9d6595d7 wp-block-columns-is-layout-flex\">\n<div class=\"wp-block-column is-layout-flow wp-block-column-is-layout-flow\">\n<h1 class=\"wp-block-heading\">Qu&rsquo;est-ce que le retrofit industriel ?<\/h1>\n\n\n\n<p>Acteur essentiel dans l\u2019\u00e9conomie mondiale, l\u2019industrie fait face \u00e0 de nombreux d\u00e9fis et \u00e9volutions. Le retrofit industriel \u00e9merge comme une strat\u00e9gie cl\u00e9 pour les entreprises cherchant \u00e0 optimiser l\u2019efficacit\u00e9 de leurs \u00e9quipements. Cette approche, \u00e9galement connue sous le nom de <strong>retrofitting<\/strong>, se positionne comme une alternative intelligente au remplacement complet des machines.&nbsp;<\/p>\n<\/div>\n<\/div>\n\n\n\n<div class=\"wp-block-columns is-layout-flex wp-container-core-columns-is-layout-9d6595d7 wp-block-columns-is-layout-flex\">\n<div class=\"wp-block-column is-layout-flow wp-block-column-is-layout-flow\">\n<h2 class=\"wp-block-heading\">Pourquoi le retrofit machine industrielle est-il important ?<\/h2>\n\n\n\n<p>Le retrofit industriel englobe un <strong>ensemble de proc\u00e9dures visant \u00e0 optimiser, am\u00e9liorer et mettre \u00e0 niveau les machines industrielles existantes et les infrastructures<\/strong> des usines de production. Cette approche implique des modifications cibl\u00e9es, allant de l\u2019int\u00e9gration de technologies de pointe \u00e0 la mise \u00e0 niveau des composants obsol\u00e8tes. L\u2019objectif des interventions est de garantir que <strong>les \u00e9quipements restent performants et conformes<\/strong> aux exigences en vigueur dans l\u2019industrie.&nbsp;<\/p>\n\n\n\n<h3 class=\"wp-block-heading\">Les avantages du retrofit industriel<\/h3>\n\n\n\n<p>Le retrofit industriel offre de nombreux avantages et opportunit\u00e9s pour les entreprises :&nbsp;<\/p>\n\n\n\n<h4 class=\"wp-block-heading\">R\u00e9duction des co\u00fbts<\/h4>\n\n\n\n<p>Les \u00e9quipements obsol\u00e8tes peuvent \u00eatre sujets \u00e0 des pannes plus fr\u00e9quentes ou encore engendr\u00e9s des co\u00fbts de maintenance plus \u00e9lev\u00e9s. Gr\u00e2ce au <strong>retrofit automatisme industriel<\/strong>, les entreprises peuvent r\u00e9duire ces co\u00fbts en rempla\u00e7ant les \u00e9quipements d\u00e9fectueux par des technologies plus durables et fiables.&nbsp;&nbsp;<\/p>\n\n\n\n<h4 class=\"wp-block-heading\">Am\u00e9lioration de l&rsquo;efficacit\u00e9 \u00e9nerg\u00e9tique<\/h4>\n\n\n\n<p>En faisant le choix de moderniser les \u00e9quipements, les entreprises peuvent \u00e9galement r\u00e9duire leur consommation d\u2019\u00e9nergie. Cela se traduit par une empreinte environnementale r\u00e9duite, mais aussi par des<strong> \u00e9conomies financi\u00e8res non-n\u00e9gligeables<\/strong>. Par exemple, une entreprise qui r\u00e9alise un retrofit des armoires \u00e9lectriques industrielles s\u2019assure une gestion plus efficace de l\u2019\u00e9nergie et une conformit\u00e9 aux normes de s\u00e9curit\u00e9s actuelles.&nbsp;<\/p>\n\n\n\n<h4 class=\"wp-block-heading\">Augmentation de la productivit\u00e9<\/h4>\n\n\n\n<p>En faisant le choix de moderniser les \u00e9quipements, les entreprises peuvent \u00e9galement r\u00e9duire leur consommation d\u2019\u00e9nergie. Cela se traduit par une empreinte environnementale r\u00e9duite, mais aussi par des<strong> \u00e9conomies financi\u00e8res non-n\u00e9gligeables<\/strong>. Par exemple, une entreprise qui r\u00e9alise un retrofit des armoires \u00e9lectriques industrielles s\u2019assure une gestion plus efficace de l\u2019\u00e9nergie et une conformit\u00e9 aux normes de s\u00e9curit\u00e9s actuelles.&nbsp;<\/p>\n\n\n\n<h4 class=\"wp-block-heading\">Am\u00e9lioration de la qualit\u00e9 des produits<\/h4>\n\n\n\n<p>Les \u00e9quipements obsol\u00e8tes sont susceptibles d\u2019engendrer des probl\u00e8mes de qualit\u00e9s des produits et de provoquer des d\u00e9fauts de fabrication dans certains cas. <a href=\"https:\/\/www.igenium.ch\/fr\/optimisation-de-la-production\/\">Avec l\u2019optimisation de la production industrielle<\/a>, les entreprises peuvent am\u00e9liorer grandement la qualit\u00e9 de leurs produits et renforcer leur position sur le march\u00e9.&nbsp;<\/p>\n\n\n\n<h2 class=\"wp-block-heading\">Les \u00e9tapes du retrofitting<\/h2>\n\n\n\n<h3 class=\"wp-block-heading\">\u00e9valuation des besoins<\/h3>\n\n\n\n<p>Avant toute chose, vous devez \u00e9valuer vos besoins sp\u00e9cifiques. Posez-vous les questions suivantes : quels sont les \u00e9quipements obsol\u00e8tes ou peu efficaces qui n\u00e9cessitent une modernisation ? Quels sont vos objectifs en ce qui concerne l\u2019efficacit\u00e9 \u00e9nerg\u00e9tique ou la qualit\u00e9 des produits ?&nbsp;<\/p>\n<\/div>\n\n\n\n<div class=\"wp-block-column is-layout-flow wp-block-column-is-layout-flow\">\n<figure class=\"wp-block-image size-large\"><img loading=\"lazy\" decoding=\"async\" width=\"1024\" height=\"567\" src=\"https:\/\/www.igenium.ch\/app\/uploads\/2022\/06\/igenium-improve-1024x567.jpg\" alt=\"igenium improve\" class=\"wp-image-168\" srcset=\"https:\/\/www.igenium.ch\/app\/uploads\/2022\/06\/igenium-improve-1024x567.jpg 1024w, https:\/\/www.igenium.ch\/app\/uploads\/2022\/06\/igenium-improve-170x94.jpg 170w, https:\/\/www.igenium.ch\/app\/uploads\/2022\/06\/igenium-improve-40x22.jpg 40w, https:\/\/www.igenium.ch\/app\/uploads\/2022\/06\/igenium-improve-300x166.jpg 300w, https:\/\/www.igenium.ch\/app\/uploads\/2022\/06\/igenium-improve-768x425.jpg 768w, https:\/\/www.igenium.ch\/app\/uploads\/2022\/06\/igenium-improve-1536x850.jpg 1536w, https:\/\/www.igenium.ch\/app\/uploads\/2022\/06\/igenium-improve.jpg 1955w\" sizes=\"auto, (max-width: 1024px) 100vw, 1024px\" \/><\/figure>\n\n\n\n<p><\/p>\n\n\n\n<h3 class=\"wp-block-heading\">Planification du retrofit machine industrielle<\/h3>\n\n\n\n<p>D\u00e8s que vous avez identifi\u00e9 vos besoins, vous pouvez cr\u00e9er un plan d\u00e9taill\u00e9 pour le retrofit industriel. N\u2019oubliez pas de prendre en compte les d\u00e9lais, les ressources, les contraintes budg\u00e9taires et les mesures \u00e0 prendre pour minimiser les interruptions de production.&nbsp;<\/p>\n\n\n\n<h3 class=\"wp-block-heading\">S\u00e9lection des technologies<\/h3>\n\n\n\n<p>Ensuite, il convient de choisir les technologies appropri\u00e9es \u00e0 vos besoins et \u00e0 vos objectifs pour moderniser ces \u00e9quipements. Vous pouvez par exemple opter pour l\u2019am\u00e9lioration des syst\u00e8mes de contr\u00f4le, l\u2019adoption de machines automatis\u00e9es ou encore l\u2019int\u00e9gration de solutions logicielles avanc\u00e9es.&nbsp;<\/p>\n\n\n\n<h3 class=\"wp-block-heading\">Mise en place de votre retrofit supervision<\/h3>\n\n\n\n<p>Une fois le plan r\u00e9alis\u00e9 et les technologies s\u00e9lectionn\u00e9es, il est temps de mettre en \u0153uvre les changements que vous avez planifi\u00e9. Pour ce faire, vous allez devoir <strong>collaborer avec les \u00e9quipes de production, de maintenance et d\u2019ing\u00e9nierie<\/strong> pour assurer un d\u00e9ploiement sans heurt.&nbsp;<\/p>\n\n\n\n<h3 class=\"wp-block-heading\">Suivi<\/h3>\n\n\n\n<p>La derni\u00e8re \u00e9tape consiste \u00e0 suivre les r\u00e9sultats et \u00e0 \u00e9valuer les performances pour s\u2019assurer que les objectifs fix\u00e9s au d\u00e9but ont \u00e9t\u00e9 atteints.&nbsp;<\/p>\n\n\n\n<p>Le retrofitting se positionne comme un investissement judicieux et un alli\u00e9 de taille pour les entreprises cherchant \u00e0 rester comp\u00e9titives dans un monde industriel en perp\u00e9tuelle \u00e9volution. Bien plus qu\u2019une simple tendance, cette approche est une strat\u00e9gie incontournable pour <strong>am\u00e9liorer sa durabilit\u00e9 et ses performances<\/strong>.&nbsp;<\/p>\n<\/div>\n<\/div>\n\n\n\n<div class=\"wp-block-columns is-layout-flex wp-container-core-columns-is-layout-9d6595d7 wp-block-columns-is-layout-flex\"><\/div>\n\n<\/div>\n<\/section>\n","protected":false},"excerpt":{"rendered":"<p>Le retrofit industriel \u00e9merge comme une strat\u00e9gie cl\u00e9 pour les entreprises cherchant \u00e0 optimiser l\u2019efficacit\u00e9 de leurs \u00e9quipements.<\/p>\n","protected":false},"author":1,"featured_media":0,"parent":0,"menu_order":0,"comment_status":"closed","ping_status":"closed","template":"","meta":{"_acf_changed":false,"inline_featured_image":false,"footnotes":""},"class_list":["post-3007","page","type-page","status-publish","hentry"],"acf":[],"yoast_head":"<!-- This site is optimized with the Yoast SEO plugin v25.7 - https:\/\/yoast.com\/wordpress\/plugins\/seo\/ -->\n<title>Retrofit industriel - Igenium<\/title>\n<meta name=\"description\" content=\"Le retrofit industriel \u00e9merge comme une strat\u00e9gie cl\u00e9 pour les entreprises cherchant \u00e0 optimiser l\u2019efficacit\u00e9 de leurs \u00e9quipements.\" \/>\n<meta name=\"robots\" content=\"index, follow, max-snippet:-1, max-image-preview:large, max-video-preview:-1\" \/>\n<link rel=\"canonical\" href=\"https:\/\/www.igenium.ch\/fr\/retrofit-industriel\/\" \/>\n<meta property=\"og:locale\" content=\"fr_FR\" \/>\n<meta property=\"og:type\" content=\"article\" \/>\n<meta property=\"og:title\" content=\"Retrofit industriel - Igenium\" \/>\n<meta property=\"og:description\" content=\"Le retrofit industriel \u00e9merge comme une strat\u00e9gie cl\u00e9 pour les entreprises cherchant \u00e0 optimiser l\u2019efficacit\u00e9 de leurs \u00e9quipements.\" \/>\n<meta property=\"og:url\" content=\"https:\/\/www.igenium.ch\/fr\/retrofit-industriel\/\" \/>\n<meta property=\"og:site_name\" content=\"Igenium\" \/>\n<meta property=\"article:modified_time\" content=\"2024-06-24T14:37:36+00:00\" \/>\n<meta property=\"og:image\" content=\"https:\/\/www.igenium.ch\/app\/uploads\/2022\/06\/igenium-improve-1024x567.jpg\" \/>\n<meta name=\"twitter:card\" content=\"summary_large_image\" \/>\n<meta name=\"twitter:label1\" content=\"Dur\u00e9e de lecture estim\u00e9e\" \/>\n\t<meta name=\"twitter:data1\" content=\"4 minutes\" \/>\n<script type=\"application\/ld+json\" class=\"yoast-schema-graph\">{\"@context\":\"https:\/\/schema.org\",\"@graph\":[{\"@type\":\"WebPage\",\"@id\":\"https:\/\/www.igenium.ch\/fr\/retrofit-industriel\/\",\"url\":\"https:\/\/www.igenium.ch\/fr\/retrofit-industriel\/\",\"name\":\"Retrofit industriel - Igenium\",\"isPartOf\":{\"@id\":\"https:\/\/www.igenium.ch\/fr\/#website\"},\"primaryImageOfPage\":{\"@id\":\"https:\/\/www.igenium.ch\/fr\/retrofit-industriel\/#primaryimage\"},\"image\":{\"@id\":\"https:\/\/www.igenium.ch\/fr\/retrofit-industriel\/#primaryimage\"},\"thumbnailUrl\":\"https:\/\/www.igenium.ch\/app\/uploads\/2022\/06\/igenium-improve-1024x567.jpg\",\"datePublished\":\"2024-02-09T14:21:51+00:00\",\"dateModified\":\"2024-06-24T14:37:36+00:00\",\"description\":\"Le retrofit industriel \u00e9merge comme une strat\u00e9gie cl\u00e9 pour les entreprises cherchant \u00e0 optimiser l\u2019efficacit\u00e9 de leurs \u00e9quipements.\",\"breadcrumb\":{\"@id\":\"https:\/\/www.igenium.ch\/fr\/retrofit-industriel\/#breadcrumb\"},\"inLanguage\":\"fr-FR\",\"potentialAction\":[{\"@type\":\"ReadAction\",\"target\":[\"https:\/\/www.igenium.ch\/fr\/retrofit-industriel\/\"]}]},{\"@type\":\"ImageObject\",\"inLanguage\":\"fr-FR\",\"@id\":\"https:\/\/www.igenium.ch\/fr\/retrofit-industriel\/#primaryimage\",\"url\":\"https:\/\/www.igenium.ch\/app\/uploads\/2022\/06\/igenium-improve-1024x567.jpg\",\"contentUrl\":\"https:\/\/www.igenium.ch\/app\/uploads\/2022\/06\/igenium-improve-1024x567.jpg\"},{\"@type\":\"BreadcrumbList\",\"@id\":\"https:\/\/www.igenium.ch\/fr\/retrofit-industriel\/#breadcrumb\",\"itemListElement\":[{\"@type\":\"ListItem\",\"position\":1,\"name\":\"Home\",\"item\":\"https:\/\/www.igenium.ch\/fr\/\"},{\"@type\":\"ListItem\",\"position\":2,\"name\":\"Retrofit industriel\"}]},{\"@type\":\"WebSite\",\"@id\":\"https:\/\/www.igenium.ch\/fr\/#website\",\"url\":\"https:\/\/www.igenium.ch\/fr\/\",\"name\":\"Igenium\",\"description\":\"\",\"publisher\":{\"@id\":\"https:\/\/www.igenium.ch\/fr\/#organization\"},\"potentialAction\":[{\"@type\":\"SearchAction\",\"target\":{\"@type\":\"EntryPoint\",\"urlTemplate\":\"https:\/\/www.igenium.ch\/fr\/?s={search_term_string}\"},\"query-input\":{\"@type\":\"PropertyValueSpecification\",\"valueRequired\":true,\"valueName\":\"search_term_string\"}}],\"inLanguage\":\"fr-FR\"},{\"@type\":\"Organization\",\"@id\":\"https:\/\/www.igenium.ch\/fr\/#organization\",\"name\":\"Igenium - IFPC\",\"url\":\"https:\/\/www.igenium.ch\/fr\/\",\"logo\":{\"@type\":\"ImageObject\",\"inLanguage\":\"fr-FR\",\"@id\":\"https:\/\/www.igenium.ch\/fr\/#\/schema\/logo\/image\/\",\"url\":\"https:\/\/www.igenium.ch\/app\/uploads\/2022\/06\/logo.svg\",\"contentUrl\":\"https:\/\/www.igenium.ch\/app\/uploads\/2022\/06\/logo.svg\",\"width\":167,\"height\":130,\"caption\":\"Igenium - IFPC\"},\"image\":{\"@id\":\"https:\/\/www.igenium.ch\/fr\/#\/schema\/logo\/image\/\"}}]}<\/script>\n<!-- \/ Yoast SEO plugin. -->","yoast_head_json":{"title":"Retrofit industriel - Igenium","description":"Le retrofit industriel \u00e9merge comme une strat\u00e9gie cl\u00e9 pour les entreprises cherchant \u00e0 optimiser l\u2019efficacit\u00e9 de leurs \u00e9quipements.","robots":{"index":"index","follow":"follow","max-snippet":"max-snippet:-1","max-image-preview":"max-image-preview:large","max-video-preview":"max-video-preview:-1"},"canonical":"https:\/\/www.igenium.ch\/fr\/retrofit-industriel\/","og_locale":"fr_FR","og_type":"article","og_title":"Retrofit industriel - Igenium","og_description":"Le retrofit industriel \u00e9merge comme une strat\u00e9gie cl\u00e9 pour les entreprises cherchant \u00e0 optimiser l\u2019efficacit\u00e9 de leurs \u00e9quipements.","og_url":"https:\/\/www.igenium.ch\/fr\/retrofit-industriel\/","og_site_name":"Igenium","article_modified_time":"2024-06-24T14:37:36+00:00","og_image":[{"url":"https:\/\/www.igenium.ch\/app\/uploads\/2022\/06\/igenium-improve-1024x567.jpg","type":"","width":"","height":""}],"twitter_card":"summary_large_image","twitter_misc":{"Dur\u00e9e de lecture estim\u00e9e":"4 minutes"},"schema":{"@context":"https:\/\/schema.org","@graph":[{"@type":"WebPage","@id":"https:\/\/www.igenium.ch\/fr\/retrofit-industriel\/","url":"https:\/\/www.igenium.ch\/fr\/retrofit-industriel\/","name":"Retrofit industriel - Igenium","isPartOf":{"@id":"https:\/\/www.igenium.ch\/fr\/#website"},"primaryImageOfPage":{"@id":"https:\/\/www.igenium.ch\/fr\/retrofit-industriel\/#primaryimage"},"image":{"@id":"https:\/\/www.igenium.ch\/fr\/retrofit-industriel\/#primaryimage"},"thumbnailUrl":"https:\/\/www.igenium.ch\/app\/uploads\/2022\/06\/igenium-improve-1024x567.jpg","datePublished":"2024-02-09T14:21:51+00:00","dateModified":"2024-06-24T14:37:36+00:00","description":"Le retrofit industriel \u00e9merge comme une strat\u00e9gie cl\u00e9 pour les entreprises cherchant \u00e0 optimiser l\u2019efficacit\u00e9 de leurs \u00e9quipements.","breadcrumb":{"@id":"https:\/\/www.igenium.ch\/fr\/retrofit-industriel\/#breadcrumb"},"inLanguage":"fr-FR","potentialAction":[{"@type":"ReadAction","target":["https:\/\/www.igenium.ch\/fr\/retrofit-industriel\/"]}]},{"@type":"ImageObject","inLanguage":"fr-FR","@id":"https:\/\/www.igenium.ch\/fr\/retrofit-industriel\/#primaryimage","url":"https:\/\/www.igenium.ch\/app\/uploads\/2022\/06\/igenium-improve-1024x567.jpg","contentUrl":"https:\/\/www.igenium.ch\/app\/uploads\/2022\/06\/igenium-improve-1024x567.jpg"},{"@type":"BreadcrumbList","@id":"https:\/\/www.igenium.ch\/fr\/retrofit-industriel\/#breadcrumb","itemListElement":[{"@type":"ListItem","position":1,"name":"Home","item":"https:\/\/www.igenium.ch\/fr\/"},{"@type":"ListItem","position":2,"name":"Retrofit industriel"}]},{"@type":"WebSite","@id":"https:\/\/www.igenium.ch\/fr\/#website","url":"https:\/\/www.igenium.ch\/fr\/","name":"Igenium","description":"","publisher":{"@id":"https:\/\/www.igenium.ch\/fr\/#organization"},"potentialAction":[{"@type":"SearchAction","target":{"@type":"EntryPoint","urlTemplate":"https:\/\/www.igenium.ch\/fr\/?s={search_term_string}"},"query-input":{"@type":"PropertyValueSpecification","valueRequired":true,"valueName":"search_term_string"}}],"inLanguage":"fr-FR"},{"@type":"Organization","@id":"https:\/\/www.igenium.ch\/fr\/#organization","name":"Igenium - IFPC","url":"https:\/\/www.igenium.ch\/fr\/","logo":{"@type":"ImageObject","inLanguage":"fr-FR","@id":"https:\/\/www.igenium.ch\/fr\/#\/schema\/logo\/image\/","url":"https:\/\/www.igenium.ch\/app\/uploads\/2022\/06\/logo.svg","contentUrl":"https:\/\/www.igenium.ch\/app\/uploads\/2022\/06\/logo.svg","width":167,"height":130,"caption":"Igenium - IFPC"},"image":{"@id":"https:\/\/www.igenium.ch\/fr\/#\/schema\/logo\/image\/"}}]}},"_links":{"self":[{"href":"https:\/\/www.igenium.ch\/fr\/wp-json\/wp\/v2\/pages\/3007","targetHints":{"allow":["GET"]}}],"collection":[{"href":"https:\/\/www.igenium.ch\/fr\/wp-json\/wp\/v2\/pages"}],"about":[{"href":"https:\/\/www.igenium.ch\/fr\/wp-json\/wp\/v2\/types\/page"}],"author":[{"embeddable":true,"href":"https:\/\/www.igenium.ch\/fr\/wp-json\/wp\/v2\/users\/1"}],"replies":[{"embeddable":true,"href":"https:\/\/www.igenium.ch\/fr\/wp-json\/wp\/v2\/comments?post=3007"}],"version-history":[{"count":4,"href":"https:\/\/www.igenium.ch\/fr\/wp-json\/wp\/v2\/pages\/3007\/revisions"}],"predecessor-version":[{"id":3391,"href":"https:\/\/www.igenium.ch\/fr\/wp-json\/wp\/v2\/pages\/3007\/revisions\/3391"}],"wp:attachment":[{"href":"https:\/\/www.igenium.ch\/fr\/wp-json\/wp\/v2\/media?parent=3007"}],"curies":[{"name":"wp","href":"https:\/\/api.w.org\/{rel}","templated":true}]}}