{"id":980,"date":"2022-06-27T08:12:30","date_gmt":"2022-06-27T08:12:30","guid":{"rendered":"https:\/\/www.igenium.ch\/contact\/"},"modified":"2025-10-01T14:40:40","modified_gmt":"2025-10-01T14:40:40","slug":"contact","status":"publish","type":"page","link":"https:\/\/www.igenium.ch\/fr\/contact\/","title":{"rendered":"Contact"},"content":{"rendered":"\n\n\n\n\n<div class=\"section--color-default section--align-wide-content section--padding-medium section\" id=\"\" style=\"\">\n    <div class=\"grid-container\">\n\n<h1 class=\"wp-block-heading\"><strong>CONTACTEZ-NOUS<\/strong><\/h1>\n\n<\/div>\n<\/div>\n\n\n\n\n\n\n\n<div class=\"section--color-default section--align-wide-small section--padding-medium section\" id=\"\" style=\"\">\n    <div class=\"grid-container\">\n\n<p>Vous avez besoin de conseils sur un projet ? Vous avez peut-\u00eatre une question sp\u00e9cifique ?<br>Ou n\u00e9cessitez des renseignements ? Nous serions ravis de vous r\u00e9pondre.&nbsp;<\/p>\n\n\n\n<p>&nbsp;<\/p>\n\n<\/div>\n<\/div>\n\n\n\n\n\n\n\n<section class=\"section--color-secondary section--align-wide-small section--padding-medium section\" id=\"\" style=\"\">\n    <div class=\"grid-container\">\n\n<div class=\" grid-x grid-margin-x grid-margin-y align-justify contact-infos\">\n    \n\n<div class=\" cell small-12 medium-6 large-4\">\n    <div class=\"contact-info\">\n        <div class=\"contact-info__title\">ZURICH HQ OFFICE<\/div>\n        <p>IFPC GmbH<br \/>\nSihlquai 131<br \/>\n8005 Z\u00fcrich<br \/>\nSwitzerland<\/p>\n\n                <ul class=\"contact-info__contacts\">\n                    <li class=\"contact-info__contact\">\n                <svg xmlns=\"http:\/\/www.w3.org\/2000\/svg\" width=\"32\" height=\"32\" viewBox=\"0 0 32 32\" fill=\"none\" class=\"picto\">\n<g clip-path=\"url(#clip0_2_25)\">\n<path d=\"M30.8569 1.5182L24.3556 0.0177524C24.0124 -0.0604537 23.6527 -0.0163991 23.3385 0.142313C23.0243 0.301025 22.7754 0.564436 22.6347 0.887086L19.6338 7.89153C19.5056 8.1907 19.4785 8.52347 19.5564 8.83945C19.6344 9.15544 19.8132 9.4374 20.0658 9.64264L23.8542 12.7449C21.5591 17.6129 17.6414 21.5306 12.7734 23.8258L9.66935 20.0355C9.4637 19.7835 9.18164 19.6052 8.86574 19.5276C8.54984 19.45 8.21727 19.4773 7.91824 19.6053L0.913797 22.6062C0.589634 22.7469 0.324727 22.9964 0.164737 23.3115C0.00474727 23.6266 -0.0403026 23.9877 0.0373527 24.3324L1.53957 30.8373C1.69602 31.5129 2.29513 32 3.00269 32C19.0205 32 32.0214 19.0222 32.0214 2.98131C32.0218 2.64155 31.9069 2.31171 31.6953 2.04587C31.4837 1.78003 31.1881 1.59397 30.8569 1.5182V1.5182Z\" fill=\"white\"\/>\n<\/g>\n<defs>\n<clipPath id=\"clip0_2_25\">\n<rect width=\"32\" height=\"32\" fill=\"white\"\/>\n<\/clipPath>\n<\/defs>\n<\/svg>\n\n                <a\n    href=\"tel:+41432163441\"\n>\n        +41 (0)4 32 16 34 41\n<\/a>\n            <\/li>\n                    <li class=\"contact-info__contact\">\n                <svg xmlns=\"http:\/\/www.w3.org\/2000\/svg\" width=\"32\" height=\"32\" viewBox=\"0 0 32 32\" fill=\"none\" class=\"picto\">\n<path d=\"M1.64513 5.87648C5.87809 9.46176 13.3059 15.7709 15.4909 17.737C15.784 18.0019 16.0976 18.1376 16.4253 18.1376C16.7504 18.1376 17.064 18.0032 17.3559 17.7395C19.5421 15.7709 26.9699 9.46176 31.2042 5.87648C31.331 5.76894 31.4111 5.61644 31.4278 5.45103C31.4446 5.28561 31.3965 5.12016 31.2938 4.98944C31.0556 4.68188 30.7502 4.43285 30.401 4.26136C30.0518 4.08988 29.6681 4.00048 29.2791 4H3.57153C2.78305 4 2.04833 4.36096 1.55425 4.98944C1.45153 5.12016 1.40348 5.28561 1.42019 5.45103C1.43689 5.61644 1.51707 5.76894 1.64385 5.87648H1.64513Z\" fill=\"white\"\/>\n<path d=\"M31.4743 7.81949C31.3631 7.76789 31.2395 7.74926 31.1182 7.76583C30.9968 7.78239 30.8827 7.83345 30.7895 7.91293C28.017 10.263 24.3639 13.3683 21.608 15.7376C21.5364 15.7991 21.4792 15.8756 21.4405 15.9617C21.4019 16.0479 21.3827 16.1415 21.3844 16.2359C21.3862 16.3303 21.4087 16.4231 21.4504 16.5078C21.4922 16.5925 21.5521 16.6669 21.6259 16.7257C24.1859 18.7763 28.0439 21.5974 30.8291 23.6019C30.9249 23.6723 31.0384 23.7146 31.1569 23.7241C31.2754 23.7336 31.3942 23.7099 31.5 23.6557C31.6058 23.6014 31.6943 23.5188 31.7558 23.4171C31.8173 23.3154 31.8492 23.1985 31.848 23.0797V8.40317C31.8478 8.28055 31.8125 8.16056 31.7462 8.05736C31.68 7.95416 31.5856 7.87207 31.4743 7.82077V7.81949Z\" fill=\"white\"\/>\n<path d=\"M2.0176 23.6019C4.80416 21.5975 8.66336 18.7763 11.2221 16.7258C11.2959 16.6669 11.3558 16.5925 11.3976 16.5078C11.4393 16.4232 11.4619 16.3303 11.4636 16.2359C11.4653 16.1415 11.4461 16.0479 11.4075 15.9618C11.3688 15.8756 11.3117 15.7991 11.24 15.7376C8.18801 13.119 5.12751 10.5104 2.05856 7.91169C1.96497 7.83219 1.85056 7.78117 1.72888 7.76467C1.60719 7.74818 1.48333 7.7669 1.37195 7.81861C1.26057 7.87033 1.16635 7.95288 1.10043 8.05648C1.03451 8.16009 0.999658 8.28041 1 8.40321V23.081C0.999913 23.1992 1.03247 23.3152 1.09407 23.4162C1.15568 23.5171 1.24396 23.5991 1.34918 23.6531C1.4544 23.7071 1.57248 23.731 1.69041 23.7222C1.80835 23.7134 1.92157 23.6722 2.0176 23.6032V23.6019Z\" fill=\"white\"\/>\n<path d=\"M31.0595 25.3504C28.369 23.4253 23.4128 19.8375 20.4547 17.4362C20.3373 17.3409 20.1901 17.2899 20.039 17.2923C19.8878 17.2946 19.7422 17.3501 19.6278 17.449C19.0467 17.9571 18.5616 18.3834 18.216 18.6931C17.1587 19.648 15.6893 19.648 14.6294 18.6931C14.1632 18.2749 13.6934 17.8606 13.2202 17.4503C13.1063 17.3505 12.9607 17.2943 12.8093 17.2917C12.6579 17.2891 12.5105 17.3403 12.3933 17.4362C9.44417 19.8298 4.48161 23.4214 1.78849 25.3504C1.71455 25.4038 1.65275 25.4722 1.60718 25.5511C1.56161 25.6301 1.53329 25.7178 1.5241 25.8085C1.51491 25.8993 1.52505 25.9909 1.55385 26.0774C1.58266 26.1639 1.62947 26.2433 1.69121 26.3104C2.17761 26.8352 2.86369 27.1347 3.57025 27.1347H29.2765C29.9843 27.1347 30.6691 26.8339 31.1568 26.3104C31.2187 26.2434 31.2657 26.164 31.2946 26.0775C31.3236 25.9909 31.3338 25.8993 31.3246 25.8085C31.3154 25.7177 31.287 25.6299 31.2413 25.551C31.1956 25.472 31.1336 25.4036 31.0595 25.3504Z\" fill=\"white\"\/>\n<\/svg>\n\n                <a\n    href=\"mailto:info@igenium.ch\"\n>\n        info@igenium.ch\n<\/a>\n            <\/li>\n                    <li class=\"contact-info__contact\">\n                <svg xmlns=\"http:\/\/www.w3.org\/2000\/svg\" width=\"32\" height=\"32\" viewBox=\"0 0 32 32\" fill=\"none\" class=\"picto\">\n<path d=\"M16.2955 17.4193C14.7495 17.4178 13.2673 16.8031 12.174 15.71C11.0807 14.6169 10.4657 13.1347 10.464 11.5887C10.4657 10.0427 11.0807 8.56055 12.174 7.46745C13.2673 6.37435 14.7495 5.75961 16.2955 5.75812C17.8414 5.75986 19.3234 6.37471 20.4165 7.46778C21.5095 8.56085 22.1244 10.0429 22.1261 11.5887C22.1244 13.1345 21.5095 14.6166 20.4165 15.7096C19.3234 16.8027 17.8414 17.4176 16.2955 17.4193V17.4193ZM4.70589 11.5887C4.70589 19.5191 15.0777 31.1614 15.5191 31.6527C15.9332 32.1148 16.6579 32.1139 17.072 31.6527C17.5134 31.1614 27.8842 19.5191 27.8842 11.5887C27.8842 5.19812 22.6852 0 16.2955 0C9.90495 0 4.70589 5.19812 4.70589 11.5887Z\" fill=\"white\"\/>\n<\/svg>\n\n                <a\n    href=\"https:\/\/www.google.fr\/maps\/place\/Sihlquai+131,+8005+Z%C3%BCrich,+Suisse\/@47.3849471,8.5314532,17z\/data=!3m1!4b1!4m5!3m4!1s0x47900a1282ed90c7:0x60691c3a0aaed587!8m2!3d47.3849435!4d8.5336419\" target=\"1\" rel=\"noreferrer noopener\"\n>\n        Map\n<\/a>\n            <\/li>\n                <\/ul>\n            <\/div>\n<\/div>\n\n\n\n<div class=\" cell small-12 medium-6 large-4\">\n    <div class=\"contact-info\">\n        <div class=\"contact-info__title\">France office<\/div>\n        <p>IGENIUM SAS<br \/>\n1 rue Drumont<br \/>\n68100 Mulhouse<br \/>\nFrance<\/p>\n\n                <ul class=\"contact-info__contacts\">\n                    <li class=\"contact-info__contact\">\n                <svg xmlns=\"http:\/\/www.w3.org\/2000\/svg\" width=\"32\" height=\"32\" viewBox=\"0 0 32 32\" fill=\"none\" class=\"picto\">\n<g clip-path=\"url(#clip0_2_25)\">\n<path d=\"M30.8569 1.5182L24.3556 0.0177524C24.0124 -0.0604537 23.6527 -0.0163991 23.3385 0.142313C23.0243 0.301025 22.7754 0.564436 22.6347 0.887086L19.6338 7.89153C19.5056 8.1907 19.4785 8.52347 19.5564 8.83945C19.6344 9.15544 19.8132 9.4374 20.0658 9.64264L23.8542 12.7449C21.5591 17.6129 17.6414 21.5306 12.7734 23.8258L9.66935 20.0355C9.4637 19.7835 9.18164 19.6052 8.86574 19.5276C8.54984 19.45 8.21727 19.4773 7.91824 19.6053L0.913797 22.6062C0.589634 22.7469 0.324727 22.9964 0.164737 23.3115C0.00474727 23.6266 -0.0403026 23.9877 0.0373527 24.3324L1.53957 30.8373C1.69602 31.5129 2.29513 32 3.00269 32C19.0205 32 32.0214 19.0222 32.0214 2.98131C32.0218 2.64155 31.9069 2.31171 31.6953 2.04587C31.4837 1.78003 31.1881 1.59397 30.8569 1.5182V1.5182Z\" fill=\"white\"\/>\n<\/g>\n<defs>\n<clipPath id=\"clip0_2_25\">\n<rect width=\"32\" height=\"32\" fill=\"white\"\/>\n<\/clipPath>\n<\/defs>\n<\/svg>\n\n                <a\n    href=\"tel:+33426970242\"\n>\n        +33 (0)4 26 97 02 42\n<\/a>\n            <\/li>\n                    <li class=\"contact-info__contact\">\n                <svg xmlns=\"http:\/\/www.w3.org\/2000\/svg\" width=\"32\" height=\"32\" viewBox=\"0 0 32 32\" fill=\"none\" class=\"picto\">\n<path d=\"M1.64513 5.87648C5.87809 9.46176 13.3059 15.7709 15.4909 17.737C15.784 18.0019 16.0976 18.1376 16.4253 18.1376C16.7504 18.1376 17.064 18.0032 17.3559 17.7395C19.5421 15.7709 26.9699 9.46176 31.2042 5.87648C31.331 5.76894 31.4111 5.61644 31.4278 5.45103C31.4446 5.28561 31.3965 5.12016 31.2938 4.98944C31.0556 4.68188 30.7502 4.43285 30.401 4.26136C30.0518 4.08988 29.6681 4.00048 29.2791 4H3.57153C2.78305 4 2.04833 4.36096 1.55425 4.98944C1.45153 5.12016 1.40348 5.28561 1.42019 5.45103C1.43689 5.61644 1.51707 5.76894 1.64385 5.87648H1.64513Z\" fill=\"white\"\/>\n<path d=\"M31.4743 7.81949C31.3631 7.76789 31.2395 7.74926 31.1182 7.76583C30.9968 7.78239 30.8827 7.83345 30.7895 7.91293C28.017 10.263 24.3639 13.3683 21.608 15.7376C21.5364 15.7991 21.4792 15.8756 21.4405 15.9617C21.4019 16.0479 21.3827 16.1415 21.3844 16.2359C21.3862 16.3303 21.4087 16.4231 21.4504 16.5078C21.4922 16.5925 21.5521 16.6669 21.6259 16.7257C24.1859 18.7763 28.0439 21.5974 30.8291 23.6019C30.9249 23.6723 31.0384 23.7146 31.1569 23.7241C31.2754 23.7336 31.3942 23.7099 31.5 23.6557C31.6058 23.6014 31.6943 23.5188 31.7558 23.4171C31.8173 23.3154 31.8492 23.1985 31.848 23.0797V8.40317C31.8478 8.28055 31.8125 8.16056 31.7462 8.05736C31.68 7.95416 31.5856 7.87207 31.4743 7.82077V7.81949Z\" fill=\"white\"\/>\n<path d=\"M2.0176 23.6019C4.80416 21.5975 8.66336 18.7763 11.2221 16.7258C11.2959 16.6669 11.3558 16.5925 11.3976 16.5078C11.4393 16.4232 11.4619 16.3303 11.4636 16.2359C11.4653 16.1415 11.4461 16.0479 11.4075 15.9618C11.3688 15.8756 11.3117 15.7991 11.24 15.7376C8.18801 13.119 5.12751 10.5104 2.05856 7.91169C1.96497 7.83219 1.85056 7.78117 1.72888 7.76467C1.60719 7.74818 1.48333 7.7669 1.37195 7.81861C1.26057 7.87033 1.16635 7.95288 1.10043 8.05648C1.03451 8.16009 0.999658 8.28041 1 8.40321V23.081C0.999913 23.1992 1.03247 23.3152 1.09407 23.4162C1.15568 23.5171 1.24396 23.5991 1.34918 23.6531C1.4544 23.7071 1.57248 23.731 1.69041 23.7222C1.80835 23.7134 1.92157 23.6722 2.0176 23.6032V23.6019Z\" fill=\"white\"\/>\n<path d=\"M31.0595 25.3504C28.369 23.4253 23.4128 19.8375 20.4547 17.4362C20.3373 17.3409 20.1901 17.2899 20.039 17.2923C19.8878 17.2946 19.7422 17.3501 19.6278 17.449C19.0467 17.9571 18.5616 18.3834 18.216 18.6931C17.1587 19.648 15.6893 19.648 14.6294 18.6931C14.1632 18.2749 13.6934 17.8606 13.2202 17.4503C13.1063 17.3505 12.9607 17.2943 12.8093 17.2917C12.6579 17.2891 12.5105 17.3403 12.3933 17.4362C9.44417 19.8298 4.48161 23.4214 1.78849 25.3504C1.71455 25.4038 1.65275 25.4722 1.60718 25.5511C1.56161 25.6301 1.53329 25.7178 1.5241 25.8085C1.51491 25.8993 1.52505 25.9909 1.55385 26.0774C1.58266 26.1639 1.62947 26.2433 1.69121 26.3104C2.17761 26.8352 2.86369 27.1347 3.57025 27.1347H29.2765C29.9843 27.1347 30.6691 26.8339 31.1568 26.3104C31.2187 26.2434 31.2657 26.164 31.2946 26.0775C31.3236 25.9909 31.3338 25.8993 31.3246 25.8085C31.3154 25.7177 31.287 25.6299 31.2413 25.551C31.1956 25.472 31.1336 25.4036 31.0595 25.3504Z\" fill=\"white\"\/>\n<\/svg>\n\n                <a\n    href=\"mailto:info@igenium.ch\"\n>\n        info@igenium.ch\n<\/a>\n            <\/li>\n                    <li class=\"contact-info__contact\">\n                <svg xmlns=\"http:\/\/www.w3.org\/2000\/svg\" width=\"32\" height=\"32\" viewBox=\"0 0 32 32\" fill=\"none\" class=\"picto\">\n<path d=\"M16.2955 17.4193C14.7495 17.4178 13.2673 16.8031 12.174 15.71C11.0807 14.6169 10.4657 13.1347 10.464 11.5887C10.4657 10.0427 11.0807 8.56055 12.174 7.46745C13.2673 6.37435 14.7495 5.75961 16.2955 5.75812C17.8414 5.75986 19.3234 6.37471 20.4165 7.46778C21.5095 8.56085 22.1244 10.0429 22.1261 11.5887C22.1244 13.1345 21.5095 14.6166 20.4165 15.7096C19.3234 16.8027 17.8414 17.4176 16.2955 17.4193V17.4193ZM4.70589 11.5887C4.70589 19.5191 15.0777 31.1614 15.5191 31.6527C15.9332 32.1148 16.6579 32.1139 17.072 31.6527C17.5134 31.1614 27.8842 19.5191 27.8842 11.5887C27.8842 5.19812 22.6852 0 16.2955 0C9.90495 0 4.70589 5.19812 4.70589 11.5887Z\" fill=\"white\"\/>\n<\/svg>\n\n                <a\n    href=\"https:\/\/www.google.com\/maps\/place\/5+All.+d'Helsinki,+67300+Schiltigheim\/data=!4m2!3m1!1s0x4796b7fc46bea025:0x62261978e6015bb1?sa=X&#038;ved=2ahUKEwiztfWp8ub6AhUtxYUKHam9BVoQ8gF6BAgMEAE\" target=\"1\" rel=\"noreferrer noopener\"\n>\n        Map\n<\/a>\n            <\/li>\n                <\/ul>\n            <\/div>\n<\/div>\n\n\n<\/div>\n\n<\/div>\n<\/section>\n\n\n\n\n\n\n\n<section class=\"section--color-default section--align-wide-content section--padding-medium section\" id=\"\" style=\"\">\n    <div class=\"grid-container\">\n\n<div class=\"wp-block-contact-form-7-contact-form-selector\">\n<div class=\"wpcf7 no-js\" id=\"wpcf7-f1010-o1\" lang=\"fr-FR\" dir=\"ltr\" data-wpcf7-id=\"1010\">\n<div class=\"screen-reader-response\"><p role=\"status\" aria-live=\"polite\" aria-atomic=\"true\"><\/p> <ul><\/ul><\/div>\n<form action=\"\/fr\/wp-json\/wp\/v2\/pages\/980#wpcf7-f1010-o1\" method=\"post\" class=\"wpcf7-form init\" aria-label=\"Formulaire de contact\" enctype=\"multipart\/form-data\" novalidate=\"novalidate\" data-status=\"init\">\n<fieldset class=\"hidden-fields-container\"><input type=\"hidden\" name=\"_wpcf7\" value=\"1010\" \/><input type=\"hidden\" name=\"_wpcf7_version\" value=\"6.1.1\" \/><input type=\"hidden\" name=\"_wpcf7_locale\" value=\"fr_FR\" \/><input type=\"hidden\" name=\"_wpcf7_unit_tag\" value=\"wpcf7-f1010-o1\" \/><input type=\"hidden\" name=\"_wpcf7_container_post\" value=\"0\" \/><input type=\"hidden\" name=\"_wpcf7_posted_data_hash\" value=\"\" \/><input type=\"hidden\" name=\"_wpcf7_recaptcha_response\" value=\"\" \/>\n<\/fieldset>\n<p class=\"c-secondary\">* Champs obligatoire\n<\/p>\n<div class=\"grid-x grid-margin-x grid-padding-y\">\n\t<div class=\"cell medium-6 small-12\">\n\t\t<p><label> Nom pr\u00e9nom <span class=\"required\">*<\/span><br \/>\n<span class=\"wpcf7-form-control-wrap\" data-name=\"your-name\"><input size=\"40\" maxlength=\"400\" class=\"wpcf7-form-control wpcf7-text wpcf7-validates-as-required\" aria-required=\"true\" aria-invalid=\"false\" value=\"\" type=\"text\" name=\"your-name\" \/><\/span> <\/label>\n\t\t<\/p>\n\t<\/div>\n\t<div class=\"cell medium-6 small-12\">\n\t\t<p><label> Poste<br \/>\n<span class=\"wpcf7-form-control-wrap\" data-name=\"your-job\"><input size=\"40\" maxlength=\"400\" class=\"wpcf7-form-control wpcf7-text\" aria-invalid=\"false\" value=\"\" type=\"text\" name=\"your-job\" \/><\/span> <\/label>\n\t\t<\/p>\n\t<\/div>\n\t<div class=\"cell medium-6 small-12\">\n\t\t<p><label> Entreprise<br \/>\n<span class=\"wpcf7-form-control-wrap\" data-name=\"your-company\"><input size=\"40\" maxlength=\"400\" class=\"wpcf7-form-control wpcf7-text\" aria-invalid=\"false\" value=\"\" type=\"text\" name=\"your-company\" \/><\/span> <\/label>\n\t\t<\/p>\n\t<\/div>\n\t<div class=\"cell medium-6 small-12\">\n\t\t<p><label> T\u00e9l\u00e9phone<br \/>\n<span class=\"wpcf7-form-control-wrap\" data-name=\"your-tel\"><input size=\"40\" maxlength=\"400\" class=\"wpcf7-form-control wpcf7-tel wpcf7-text wpcf7-validates-as-tel\" aria-invalid=\"false\" value=\"\" type=\"tel\" name=\"your-tel\" \/><\/span> <\/label>\n\t\t<\/p>\n\t<\/div>\n\t<div class=\"cell medium-6 small-12\">\n\t\t<p><label> E-mail <span class=\"required\">*<\/span><br \/>\n<span class=\"wpcf7-form-control-wrap\" data-name=\"your-email\"><input size=\"40\" maxlength=\"400\" class=\"wpcf7-form-control wpcf7-email wpcf7-validates-as-required wpcf7-text wpcf7-validates-as-email\" aria-required=\"true\" aria-invalid=\"false\" value=\"\" type=\"email\" name=\"your-email\" \/><\/span> <\/label>\n\t\t<\/p>\n\t<\/div>\n\t<div class=\"cell small-12\">\n\t\t<p><label> Message <span class=\"required\">*<\/span><br \/>\n<span class=\"wpcf7-form-control-wrap\" data-name=\"your-message\"><textarea cols=\"40\" rows=\"10\" maxlength=\"2000\" class=\"wpcf7-form-control wpcf7-textarea wpcf7-validates-as-required\" aria-required=\"true\" aria-invalid=\"false\" name=\"your-message\"><\/textarea><\/span> <\/label>\n\t\t<\/p>\n\t<\/div>\n\t<div class=\"cell small-12\">\n\t\t<p><label> Pi\u00e8ce jointe (Max 2Mo)<br \/>\n<span class=\"wpcf7-form-control-wrap\" data-name=\"your-file\"><input size=\"40\" class=\"wpcf7-form-control wpcf7-file\" accept=\"audio\/*,video\/*,image\/*\" aria-invalid=\"false\" type=\"file\" name=\"your-file\" \/><\/span> <\/label>\n\t\t<\/p>\n\t<\/div>\n<\/div>\n<p><span class=\"wpcf7-form-control-wrap\" data-name=\"acceptance\"><span class=\"wpcf7-form-control wpcf7-acceptance\"><span class=\"wpcf7-list-item\"><label><input type=\"checkbox\" name=\"acceptance\" value=\"1\" aria-invalid=\"false\" \/><span class=\"wpcf7-list-item-label\">En soumettant ce formulaire <a href=\"https:\/\/www.igenium.ch\/fr\/politique-de-confidentialite\/\">j'accepte la politique de confidentialit\u00e9<\/a> *<\/span><\/label><\/span><\/span><\/span><br \/>\n<input class=\"wpcf7-form-control wpcf7-submit has-spinner button primary hollow\" type=\"submit\" value=\"Envoyer\" \/>\n<\/p><div class=\"wpcf7-response-output\" aria-hidden=\"true\"><\/div>\n<\/form>\n<\/div>\n<\/div>\n\n<\/div>\n<\/section>\n","protected":false},"excerpt":{"rendered":"<p>Vous avez besoin de conseils sur un projet ? Vous avez peut-\u00eatre une question sp\u00e9cifique ?<br \/>\nOu n\u00e9cessitez des renseignements ? Nous serions ravis de vous r\u00e9pondre.\u00a0<\/p>\n","protected":false},"author":1,"featured_media":0,"parent":0,"menu_order":0,"comment_status":"closed","ping_status":"closed","template":"","meta":{"_acf_changed":false,"inline_featured_image":false,"footnotes":""},"class_list":["post-980","page","type-page","status-publish","hentry"],"acf":[],"yoast_head":"<!-- This site is optimized with the Yoast SEO plugin v25.7 - https:\/\/yoast.com\/wordpress\/plugins\/seo\/ -->\n<title>Contacter Igenium, ing\u00e9nieur consultant industriel (France\/Suisse)<\/title>\n<meta name=\"description\" content=\"Vous avez besoin de conseils sur un projet ? Vous avez peut-\u00eatre une question sp\u00e9cifique ? Ou n\u00e9cessitez des renseignements ? Nous serions ravis de vous r\u00e9pondre.\u00a0\" \/>\n<meta name=\"robots\" content=\"index, follow, max-snippet:-1, max-image-preview:large, max-video-preview:-1\" \/>\n<link rel=\"canonical\" href=\"https:\/\/www.igenium.ch\/fr\/contact\/\" \/>\n<meta property=\"og:locale\" content=\"fr_FR\" \/>\n<meta property=\"og:type\" content=\"article\" \/>\n<meta property=\"og:title\" content=\"Contacter Igenium, ing\u00e9nieur consultant industriel (France\/Suisse)\" \/>\n<meta property=\"og:description\" content=\"Vous avez besoin de conseils sur un projet ? Vous avez peut-\u00eatre une question sp\u00e9cifique ? Ou n\u00e9cessitez des renseignements ? Nous serions ravis de vous r\u00e9pondre.\u00a0\" \/>\n<meta property=\"og:url\" content=\"https:\/\/www.igenium.ch\/fr\/contact\/\" \/>\n<meta property=\"og:site_name\" content=\"Igenium\" \/>\n<meta property=\"article:modified_time\" content=\"2025-10-01T14:40:40+00:00\" \/>\n<meta name=\"twitter:card\" content=\"summary_large_image\" \/>\n<meta name=\"twitter:label1\" content=\"Dur\u00e9e de lecture estim\u00e9e\" \/>\n\t<meta name=\"twitter:data1\" content=\"1 minute\" \/>\n<script type=\"application\/ld+json\" class=\"yoast-schema-graph\">{\"@context\":\"https:\/\/schema.org\",\"@graph\":[{\"@type\":\"WebPage\",\"@id\":\"https:\/\/www.igenium.ch\/fr\/contact\/\",\"url\":\"https:\/\/www.igenium.ch\/fr\/contact\/\",\"name\":\"Contacter Igenium, ing\u00e9nieur consultant industriel (France\/Suisse)\",\"isPartOf\":{\"@id\":\"https:\/\/www.igenium.ch\/fr\/#website\"},\"datePublished\":\"2022-06-27T08:12:30+00:00\",\"dateModified\":\"2025-10-01T14:40:40+00:00\",\"description\":\"Vous avez besoin de conseils sur un projet ? Vous avez peut-\u00eatre une question sp\u00e9cifique ? Ou n\u00e9cessitez des renseignements ? Nous serions ravis de vous r\u00e9pondre.\u00a0\",\"breadcrumb\":{\"@id\":\"https:\/\/www.igenium.ch\/fr\/contact\/#breadcrumb\"},\"inLanguage\":\"fr-FR\",\"potentialAction\":[{\"@type\":\"ReadAction\",\"target\":[\"https:\/\/www.igenium.ch\/fr\/contact\/\"]}]},{\"@type\":\"BreadcrumbList\",\"@id\":\"https:\/\/www.igenium.ch\/fr\/contact\/#breadcrumb\",\"itemListElement\":[{\"@type\":\"ListItem\",\"position\":1,\"name\":\"Home\",\"item\":\"https:\/\/www.igenium.ch\/fr\/\"},{\"@type\":\"ListItem\",\"position\":2,\"name\":\"Contact\"}]},{\"@type\":\"WebSite\",\"@id\":\"https:\/\/www.igenium.ch\/fr\/#website\",\"url\":\"https:\/\/www.igenium.ch\/fr\/\",\"name\":\"Igenium\",\"description\":\"\",\"publisher\":{\"@id\":\"https:\/\/www.igenium.ch\/fr\/#organization\"},\"potentialAction\":[{\"@type\":\"SearchAction\",\"target\":{\"@type\":\"EntryPoint\",\"urlTemplate\":\"https:\/\/www.igenium.ch\/fr\/?s={search_term_string}\"},\"query-input\":{\"@type\":\"PropertyValueSpecification\",\"valueRequired\":true,\"valueName\":\"search_term_string\"}}],\"inLanguage\":\"fr-FR\"},{\"@type\":\"Organization\",\"@id\":\"https:\/\/www.igenium.ch\/fr\/#organization\",\"name\":\"Igenium - IFPC\",\"url\":\"https:\/\/www.igenium.ch\/fr\/\",\"logo\":{\"@type\":\"ImageObject\",\"inLanguage\":\"fr-FR\",\"@id\":\"https:\/\/www.igenium.ch\/fr\/#\/schema\/logo\/image\/\",\"url\":\"https:\/\/www.igenium.ch\/app\/uploads\/2022\/06\/logo.svg\",\"contentUrl\":\"https:\/\/www.igenium.ch\/app\/uploads\/2022\/06\/logo.svg\",\"width\":167,\"height\":130,\"caption\":\"Igenium - IFPC\"},\"image\":{\"@id\":\"https:\/\/www.igenium.ch\/fr\/#\/schema\/logo\/image\/\"}}]}<\/script>\n<!-- \/ Yoast SEO plugin. -->","yoast_head_json":{"title":"Contacter Igenium, ing\u00e9nieur consultant industriel (France\/Suisse)","description":"Vous avez besoin de conseils sur un projet ? Vous avez peut-\u00eatre une question sp\u00e9cifique ? Ou n\u00e9cessitez des renseignements ? Nous serions ravis de vous r\u00e9pondre.\u00a0","robots":{"index":"index","follow":"follow","max-snippet":"max-snippet:-1","max-image-preview":"max-image-preview:large","max-video-preview":"max-video-preview:-1"},"canonical":"https:\/\/www.igenium.ch\/fr\/contact\/","og_locale":"fr_FR","og_type":"article","og_title":"Contacter Igenium, ing\u00e9nieur consultant industriel (France\/Suisse)","og_description":"Vous avez besoin de conseils sur un projet ? Vous avez peut-\u00eatre une question sp\u00e9cifique ? Ou n\u00e9cessitez des renseignements ? Nous serions ravis de vous r\u00e9pondre.\u00a0","og_url":"https:\/\/www.igenium.ch\/fr\/contact\/","og_site_name":"Igenium","article_modified_time":"2025-10-01T14:40:40+00:00","twitter_card":"summary_large_image","twitter_misc":{"Dur\u00e9e de lecture estim\u00e9e":"1 minute"},"schema":{"@context":"https:\/\/schema.org","@graph":[{"@type":"WebPage","@id":"https:\/\/www.igenium.ch\/fr\/contact\/","url":"https:\/\/www.igenium.ch\/fr\/contact\/","name":"Contacter Igenium, ing\u00e9nieur consultant industriel (France\/Suisse)","isPartOf":{"@id":"https:\/\/www.igenium.ch\/fr\/#website"},"datePublished":"2022-06-27T08:12:30+00:00","dateModified":"2025-10-01T14:40:40+00:00","description":"Vous avez besoin de conseils sur un projet ? Vous avez peut-\u00eatre une question sp\u00e9cifique ? Ou n\u00e9cessitez des renseignements ? Nous serions ravis de vous r\u00e9pondre.\u00a0","breadcrumb":{"@id":"https:\/\/www.igenium.ch\/fr\/contact\/#breadcrumb"},"inLanguage":"fr-FR","potentialAction":[{"@type":"ReadAction","target":["https:\/\/www.igenium.ch\/fr\/contact\/"]}]},{"@type":"BreadcrumbList","@id":"https:\/\/www.igenium.ch\/fr\/contact\/#breadcrumb","itemListElement":[{"@type":"ListItem","position":1,"name":"Home","item":"https:\/\/www.igenium.ch\/fr\/"},{"@type":"ListItem","position":2,"name":"Contact"}]},{"@type":"WebSite","@id":"https:\/\/www.igenium.ch\/fr\/#website","url":"https:\/\/www.igenium.ch\/fr\/","name":"Igenium","description":"","publisher":{"@id":"https:\/\/www.igenium.ch\/fr\/#organization"},"potentialAction":[{"@type":"SearchAction","target":{"@type":"EntryPoint","urlTemplate":"https:\/\/www.igenium.ch\/fr\/?s={search_term_string}"},"query-input":{"@type":"PropertyValueSpecification","valueRequired":true,"valueName":"search_term_string"}}],"inLanguage":"fr-FR"},{"@type":"Organization","@id":"https:\/\/www.igenium.ch\/fr\/#organization","name":"Igenium - IFPC","url":"https:\/\/www.igenium.ch\/fr\/","logo":{"@type":"ImageObject","inLanguage":"fr-FR","@id":"https:\/\/www.igenium.ch\/fr\/#\/schema\/logo\/image\/","url":"https:\/\/www.igenium.ch\/app\/uploads\/2022\/06\/logo.svg","contentUrl":"https:\/\/www.igenium.ch\/app\/uploads\/2022\/06\/logo.svg","width":167,"height":130,"caption":"Igenium - IFPC"},"image":{"@id":"https:\/\/www.igenium.ch\/fr\/#\/schema\/logo\/image\/"}}]}},"_links":{"self":[{"href":"https:\/\/www.igenium.ch\/fr\/wp-json\/wp\/v2\/pages\/980","targetHints":{"allow":["GET"]}}],"collection":[{"href":"https:\/\/www.igenium.ch\/fr\/wp-json\/wp\/v2\/pages"}],"about":[{"href":"https:\/\/www.igenium.ch\/fr\/wp-json\/wp\/v2\/types\/page"}],"author":[{"embeddable":true,"href":"https:\/\/www.igenium.ch\/fr\/wp-json\/wp\/v2\/users\/1"}],"replies":[{"embeddable":true,"href":"https:\/\/www.igenium.ch\/fr\/wp-json\/wp\/v2\/comments?post=980"}],"version-history":[{"count":19,"href":"https:\/\/www.igenium.ch\/fr\/wp-json\/wp\/v2\/pages\/980\/revisions"}],"predecessor-version":[{"id":6582,"href":"https:\/\/www.igenium.ch\/fr\/wp-json\/wp\/v2\/pages\/980\/revisions\/6582"}],"wp:attachment":[{"href":"https:\/\/www.igenium.ch\/fr\/wp-json\/wp\/v2\/media?parent=980"}],"curies":[{"name":"wp","href":"https:\/\/api.w.org\/{rel}","templated":true}]}}