{"id":985,"date":"2022-06-27T08:42:16","date_gmt":"2022-06-27T08:42:16","guid":{"rendered":"https:\/\/www.igenium.ch\/sitemap\/"},"modified":"2024-06-24T14:40:52","modified_gmt":"2024-06-24T14:40:52","slug":"sitemap","status":"publish","type":"page","link":"https:\/\/www.igenium.ch\/fr\/sitemap\/","title":{"rendered":"Plan du site"},"content":{"rendered":"\n\n\n\n\n<section class=\"section--color-default section--align-wide-content section--padding-medium section\" id=\"\" style=\"\">\n    <div class=\"grid-container\">\n\n<h1 class=\"wp-block-heading\">Plan du site<\/h1>\n\n\n<div class=\"wsp-container\"><h2 class=\"wsp-pages-title\">Pages<\/h2>\n<ul class=\"wsp-pages-list\">\n<li class=\"page_item page-item-979\"><a href=\"https:\/\/www.igenium.ch\/fr\/a-propros\/\">\u00c0 propos<\/a><\/li>\n<li class=\"page_item page-item-972\"><a href=\"https:\/\/www.igenium.ch\/fr\/\">Accueil<\/a><\/li>\n<li class=\"page_item page-item-981 current_page_parent\"><a href=\"https:\/\/www.igenium.ch\/fr\/actualites\/\">Actualit\u00e9s<\/a><\/li>\n<li class=\"page_item page-item-2733\"><a href=\"https:\/\/www.igenium.ch\/fr\/audit-industriel\/\">Audit industriel<\/a><\/li>\n<li class=\"page_item page-item-2805\"><a href=\"https:\/\/www.igenium.ch\/fr\/bim-modelisation\/\">Bim<\/a><\/li>\n<li class=\"page_item page-item-2759\"><a href=\"https:\/\/www.igenium.ch\/fr\/construction-usine\/\">Construction usine<\/a><\/li>\n<li class=\"page_item page-item-980\"><a href=\"https:\/\/www.igenium.ch\/fr\/contact\/\">Contact<\/a><\/li>\n<li class=\"page_item page-item-6202\"><a href=\"https:\/\/www.igenium.ch\/fr\/factorywise-donnez-vie-aux-donnees-de-votre-usine\/\">FactoryWise \u2013 Donnez vie aux donn\u00e9es de votre usine<\/a><\/li>\n<li class=\"page_item page-item-2764\"><a href=\"https:\/\/www.igenium.ch\/fr\/gestion-de-projet-d-usine\/\">Gestion de projet<\/a><\/li>\n<li class=\"page_item page-item-2736\"><a href=\"https:\/\/www.igenium.ch\/fr\/industrie-4-0\/\">Industrie 4.0<\/a><\/li>\n<li class=\"page_item page-item-2984\"><a href=\"https:\/\/www.igenium.ch\/fr\/industrie-5-0\/\">Industrie 5.0<\/a><\/li>\n<li class=\"page_item page-item-2762\"><a href=\"https:\/\/www.igenium.ch\/fr\/maitrise-douvrage-batiment-industriel\/\">Ma\u00eetrise d\u2019ouvrage<\/a><\/li>\n<li class=\"page_item page-item-987\"><a href=\"https:\/\/www.igenium.ch\/fr\/mentions-legales\/\">MENTIONS LEGALES<\/a><\/li>\n<li class=\"page_item page-item-3001\"><a href=\"https:\/\/www.igenium.ch\/fr\/modernisation-des-equipements\/\">Modernisation des \u00e9quipements<\/a><\/li>\n<li class=\"page_item page-item-982\"><a href=\"https:\/\/www.igenium.ch\/fr\/nos-expertises\/\">Nos expertises<\/a><\/li>\n<li class=\"page_item page-item-1538\"><a href=\"https:\/\/www.igenium.ch\/fr\/nouvelle-identite-igenium\/\">Nouvelle identit\u00e9 IGENIUM<\/a><\/li>\n<li class=\"page_item page-item-2998\"><a href=\"https:\/\/www.igenium.ch\/fr\/optimisation-de-la-production\/\">Optimisation de la production<\/a><\/li>\n<li class=\"page_item page-item-985\"><a href=\"https:\/\/www.igenium.ch\/fr\/sitemap\/\">Plan du site<\/a><\/li>\n<li class=\"page_item page-item-983\"><a href=\"https:\/\/www.igenium.ch\/fr\/politique-de-confidentialite\/\">Politique de confidentialit\u00e9<\/a><\/li>\n<li class=\"page_item page-item-3007\"><a href=\"https:\/\/www.igenium.ch\/fr\/retrofit-industriel\/\">Retrofit industriel<\/a><\/li>\n<li class=\"page_item page-item-3004\"><a href=\"https:\/\/www.igenium.ch\/fr\/revamping-industriel\/\">Revamping industriel<\/a><\/li>\n<\/ul>\n<h2 class=\"wsp-posts-title\">Articles par cat\u00e9gorie<\/h2>\n<ul class=\"wsp-posts-list\">\n\t<li><strong class=\"wsp-category-title\">Cat\u00e9gorie\u00a0: <a href=\"https:\/\/www.igenium.ch\/fr\/category\/actualites\/\">Actualit\u00e9s<\/a><\/strong>\n<ul class=\"wsp-posts-list\">\t\t<li class=\"wsp-post\"><a href=\"https:\/\/www.igenium.ch\/fr\/vrac-tech-2025\/\">Vrac Tech 2025<\/a><\/li>\n\t\t<li class=\"wsp-post\"><a href=\"https:\/\/www.igenium.ch\/fr\/de-limage-a-laction\/\">De l&rsquo;image \u00e0 l&rsquo;action<\/a><\/li>\n\t\t<li class=\"wsp-post\"><a href=\"https:\/\/www.igenium.ch\/fr\/salon-vrac-tech\/\">Salon Vrac Tech<\/a><\/li>\n\t\t<li class=\"wsp-post\"><a href=\"https:\/\/www.igenium.ch\/fr\/bienvenue-dans-la-nouvelle-ere-digenium\/\">Bienvenue dans la nouvelle \u00e8re d\u2019Igenium<\/a><\/li>\n<\/ul><\/li>\n\t<li><strong class=\"wsp-category-title\">Cat\u00e9gorie\u00a0: <a href=\"https:\/\/www.igenium.ch\/fr\/category\/perspectives\/\">Perspectives<\/a><\/strong>\n<ul class=\"wsp-posts-list\">\t\t<li class=\"wsp-post\"><a href=\"https:\/\/www.igenium.ch\/fr\/processus-dextrusion-les-grandes-proprietes-des-proteines-fibreuses\/\">PROCESSUS D&rsquo;EXTRUSION : LES GRANDES PROPRI\u00c9T\u00c9S DES PROT\u00c9INES FIBREUSES<\/a><\/li>\n\t\t<li class=\"wsp-post\"><a href=\"https:\/\/www.igenium.ch\/fr\/gain-in-line-efficiency-optimize-your-premix-stations\/\">Gagnez en efficience de ligne\u202f: optimisez vos stations de Premix\u00ae\u202f!\u00a0<\/a><\/li>\n<\/ul><\/li>\n<\/ul>\n<h2 class=\"wsp-references-title\">References<\/h2>\n<ul class=\"wsp-references-list\">\n<li><a href=\"https:\/\/www.igenium.ch\/fr\/reference\/scan-3d-lincontournable-pour-une-renovation-industrielle-performante-et-maitrisee\/\">Scan 3D, l\u2019incontournable pour une r\u00e9novation industrielle performante et ma\u00eetris\u00e9e.<\/a><\/li>\n<li><a href=\"https:\/\/www.igenium.ch\/fr\/reference\/et-si-le-bim-devenait-un-allie-crucial-dans-la-securisation-des-chantiers-industriels\/\">Et si le BIM devenait un alli\u00e9 crucial dans la s\u00e9curisation des chantiers industriels ?<\/a><\/li>\n<li><a href=\"https:\/\/www.igenium.ch\/fr\/reference\/nespresso-suisse\/\">NESPRESSO SUISSE<\/a><\/li>\n<li><a href=\"https:\/\/www.igenium.ch\/fr\/reference\/sabarot\/\">SABAROT<\/a><\/li>\n<li><a href=\"https:\/\/www.igenium.ch\/fr\/reference\/nescafe\/\">Nestl\u00e9 \/ Nescaf\u00e9<\/a><\/li>\n<li><a href=\"https:\/\/www.igenium.ch\/fr\/reference\/detection-de-liot-sans-fil\/\">D\u00c9TECTION DE L'IOT SANS FIL<\/a><\/li>\n<li><a href=\"https:\/\/www.igenium.ch\/fr\/reference\/capteurs-de-niveau-radar-sans-fil-dans-lusine-seveso-iot-4-0\/\">CAPTEURS DE NIVEAU RADAR SANS FIL DANS L'USINE SEVESO - IOT 4.0<\/a><\/li>\n<li><a href=\"https:\/\/www.igenium.ch\/fr\/reference\/unite-de-traitement-des-liquides-pour-une-usine-de-pate-a-pizza\/\">UNIT\u00c9 DE TRAITEMENT DES LIQUIDES POUR UNE USINE DE P\u00c2TE \u00c0 PIZZA\u202f\u00a0<\/a><\/li>\n<li><a href=\"https:\/\/www.igenium.ch\/fr\/reference\/unite-de-temperage-et-de-dosage-de-pate\/\">UNIT\u00c9 DE TEMP\u00c9RAGE ET DE DOSAGE DE P\u00c2TE\u202f<\/a><\/li>\n<li><a href=\"https:\/\/www.igenium.ch\/fr\/reference\/usine-de-preparation-de-moutarde-2\/\">USINE DE PR\u00c9PARATION DE MOUTARDE\u00a0<\/a><\/li>\n<li><a href=\"https:\/\/www.igenium.ch\/fr\/reference\/usine-de-conditionnement-de-legumineuses\/\">USINE DE CONDITIONNEMENT DE L\u00c9GUMINEUSES\u00a0<\/a><\/li>\n<li><a href=\"https:\/\/www.igenium.ch\/fr\/reference\/cobotic-industry-5-0\/\">COBOTIQUE - INDUSTRIE 5.0<\/a><\/li>\n<li><a href=\"https:\/\/www.igenium.ch\/fr\/reference\/usine-de-mayonnaise\/\">USINE DE MAYONNAISE<\/a><\/li>\n<li><a href=\"https:\/\/www.igenium.ch\/fr\/reference\/processus-dextrusion-manutention-et-preparation-des-materiaux\/\">PROCESSUS D'EXTRUSION, MANUTENTION ET PR\u00c9PARATION DES MAT\u00c9RIAUX\u00a0<\/a><\/li>\n<li><a href=\"https:\/\/www.igenium.ch\/fr\/reference\/usine-de-preparation-de-moutarde\/\">USINE DE PR\u00c9PARATION DE MOUTARDE\u00a0<\/a><\/li>\n<li><a href=\"https:\/\/www.igenium.ch\/fr\/reference\/composes-de-chocolat\/\">COMPOS\u00c9S DE CHOCOLAT<\/a><\/li>\n<li><a href=\"https:\/\/www.igenium.ch\/fr\/reference\/packing-palletizing-solution-with-agvs\/\">Packing &amp; palletizing solution with AGVs<\/a><\/li>\n<li><a href=\"https:\/\/www.igenium.ch\/fr\/reference\/usine-de-premelange-entierement-automatisee\/\">USINE DE PR\u00c9M\u00c9LANGE ENTI\u00c8REMENT AUTOMATIS\u00c9E\u00a0<\/a><\/li>\n<\/ul>\n<h2 class=\"wsp-reference-categorys-title\">Cat\u00e9gories<\/h2>\n<ul class=\"wsp-reference-categorys-list\">\n<li><a href=\"https:\/\/www.igenium.ch\/fr\/reference-category\/conseil-et-ingenierie\/\">Conseil et ing\u00e9nierie<\/a><\/li>\n<li><a href=\"https:\/\/www.igenium.ch\/fr\/reference-category\/iot-industrie-4-0\/\">IoT &amp; Industrie 4.0<\/a><\/li>\n<li><a href=\"https:\/\/www.igenium.ch\/fr\/reference-category\/projets-cles-en-main\/\">Projets cl\u00e9s en main<\/a><\/li>\n<\/ul>\n<\/div>\n\n<\/div>\n<\/section>\n","protected":false},"excerpt":{"rendered":"<p>Plan du site<\/p>\n","protected":false},"author":1,"featured_media":0,"parent":0,"menu_order":0,"comment_status":"closed","ping_status":"closed","template":"","meta":{"_acf_changed":false,"inline_featured_image":false,"footnotes":""},"class_list":["post-985","page","type-page","status-publish","hentry"],"acf":[],"yoast_head":"<!-- This site is optimized with the Yoast SEO plugin v25.7 - https:\/\/yoast.com\/wordpress\/plugins\/seo\/ -->\n<title>Plan du site - Igenium<\/title>\n<meta name=\"description\" content=\"Plan du site\" \/>\n<meta name=\"robots\" content=\"index, follow, max-snippet:-1, max-image-preview:large, max-video-preview:-1\" \/>\n<link rel=\"canonical\" href=\"https:\/\/www.igenium.ch\/fr\/sitemap\/\" \/>\n<meta property=\"og:locale\" content=\"fr_FR\" \/>\n<meta property=\"og:type\" content=\"article\" \/>\n<meta property=\"og:title\" content=\"Plan du site - Igenium\" \/>\n<meta property=\"og:description\" content=\"Plan du site\" \/>\n<meta property=\"og:url\" content=\"https:\/\/www.igenium.ch\/fr\/sitemap\/\" \/>\n<meta property=\"og:site_name\" content=\"Igenium\" \/>\n<meta property=\"article:modified_time\" content=\"2024-06-24T14:40:52+00:00\" \/>\n<meta name=\"twitter:card\" content=\"summary_large_image\" \/>\n<meta name=\"twitter:label1\" content=\"Dur\u00e9e de lecture estim\u00e9e\" \/>\n\t<meta name=\"twitter:data1\" content=\"1 minute\" \/>\n<script type=\"application\/ld+json\" class=\"yoast-schema-graph\">{\"@context\":\"https:\/\/schema.org\",\"@graph\":[{\"@type\":\"WebPage\",\"@id\":\"https:\/\/www.igenium.ch\/fr\/sitemap\/\",\"url\":\"https:\/\/www.igenium.ch\/fr\/sitemap\/\",\"name\":\"Plan du site - Igenium\",\"isPartOf\":{\"@id\":\"https:\/\/www.igenium.ch\/fr\/#website\"},\"datePublished\":\"2022-06-27T08:42:16+00:00\",\"dateModified\":\"2024-06-24T14:40:52+00:00\",\"description\":\"Plan du site\",\"breadcrumb\":{\"@id\":\"https:\/\/www.igenium.ch\/fr\/sitemap\/#breadcrumb\"},\"inLanguage\":\"fr-FR\",\"potentialAction\":[{\"@type\":\"ReadAction\",\"target\":[\"https:\/\/www.igenium.ch\/fr\/sitemap\/\"]}]},{\"@type\":\"BreadcrumbList\",\"@id\":\"https:\/\/www.igenium.ch\/fr\/sitemap\/#breadcrumb\",\"itemListElement\":[{\"@type\":\"ListItem\",\"position\":1,\"name\":\"Home\",\"item\":\"https:\/\/www.igenium.ch\/fr\/\"},{\"@type\":\"ListItem\",\"position\":2,\"name\":\"Plan du site\"}]},{\"@type\":\"WebSite\",\"@id\":\"https:\/\/www.igenium.ch\/fr\/#website\",\"url\":\"https:\/\/www.igenium.ch\/fr\/\",\"name\":\"Igenium\",\"description\":\"\",\"publisher\":{\"@id\":\"https:\/\/www.igenium.ch\/fr\/#organization\"},\"potentialAction\":[{\"@type\":\"SearchAction\",\"target\":{\"@type\":\"EntryPoint\",\"urlTemplate\":\"https:\/\/www.igenium.ch\/fr\/?s={search_term_string}\"},\"query-input\":{\"@type\":\"PropertyValueSpecification\",\"valueRequired\":true,\"valueName\":\"search_term_string\"}}],\"inLanguage\":\"fr-FR\"},{\"@type\":\"Organization\",\"@id\":\"https:\/\/www.igenium.ch\/fr\/#organization\",\"name\":\"Igenium - IFPC\",\"url\":\"https:\/\/www.igenium.ch\/fr\/\",\"logo\":{\"@type\":\"ImageObject\",\"inLanguage\":\"fr-FR\",\"@id\":\"https:\/\/www.igenium.ch\/fr\/#\/schema\/logo\/image\/\",\"url\":\"https:\/\/www.igenium.ch\/app\/uploads\/2022\/06\/logo.svg\",\"contentUrl\":\"https:\/\/www.igenium.ch\/app\/uploads\/2022\/06\/logo.svg\",\"width\":167,\"height\":130,\"caption\":\"Igenium - IFPC\"},\"image\":{\"@id\":\"https:\/\/www.igenium.ch\/fr\/#\/schema\/logo\/image\/\"}}]}<\/script>\n<!-- \/ Yoast SEO plugin. -->","yoast_head_json":{"title":"Plan du site - Igenium","description":"Plan du site","robots":{"index":"index","follow":"follow","max-snippet":"max-snippet:-1","max-image-preview":"max-image-preview:large","max-video-preview":"max-video-preview:-1"},"canonical":"https:\/\/www.igenium.ch\/fr\/sitemap\/","og_locale":"fr_FR","og_type":"article","og_title":"Plan du site - Igenium","og_description":"Plan du site","og_url":"https:\/\/www.igenium.ch\/fr\/sitemap\/","og_site_name":"Igenium","article_modified_time":"2024-06-24T14:40:52+00:00","twitter_card":"summary_large_image","twitter_misc":{"Dur\u00e9e de lecture estim\u00e9e":"1 minute"},"schema":{"@context":"https:\/\/schema.org","@graph":[{"@type":"WebPage","@id":"https:\/\/www.igenium.ch\/fr\/sitemap\/","url":"https:\/\/www.igenium.ch\/fr\/sitemap\/","name":"Plan du site - Igenium","isPartOf":{"@id":"https:\/\/www.igenium.ch\/fr\/#website"},"datePublished":"2022-06-27T08:42:16+00:00","dateModified":"2024-06-24T14:40:52+00:00","description":"Plan du site","breadcrumb":{"@id":"https:\/\/www.igenium.ch\/fr\/sitemap\/#breadcrumb"},"inLanguage":"fr-FR","potentialAction":[{"@type":"ReadAction","target":["https:\/\/www.igenium.ch\/fr\/sitemap\/"]}]},{"@type":"BreadcrumbList","@id":"https:\/\/www.igenium.ch\/fr\/sitemap\/#breadcrumb","itemListElement":[{"@type":"ListItem","position":1,"name":"Home","item":"https:\/\/www.igenium.ch\/fr\/"},{"@type":"ListItem","position":2,"name":"Plan du site"}]},{"@type":"WebSite","@id":"https:\/\/www.igenium.ch\/fr\/#website","url":"https:\/\/www.igenium.ch\/fr\/","name":"Igenium","description":"","publisher":{"@id":"https:\/\/www.igenium.ch\/fr\/#organization"},"potentialAction":[{"@type":"SearchAction","target":{"@type":"EntryPoint","urlTemplate":"https:\/\/www.igenium.ch\/fr\/?s={search_term_string}"},"query-input":{"@type":"PropertyValueSpecification","valueRequired":true,"valueName":"search_term_string"}}],"inLanguage":"fr-FR"},{"@type":"Organization","@id":"https:\/\/www.igenium.ch\/fr\/#organization","name":"Igenium - IFPC","url":"https:\/\/www.igenium.ch\/fr\/","logo":{"@type":"ImageObject","inLanguage":"fr-FR","@id":"https:\/\/www.igenium.ch\/fr\/#\/schema\/logo\/image\/","url":"https:\/\/www.igenium.ch\/app\/uploads\/2022\/06\/logo.svg","contentUrl":"https:\/\/www.igenium.ch\/app\/uploads\/2022\/06\/logo.svg","width":167,"height":130,"caption":"Igenium - IFPC"},"image":{"@id":"https:\/\/www.igenium.ch\/fr\/#\/schema\/logo\/image\/"}}]}},"_links":{"self":[{"href":"https:\/\/www.igenium.ch\/fr\/wp-json\/wp\/v2\/pages\/985","targetHints":{"allow":["GET"]}}],"collection":[{"href":"https:\/\/www.igenium.ch\/fr\/wp-json\/wp\/v2\/pages"}],"about":[{"href":"https:\/\/www.igenium.ch\/fr\/wp-json\/wp\/v2\/types\/page"}],"author":[{"embeddable":true,"href":"https:\/\/www.igenium.ch\/fr\/wp-json\/wp\/v2\/users\/1"}],"replies":[{"embeddable":true,"href":"https:\/\/www.igenium.ch\/fr\/wp-json\/wp\/v2\/comments?post=985"}],"version-history":[{"count":7,"href":"https:\/\/www.igenium.ch\/fr\/wp-json\/wp\/v2\/pages\/985\/revisions"}],"predecessor-version":[{"id":3403,"href":"https:\/\/www.igenium.ch\/fr\/wp-json\/wp\/v2\/pages\/985\/revisions\/3403"}],"wp:attachment":[{"href":"https:\/\/www.igenium.ch\/fr\/wp-json\/wp\/v2\/media?parent=985"}],"curies":[{"name":"wp","href":"https:\/\/api.w.org\/{rel}","templated":true}]}}